{"id":1569,"date":"2022-10-16T19:17:44","date_gmt":"2022-10-16T17:17:44","guid":{"rendered":"http:\/\/wyljbkj.cluster030.hosting.ovh.net\/?page_id=1569"},"modified":"2023-07-27T10:33:51","modified_gmt":"2023-07-27T08:33:51","slug":"etude-piezometrique","status":"publish","type":"page","link":"https:\/\/sainatech.be\/nl\/essais-de-sol\/services-geotechnical\/guide-penetrometre\/etude-piezometrique\/","title":{"rendered":"Etude pi\u00e9zom\u00e9trique"},"content":{"rendered":"[et_pb_section fb_built=\u00a0\u00bb1&Prime; _builder_version=\u00a0\u00bb4.17.6&Prime; _module_preset=\u00a0\u00bbdefault\u00a0\u00bb background_color=\u00a0\u00bbrgba(0,0,0,0.5)\u00a0\u00bb background_image=\u00a0\u00bbhttps:\/\/sainatech.be\/wp-content\/uploads\/2023\/07\/Capture-decran-2023-07-16-111858.jpg\u00a0\u00bb background_blend=\u00a0\u00bbmultiply\u00a0\u00bb custom_padding=\u00a0\u00bb0px||0px||true|\u00a0\u00bb global_colors_info=\u00a0\u00bb{}\u00a0\u00bb][et_pb_row _builder_version=\u00a0\u00bb4.16&Prime; _module_preset=\u00a0\u00bbdefault\u00a0\u00bb custom_padding=\u00a0\u00bb55px||55px||true|\u00a0\u00bb global_colors_info=\u00a0\u00bb{}\u00a0\u00bb][et_pb_column type=\u00a0\u00bb4_4&Prime; _builder_version=\u00a0\u00bb4.16&Prime; _module_preset=\u00a0\u00bbdefault\u00a0\u00bb pac_dcm_carousel_specific_module_num=\u00a0\u00bb0&Prime; global_colors_info=\u00a0\u00bb{}\u00a0\u00bb][et_pb_text _builder_version=\u00a0\u00bb4.17.6&Prime; _dynamic_attributes=\u00a0\u00bbcontent\u00a0\u00bb _module_preset=\u00a0\u00bbdefault\u00a0\u00bb header_font=\u00a0\u00bb|600|||||||\u00a0\u00bb header_text_align=\u00a0\u00bbcenter\u00a0\u00bb header_text_color=\u00a0\u00bb#FFFFFF\u00a0\u00bb header_2_text_color=\u00a0\u00bb#FFFFFF\u00a0\u00bb custom_margin=\u00a0\u00bb||0px||false|false\u00a0\u00bb custom_padding=\u00a0\u00bb||0px||false|false\u00a0\u00bb global_colors_info=\u00a0\u00bb{}\u00a0\u00bb]@ET-DC@eyJkeW5hbWljIjp0cnVlLCJjb250ZW50IjoicG9zdF90aXRsZSIsInNldHRpbmdzIjp7ImJlZm9yZSI6IjxoMT4iLCJhZnRlciI6IjwvaDE+In19@[\/et_pb_text][dipi_breadcrumbs bc_custom_home=\u00a0\u00bbon\u00a0\u00bb bc_home_text=\u00a0\u00bbAccueil\u00a0\u00bb bc_home_icon=\u00a0\u00bboff\u00a0\u00bb bc_items_alignment=\u00a0\u00bbdipi-bc-center\u00a0\u00bb bc_separator_icon=\u00a0\u00bb&#x35;||divi||400&Prime; bc_schema=\u00a0\u00bbon\u00a0\u00bb bc_separator_color=\u00a0\u00bb#FFFFFF\u00a0\u00bb bc_item_bg_color=\u00a0\u00bbRGBA(255,255,255,0)\u00a0\u00bb bc_active_item_color=\u00a0\u00bbRGBA(255,255,255,0)\u00a0\u00bb bc_active_item_padding=\u00a0\u00bb|10px||10px|false|false\u00a0\u00bb bc_hover_item_bg_color=\u00a0\u00bbRGBA(255,255,255,0)\u00a0\u00bb _builder_version=\u00a0\u00bb4.17.6&Prime; _module_preset=\u00a0\u00bbdefault\u00a0\u00bb items_font=\u00a0\u00bb||||||||\u00a0\u00bb items_text_color=\u00a0\u00bb#FFFFFF\u00a0\u00bb items_font_size=\u00a0\u00bb13px\u00a0\u00bb hover_font=\u00a0\u00bb||||on|||#FFFFFF|\u00a0\u00bb hover_text_color=\u00a0\u00bb#FFFFFF\u00a0\u00bb active_font=\u00a0\u00bb|600||||||#FFFFFF|\u00a0\u00bb active_text_color=\u00a0\u00bb#FFFFFF\u00a0\u00bb height=\u00a0\u00bb20px\u00a0\u00bb custom_margin=\u00a0\u00bb||||false|false\u00a0\u00bb custom_padding=\u00a0\u00bb||||false|false\u00a0\u00bb border_color_all_items=\u00a0\u00bb#FFFFFF\u00a0\u00bb global_colors_info=\u00a0\u00bb{}\u00a0\u00bb][\/dipi_breadcrumbs][\/et_pb_column][\/et_pb_row][\/et_pb_section][et_pb_section fb_built=\u00a0\u00bb1&Prime; _builder_version=\u00a0\u00bb4.17.6&Prime; _module_preset=\u00a0\u00bbdefault\u00a0\u00bb background_color=\u00a0\u00bb#FFFFFF\u00a0\u00bb custom_padding=\u00a0\u00bb70px|||||\u00a0\u00bb global_colors_info=\u00a0\u00bb{}\u00a0\u00bb][et_pb_row column_structure=\u00a0\u00bb3_5,2_5&Prime; make_equal=\u00a0\u00bbon\u00a0\u00bb _builder_version=\u00a0\u00bb4.17.6&Prime; _module_preset=\u00a0\u00bbdefault\u00a0\u00bb custom_padding=\u00a0\u00bb||32px|||\u00a0\u00bb custom_css_main_element=\u00a0\u00bbalign-items:center;\u00a0\u00bb global_colors_info=\u00a0\u00bb{}\u00a0\u00bb][et_pb_column type=\u00a0\u00bb3_5&Prime; _builder_version=\u00a0\u00bb4.17.6&Prime; _module_preset=\u00a0\u00bbdefault\u00a0\u00bb pac_dcm_carousel_specific_module_num=\u00a0\u00bb0&Prime; global_colors_info=\u00a0\u00bb{}\u00a0\u00bb][et_pb_text _builder_version=\u00a0\u00bb4.17.6&Prime; _module_preset=\u00a0\u00bbdefault\u00a0\u00bb hover_enabled=\u00a0\u00bb0&Prime; global_colors_info=\u00a0\u00bb{}\u00a0\u00bb sticky_enabled=\u00a0\u00bb0&Prime;]<h4 class=\"dlab-title m-t0\"><span>Contr\u00f4lez le niveau pi\u00e9zom\u00e9trique avec SAINATECH : Mesure et surveillance de l&rsquo;eau dans le sol pour votre projet<\/span>\u00a0<\/h4>\n<p style=\"text-align: justify;\">Le niveau \u00ab\u00a0Pi\u00e9zom\u00e9trique\u00a0\u00bb correspond au niveau de l\u2019eau dans le sol depuis la surface du terrain naturel. Lors de la conception d\u2019un projet, il y a lieu de consid\u00e9rer ce niveau pour s\u2019assurer des techniques d\u2019excavations et d\u2019\u00e9tanch\u00e9it\u00e9s pour le futur ouvrage.<\/p>\n<p style=\"text-align: justify;\">Pour surveiller ce niveau, il y a lieu de r\u00e9aliser un forage jusqu\u2019\u00e0 la profondeur de la nappe souterraine et d\u2019ins\u00e9rer un tube cr\u00e9pin\u00e9 dans la zone satur\u00e9e. Deux techniques existent\u00a0:<\/p>\n<ul style=\"text-align: justify;\">\n<li>Lecture automatique avec l\u2019insertion d\u2019un capteur qui permet la mesure en continu du niveau de l\u2019eau sans le d\u00e9placement d\u2019un op\u00e9rateur.<\/li>\n<li>Lecture manuelle o\u00f9 un op\u00e9rateur doit r\u00e9aliser la mesure via un capteur \u00e0 ruban. G\u00e9n\u00e9ralement nous r\u00e9alisons 5 mesures sur l\u2019ann\u00e9es afin de conna\u00eetre les niveaux extr\u00e9mum.<\/li>\n<\/ul>\n<p style=\"text-align: justify;\">SAINATECH propose ce service en respectant la norme X31-509 qui d\u00e9finit pr\u00e9cis\u00e9ment la m\u00e9thode et la pose du tubage.<\/p>\n<p style=\"text-align: justify;\">\u00c9galement, il est possible de tuber le trou d\u2019un essai au p\u00e9n\u00e9trom\u00e8tre pour garantir la lecture du niveau de l\u2019eau avant le d\u00e9but de la construction. Cette technique ne respecte pas la norme mais permet, \u00e0 moindre co\u00fbt de surveiller le niveau pi\u00e9zom\u00e9trique.<\/p>\n<p style=\"text-align: justify;\"><\/p>[\/et_pb_text][\/et_pb_column][et_pb_column type=\u00a0\u00bb2_5&Prime; _builder_version=\u00a0\u00bb4.17.6&Prime; _module_preset=\u00a0\u00bbdefault\u00a0\u00bb pac_dcm_carousel_specific_module_num=\u00a0\u00bb0&Prime; global_colors_info=\u00a0\u00bb{}\u00a0\u00bb][et_pb_image src=\u00a0\u00bbhttps:\/\/sainatech.be\/wp-content\/uploads\/2023\/07\/VideoCapture_20230716-110605-scaled.jpg\u00a0\u00bb title_text=\u00a0\u00bbVideoCapture_20230716-110605&Prime; align=\u00a0\u00bbcenter\u00a0\u00bb _builder_version=\u00a0\u00bb4.17.6&Prime; _module_preset=\u00a0\u00bbdefault\u00a0\u00bb width=\u00a0\u00bb100%\u00a0\u00bb max_width=\u00a0\u00bb127%\u00a0\u00bb min_height=\u00a0\u00bb420px\u00a0\u00bb height=\u00a0\u00bb329px\u00a0\u00bb filter_saturate=\u00a0\u00bb129%\u00a0\u00bb filter_brightness=\u00a0\u00bb111%\u00a0\u00bb filter_contrast=\u00a0\u00bb90%\u00a0\u00bb animation_style=\u00a0\u00bbfade\u00a0\u00bb box_shadow_style=\u00a0\u00bbpreset1&Prime; box_shadow_horizontal=\u00a0\u00bb3px\u00a0\u00bb global_colors_info=\u00a0\u00bb{}\u00a0\u00bb][\/et_pb_image][\/et_pb_column][\/et_pb_row][\/et_pb_section][et_pb_section fb_built=\u00a0\u00bb1&Prime; _builder_version=\u00a0\u00bb4.17.6&Prime; _module_preset=\u00a0\u00bbdefault\u00a0\u00bb background_color=\u00a0\u00bb#F7F9FB\u00a0\u00bb custom_padding=\u00a0\u00bb70px|||||\u00a0\u00bb global_colors_info=\u00a0\u00bb{}\u00a0\u00bb][et_pb_row column_structure=\u00a0\u00bb2_5,3_5&Prime; make_equal=\u00a0\u00bbon\u00a0\u00bb _builder_version=\u00a0\u00bb4.17.6&Prime; _module_preset=\u00a0\u00bbdefault\u00a0\u00bb custom_margin=\u00a0\u00bb|315px||auto||\u00a0\u00bb custom_padding=\u00a0\u00bb|0px||0px||\u00a0\u00bb custom_css_main_element=\u00a0\u00bbalign-items:center;\u00a0\u00bb global_colors_info=\u00a0\u00bb{}\u00a0\u00bb][et_pb_column type=\u00a0\u00bb2_5&Prime; _builder_version=\u00a0\u00bb4.17.6&Prime; _module_preset=\u00a0\u00bbdefault\u00a0\u00bb pac_dcm_carousel_specific_module_num=\u00a0\u00bb0&Prime; global_colors_info=\u00a0\u00bb{}\u00a0\u00bb][et_pb_image src=\u00a0\u00bbhttps:\/\/sainatech.be\/wp-content\/uploads\/2023\/07\/Capture-decran-2023-07-16-121648.jpg\u00a0\u00bb title_text=\u00a0\u00bbCapture d\u2019\u00e9cran 2023-07-16 121648&Prime; align=\u00a0\u00bbcenter\u00a0\u00bb force_fullwidth=\u00a0\u00bbon\u00a0\u00bb _builder_version=\u00a0\u00bb4.17.6&Prime; _module_preset=\u00a0\u00bbdefault\u00a0\u00bb min_height=\u00a0\u00bb370px\u00a0\u00bb custom_margin=\u00a0\u00bb|119px|19px|||\u00a0\u00bb filter_saturate=\u00a0\u00bb178%\u00a0\u00bb filter_brightness=\u00a0\u00bb101%\u00a0\u00bb filter_contrast=\u00a0\u00bb112%\u00a0\u00bb animation_style=\u00a0\u00bbfade\u00a0\u00bb box_shadow_style=\u00a0\u00bbpreset2&Prime; global_colors_info=\u00a0\u00bb{}\u00a0\u00bb][\/et_pb_image][\/et_pb_column][et_pb_column type=\u00a0\u00bb3_5&Prime; _builder_version=\u00a0\u00bb4.17.6&Prime; _module_preset=\u00a0\u00bbdefault\u00a0\u00bb pac_dcm_carousel_specific_module_num=\u00a0\u00bb0&Prime; global_colors_info=\u00a0\u00bb{}\u00a0\u00bb][et_pb_text _builder_version=\u00a0\u00bb4.17.6&Prime; _module_preset=\u00a0\u00bbdefault\u00a0\u00bb custom_padding=\u00a0\u00bb||0px|||\u00a0\u00bb global_colors_info=\u00a0\u00bb{}\u00a0\u00bb]<h4 style=\"text-align: justify;\">M\u00e9thodologie<\/h4>\n<p style=\"text-align: justify;\"><span style=\"text-decoration: underline;\"><strong>Etape 1<\/strong><\/span>\u00a0: R\u00e9aliser un forage descriptif (diam\u00e8tre 10 cm) afin d\u2019\u00e9valuer la nature du sol\u00a0: Type de s\u00e9diment \u2013 compacit\u00e9 \u2013 plasticit\u00e9 \u2013 humidit\u00e9 \u2013 couleur. Le forage doit atteindre la nappe d\u2019eau, au minimum, 1m dans la partie satur\u00e9e.<\/p>\n<p style=\"text-align: justify;\"><strong><span style=\"text-decoration: underline;\">Etape 2<\/span><\/strong> : Mettre en place le tube perfor\u00e9 dans la zone satur\u00e9e en eau. Le fond du trou du forage doit \u00eatre lest\u00e9 par un gravier. La p\u00e9riph\u00e9rie doit \u00eatre pourvue d\u2019un remblai perm\u00e9able pour \u00e9viter le colmatage des parois.<\/p>\n<p style=\"text-align: justify;\"><span style=\"text-decoration: underline;\"><strong>Etape 3<\/strong><\/span>\u00a0: Placer un tubage lisse jusqu\u2019\u00e0 hauteur du terrain naturel afin d\u2019\u00e9viter la remont\u00e9e du niveau de l\u2019eau. La p\u00e9riph\u00e9rie de ce tube doit \u00eatre remblay\u00e9e de bentonite pour garantir l\u2019\u00e9tanch\u00e9it\u00e9.<\/p>\n<p style=\"text-align: justify;\"><strong><span style=\"text-decoration: underline;\">Etape 4<\/span>\u00a0<\/strong>: Le tube doit d\u00e9passer de +-10 cm hors sol et scell\u00e9 via un bouchon ventil\u00e9.<\/p>\n<p style=\"text-align: justify;\"><strong><span style=\"text-decoration: underline;\">Etape 5<\/span><\/strong>\u00a0: SAINATECH propose une mesure via les intervalles suivant\u00a0: 1h \u2013 48h \u2013 3x 3mois.<\/p>\n<p style=\"text-align: justify;\">L\u2019ensemble de ces donn\u00e9es sont pr\u00e9sent\u00e9es via une \u00ab\u00a0fiche pi\u00e9zom\u00e9trique\u00a0\u00bb avec le relev\u00e9 g\u00e9od\u00e9sique.<\/p>[\/et_pb_text][\/et_pb_column][\/et_pb_row][\/et_pb_section][et_pb_section fb_built=\u00a0\u00bb1&Prime; _builder_version=\u00a0\u00bb4.17.6&Prime; _module_preset=\u00a0\u00bbdefault\u00a0\u00bb background_color=\u00a0\u00bb#f7f7f7&Prime; global_colors_info=\u00a0\u00bb{}\u00a0\u00bb][et_pb_row _builder_version=\u00a0\u00bb4.17.6&Prime; _module_preset=\u00a0\u00bbdefault\u00a0\u00bb global_colors_info=\u00a0\u00bb{}\u00a0\u00bb][et_pb_column type=\u00a0\u00bb4_4&Prime; _builder_version=\u00a0\u00bb4.17.6&Prime; _module_preset=\u00a0\u00bbdefault\u00a0\u00bb pac_dcm_carousel_specific_module_num=\u00a0\u00bb0&Prime; global_colors_info=\u00a0\u00bb{}\u00a0\u00bb][et_pb_video src=\u00a0\u00bbhttps:\/\/youtu.be\/Rptkl8AAhN8&Prime; _builder_version=\u00a0\u00bb4.17.6&Prime; _module_preset=\u00a0\u00bbdefault\u00a0\u00bb global_colors_info=\u00a0\u00bb{}\u00a0\u00bb][\/et_pb_video][\/et_pb_column][\/et_pb_row][\/et_pb_section][et_pb_section fb_built=\u00a0\u00bb1&Prime; _builder_version=\u00a0\u00bb4.17.6&Prime; _module_preset=\u00a0\u00bbdefault\u00a0\u00bb custom_padding=\u00a0\u00bb0px||0px|||\u00a0\u00bb global_colors_info=\u00a0\u00bb{}\u00a0\u00bb][et_pb_row _builder_version=\u00a0\u00bb4.17.6&Prime; _module_preset=\u00a0\u00bbdefault\u00a0\u00bb global_module=\u00a0\u00bb460&Prime; saved_tabs=\u00a0\u00bball\u00a0\u00bb global_colors_info=\u00a0\u00bb{}\u00a0\u00bb][et_pb_column type=\u00a0\u00bb4_4&Prime; _builder_version=\u00a0\u00bb4.17.6&Prime; _module_preset=\u00a0\u00bbdefault\u00a0\u00bb pac_dcm_carousel_specific_module_num=\u00a0\u00bb0&Prime; global_colors_info=\u00a0\u00bb{}\u00a0\u00bb][dipi_expanding_cta use_content_icon=\u00a0\u00bbon\u00a0\u00bb content_icon=\u00a0\u00bb&#x77;||divi||400&Prime; content_title=\u00a0\u00bbUne question ? Besoin d&rsquo;un devis ?\u00a0\u00bb content_description=\u00a0\u00bbNotre \u00e9quipe vous r\u00e9pondra avec plaisir dans les plus brefs d\u00e9lais !\u00a0\u00bb show_content_button=\u00a0\u00bbon\u00a0\u00bb content_button_text=\u00a0\u00bbNous contacter\u00a0\u00bb content_button_link=\u00a0\u00bb\/contact\u00a0\u00bb content_icon_color=\u00a0\u00bb#FFFFFF\u00a0\u00bb content_image_icon_background_color=\u00a0\u00bbRGBA(255,255,255,0)\u00a0\u00bb content_image_icon_width=\u00a0\u00bb50px\u00a0\u00bb content_desc_padding=\u00a0\u00bb0px|0px|20px|0px|false|false\u00a0\u00bb overlay_bg_color=\u00a0\u00bbrgba(38,121,192,0.43)\u00a0\u00bb content_bg_color=\u00a0\u00bb#2679C0&Prime; _builder_version=\u00a0\u00bb4.17.6&Prime; _module_preset=\u00a0\u00bbdefault\u00a0\u00bb content_title_font=\u00a0\u00bb|700|||||||\u00a0\u00bb content_title_text_color=\u00a0\u00bb#FFFFFF\u00a0\u00bb content_desc_text_color=\u00a0\u00bb#FFFFFF\u00a0\u00bb background_enable_image=\u00a0\u00bboff\u00a0\u00bb custom_content_button=\u00a0\u00bbon\u00a0\u00bb content_button_text_size=\u00a0\u00bb17px\u00a0\u00bb content_button_text_color=\u00a0\u00bb#2679C0&Prime; content_button_bg_color=\u00a0\u00bb#FFFFFF\u00a0\u00bb content_button_border_color=\u00a0\u00bb#FFFFFF\u00a0\u00bb content_button_border_radius=\u00a0\u00bb63px\u00a0\u00bb content_button_custom_padding=\u00a0\u00bb10px|30px|10px|30px|false|false\u00a0\u00bb border_radii_container=\u00a0\u00bbon|10px|10px|10px|10px\u00a0\u00bb global_colors_info=\u00a0\u00bb{}\u00a0\u00bb content_button_custom_padding__hover_enabled=\u00a0\u00bbon|desktop\u00a0\u00bb content_button_custom_padding__hover=\u00a0\u00bb10px|45px|10px|30px|false|false\u00a0\u00bb][\/dipi_expanding_cta][\/et_pb_column][\/et_pb_row][\/et_pb_section]","protected":false},"excerpt":{"rendered":"<p><div class=\"et_pb_with_border et_pb_module dipi_breadcrumbs dipi_breadcrumbs_0\">\n\t\t\t\t\n\t\t\t\t\n\t\t\t\t\n\t\t\t\t\n\t\t\t\t\n\t\t\t\t\n\t\t\t\t<div class=\"et_pb_module_inner\">\n\t\t\t\t\t<div class=\"dipi-breadcrumbs dipi-bc-center\">\n                <ul itemscope itemtype=\"https:\/\/schema.org\/BreadcrumbList\">\n                    \n                                                        <li itemprop=\"itemListElement\" itemscope itemtype=\"https:\/\/schema.org\/ListItem\" class=\"dipi-breadcrumb-item dipi-breadcrumb-home\">\n\n                        \n                            <a itemprop=\"item\" href=\"\">\n                                <span itemprop=\"name\" content=\"Home\">\n                                                                        Home                                <\/span>\n                            <\/a>\n\n                                                <meta itemprop=\"position\" content=\"1\"\/>                    <\/li>\n\n                    <li class=\"dipi-breadcrumb-separator\">\n                    <span class=\"et-pb-icon dipi-separator-icon\">&#x35;<\/span>\n                <\/li>                            \n                <\/ul>\n            <\/div>\n\t\t\t\t<\/div>\n\t\t\t<\/div>Contr\u00f4lez le niveau pi\u00e9zom\u00e9trique avec SAINATECH : Mesure et surveillance de l&rsquo;eau dans le sol pour votre projet\u00a0 Le niveau \u00ab\u00a0Pi\u00e9zom\u00e9trique\u00a0\u00bb correspond au niveau de l\u2019eau dans le sol depuis [&hellip;]<\/p>","protected":false},"author":3,"featured_media":2148,"parent":403,"menu_order":0,"comment_status":"closed","ping_status":"closed","template":"","meta":{"_acf_changed":false,"_et_pb_use_builder":"on","_et_pb_old_content":"","_et_gb_content_width":"","om_disable_all_campaigns":false,"_monsterinsights_skip_tracking":false,"_monsterinsights_sitenote_active":false,"_monsterinsights_sitenote_note":"","_monsterinsights_sitenote_category":0,"_uf_show_specific_survey":0,"_uf_disable_surveys":false,"footnotes":""},"dipi_cpt_category":[],"class_list":["post-1569","page","type-page","status-publish","has-post-thumbnail","hentry"],"acf":[],"yoast_head":"<!-- This site is optimized with the Yoast SEO Premium plugin v22.9 (Yoast SEO v23.6) - https:\/\/yoast.com\/wordpress\/plugins\/seo\/ -->\n<title>Etude pi\u00e9zom\u00e9trique - Sainatech<\/title>\n<meta name=\"description\" content=\"Nous proposons le service d&#039;\u00e9tude pi\u00e9zom\u00e9trique d\u00e9finissant pr\u00e9cis\u00e9ment la m\u00e9thode et la pose du tubage en respectant la norme X31-509.\" \/>\n<meta name=\"robots\" content=\"index, follow, max-snippet:-1, max-image-preview:large, max-video-preview:-1\" \/>\n<link rel=\"canonical\" href=\"https:\/\/sainatech.be\/nl\/essais-de-sol\/services-geotechnical\/guide-penetrometre\/etude-piezometrique\/\" \/>\n<meta property=\"og:locale\" content=\"nl_BE\" \/>\n<meta property=\"og:type\" content=\"article\" \/>\n<meta property=\"og:title\" content=\"Etude pi\u00e9zom\u00e9trique\" \/>\n<meta property=\"og:description\" content=\"Nous proposons le service d&#039;\u00e9tude pi\u00e9zom\u00e9trique d\u00e9finissant pr\u00e9cis\u00e9ment la m\u00e9thode et la pose du tubage en respectant la norme X31-509.\" \/>\n<meta property=\"og:url\" content=\"https:\/\/sainatech.be\/nl\/wp-json\/wp\/v2\/pages\/1569\" \/>\n<meta property=\"og:site_name\" content=\"Sainatech\" \/>\n<meta property=\"article:modified_time\" content=\"2023-07-27T08:33:51+00:00\" \/>\n<meta property=\"og:image\" content=\"https:\/\/sainatech.be\/wp-content\/uploads\/2023\/07\/VideoCapture_20230716-110605-scaled.jpg\" \/>\n\t<meta property=\"og:image:width\" content=\"1440\" \/>\n\t<meta property=\"og:image:height\" content=\"2560\" \/>\n\t<meta property=\"og:image:type\" content=\"image\/jpeg\" \/>\n<meta name=\"twitter:card\" content=\"summary_large_image\" \/>\n<meta name=\"twitter:label1\" content=\"Geschatte leestijd\" \/>\n\t<meta name=\"twitter:data1\" content=\"3 minuten\" \/>\n<script type=\"application\/ld+json\" class=\"yoast-schema-graph\">{\"@context\":\"https:\/\/schema.org\",\"@graph\":[{\"@type\":\"WebPage\",\"@id\":\"https:\/\/sainatech.be\/essais-de-sol\/services-geotechnical\/guide-penetrometre\/etude-piezometrique\/\",\"url\":\"https:\/\/sainatech.be\/essais-de-sol\/services-geotechnical\/guide-penetrometre\/etude-piezometrique\/\",\"name\":\"Etude pi\u00e9zom\u00e9trique - Sainatech\",\"isPartOf\":{\"@id\":\"https:\/\/sainatech.be\/#website\"},\"primaryImageOfPage\":{\"@id\":\"https:\/\/sainatech.be\/essais-de-sol\/services-geotechnical\/guide-penetrometre\/etude-piezometrique\/#primaryimage\"},\"image\":{\"@id\":\"https:\/\/sainatech.be\/essais-de-sol\/services-geotechnical\/guide-penetrometre\/etude-piezometrique\/#primaryimage\"},\"thumbnailUrl\":\"https:\/\/sainatech.be\/wp-content\/uploads\/2023\/07\/VideoCapture_20230716-110605-scaled.jpg\",\"datePublished\":\"2022-10-16T17:17:44+00:00\",\"dateModified\":\"2023-07-27T08:33:51+00:00\",\"description\":\"Nous proposons le service d'\u00e9tude pi\u00e9zom\u00e9trique d\u00e9finissant pr\u00e9cis\u00e9ment la m\u00e9thode et la pose du tubage en respectant la norme X31-509.\",\"breadcrumb\":{\"@id\":\"https:\/\/sainatech.be\/essais-de-sol\/services-geotechnical\/guide-penetrometre\/etude-piezometrique\/#breadcrumb\"},\"inLanguage\":\"nl-BE\",\"potentialAction\":[{\"@type\":\"ReadAction\",\"target\":[\"https:\/\/sainatech.be\/essais-de-sol\/services-geotechnical\/guide-penetrometre\/etude-piezometrique\/\"]}]},{\"@type\":\"ImageObject\",\"inLanguage\":\"nl-BE\",\"@id\":\"https:\/\/sainatech.be\/essais-de-sol\/services-geotechnical\/guide-penetrometre\/etude-piezometrique\/#primaryimage\",\"url\":\"https:\/\/sainatech.be\/wp-content\/uploads\/2023\/07\/VideoCapture_20230716-110605-scaled.jpg\",\"contentUrl\":\"https:\/\/sainatech.be\/wp-content\/uploads\/2023\/07\/VideoCapture_20230716-110605-scaled.jpg\",\"width\":1440,\"height\":2560},{\"@type\":\"BreadcrumbList\",\"@id\":\"https:\/\/sainatech.be\/essais-de-sol\/services-geotechnical\/guide-penetrometre\/etude-piezometrique\/#breadcrumb\",\"itemListElement\":[{\"@type\":\"ListItem\",\"position\":1,\"name\":\"Accueil\",\"item\":\"https:\/\/sainatech.be\/\"},{\"@type\":\"ListItem\",\"position\":2,\"name\":\"Vos ing\u00e9nieurs d&rsquo;\u00e9tude, essai de sol, stabilit\u00e9\",\"item\":\"https:\/\/sainatech.be\/essais-de-sol\/\"},{\"@type\":\"ListItem\",\"position\":3,\"name\":\"Services\",\"item\":\"https:\/\/sainatech.be\/essais-de-sol\/services-geotechnical\/\"},{\"@type\":\"ListItem\",\"position\":4,\"name\":\"Capacit\u00e9 portante du sol\",\"item\":\"https:\/\/sainatech.be\/essais-de-sol\/services-geotechnical\/guide-penetrometre\/\"},{\"@type\":\"ListItem\",\"position\":5,\"name\":\"Etude pi\u00e9zom\u00e9trique\"}]},{\"@type\":\"WebSite\",\"@id\":\"https:\/\/sainatech.be\/#website\",\"url\":\"https:\/\/sainatech.be\/\",\"name\":\"Sainatech\",\"description\":\"Sp\u00e9cialiste en essai de sol et en stabilit\u00e9\",\"potentialAction\":[{\"@type\":\"SearchAction\",\"target\":{\"@type\":\"EntryPoint\",\"urlTemplate\":\"https:\/\/sainatech.be\/?s={search_term_string}\"},\"query-input\":{\"@type\":\"PropertyValueSpecification\",\"valueRequired\":true,\"valueName\":\"search_term_string\"}}],\"inLanguage\":\"nl-BE\"}]}<\/script>\n<!-- \/ Yoast SEO Premium plugin. -->","yoast_head_json":{"title":"Etude pi\u00e9zom\u00e9trique - Sainatech","description":"Nous proposons le service d'\u00e9tude pi\u00e9zom\u00e9trique d\u00e9finissant pr\u00e9cis\u00e9ment la m\u00e9thode et la pose du tubage en respectant la norme X31-509.","robots":{"index":"index","follow":"follow","max-snippet":"max-snippet:-1","max-image-preview":"max-image-preview:large","max-video-preview":"max-video-preview:-1"},"canonical":"https:\/\/sainatech.be\/nl\/essais-de-sol\/services-geotechnical\/guide-penetrometre\/etude-piezometrique\/","og_locale":"nl_BE","og_type":"article","og_title":"Etude pi\u00e9zom\u00e9trique","og_description":"Nous proposons le service d'\u00e9tude pi\u00e9zom\u00e9trique d\u00e9finissant pr\u00e9cis\u00e9ment la m\u00e9thode et la pose du tubage en respectant la norme X31-509.","og_url":"https:\/\/sainatech.be\/nl\/wp-json\/wp\/v2\/pages\/1569","og_site_name":"Sainatech","article_modified_time":"2023-07-27T08:33:51+00:00","og_image":[{"width":1440,"height":2560,"url":"https:\/\/sainatech.be\/wp-content\/uploads\/2023\/07\/VideoCapture_20230716-110605-scaled.jpg","type":"image\/jpeg"}],"twitter_card":"summary_large_image","twitter_misc":{"Geschatte leestijd":"3 minuten"},"schema":{"@context":"https:\/\/schema.org","@graph":[{"@type":"WebPage","@id":"https:\/\/sainatech.be\/essais-de-sol\/services-geotechnical\/guide-penetrometre\/etude-piezometrique\/","url":"https:\/\/sainatech.be\/essais-de-sol\/services-geotechnical\/guide-penetrometre\/etude-piezometrique\/","name":"Etude pi\u00e9zom\u00e9trique - Sainatech","isPartOf":{"@id":"https:\/\/sainatech.be\/#website"},"primaryImageOfPage":{"@id":"https:\/\/sainatech.be\/essais-de-sol\/services-geotechnical\/guide-penetrometre\/etude-piezometrique\/#primaryimage"},"image":{"@id":"https:\/\/sainatech.be\/essais-de-sol\/services-geotechnical\/guide-penetrometre\/etude-piezometrique\/#primaryimage"},"thumbnailUrl":"https:\/\/sainatech.be\/wp-content\/uploads\/2023\/07\/VideoCapture_20230716-110605-scaled.jpg","datePublished":"2022-10-16T17:17:44+00:00","dateModified":"2023-07-27T08:33:51+00:00","description":"Nous proposons le service d'\u00e9tude pi\u00e9zom\u00e9trique d\u00e9finissant pr\u00e9cis\u00e9ment la m\u00e9thode et la pose du tubage en respectant la norme X31-509.","breadcrumb":{"@id":"https:\/\/sainatech.be\/essais-de-sol\/services-geotechnical\/guide-penetrometre\/etude-piezometrique\/#breadcrumb"},"inLanguage":"nl-BE","potentialAction":[{"@type":"ReadAction","target":["https:\/\/sainatech.be\/essais-de-sol\/services-geotechnical\/guide-penetrometre\/etude-piezometrique\/"]}]},{"@type":"ImageObject","inLanguage":"nl-BE","@id":"https:\/\/sainatech.be\/essais-de-sol\/services-geotechnical\/guide-penetrometre\/etude-piezometrique\/#primaryimage","url":"https:\/\/sainatech.be\/wp-content\/uploads\/2023\/07\/VideoCapture_20230716-110605-scaled.jpg","contentUrl":"https:\/\/sainatech.be\/wp-content\/uploads\/2023\/07\/VideoCapture_20230716-110605-scaled.jpg","width":1440,"height":2560},{"@type":"BreadcrumbList","@id":"https:\/\/sainatech.be\/essais-de-sol\/services-geotechnical\/guide-penetrometre\/etude-piezometrique\/#breadcrumb","itemListElement":[{"@type":"ListItem","position":1,"name":"Accueil","item":"https:\/\/sainatech.be\/"},{"@type":"ListItem","position":2,"name":"Vos ing\u00e9nieurs d&rsquo;\u00e9tude, essai de sol, stabilit\u00e9","item":"https:\/\/sainatech.be\/essais-de-sol\/"},{"@type":"ListItem","position":3,"name":"Services","item":"https:\/\/sainatech.be\/essais-de-sol\/services-geotechnical\/"},{"@type":"ListItem","position":4,"name":"Capacit\u00e9 portante du sol","item":"https:\/\/sainatech.be\/essais-de-sol\/services-geotechnical\/guide-penetrometre\/"},{"@type":"ListItem","position":5,"name":"Etude pi\u00e9zom\u00e9trique"}]},{"@type":"WebSite","@id":"https:\/\/sainatech.be\/#website","url":"https:\/\/sainatech.be\/","name":"Sainatech","description":"Sp\u00e9cialiste en essai de sol et en stabilit\u00e9","potentialAction":[{"@type":"SearchAction","target":{"@type":"EntryPoint","urlTemplate":"https:\/\/sainatech.be\/?s={search_term_string}"},"query-input":{"@type":"PropertyValueSpecification","valueRequired":true,"valueName":"search_term_string"}}],"inLanguage":"nl-BE"}]}},"_links":{"self":[{"href":"https:\/\/sainatech.be\/nl\/wp-json\/wp\/v2\/pages\/1569","targetHints":{"allow":["GET"]}}],"collection":[{"href":"https:\/\/sainatech.be\/nl\/wp-json\/wp\/v2\/pages"}],"about":[{"href":"https:\/\/sainatech.be\/nl\/wp-json\/wp\/v2\/types\/page"}],"author":[{"embeddable":true,"href":"https:\/\/sainatech.be\/nl\/wp-json\/wp\/v2\/users\/3"}],"replies":[{"embeddable":true,"href":"https:\/\/sainatech.be\/nl\/wp-json\/wp\/v2\/comments?post=1569"}],"version-history":[{"count":14,"href":"https:\/\/sainatech.be\/nl\/wp-json\/wp\/v2\/pages\/1569\/revisions"}],"predecessor-version":[{"id":2498,"href":"https:\/\/sainatech.be\/nl\/wp-json\/wp\/v2\/pages\/1569\/revisions\/2498"}],"up":[{"embeddable":true,"href":"https:\/\/sainatech.be\/nl\/wp-json\/wp\/v2\/pages\/403"}],"wp:featuredmedia":[{"embeddable":true,"href":"https:\/\/sainatech.be\/nl\/wp-json\/wp\/v2\/media\/2148"}],"wp:attachment":[{"href":"https:\/\/sainatech.be\/nl\/wp-json\/wp\/v2\/media?parent=1569"}],"wp:term":[{"taxonomy":"dipi_cpt_category","embeddable":true,"href":"https:\/\/sainatech.be\/nl\/wp-json\/wp\/v2\/dipi_cpt_category?post=1569"}],"curies":[{"name":"wp","href":"https:\/\/api.w.org\/{rel}","templated":true}]}}