{"id":2184,"date":"2023-07-17T08:26:20","date_gmt":"2023-07-17T06:26:20","guid":{"rendered":"https:\/\/sainatech.be\/?page_id=2184"},"modified":"2023-07-27T10:46:48","modified_gmt":"2023-07-27T08:46:48","slug":"fouilles-descriptives","status":"publish","type":"page","link":"https:\/\/sainatech.be\/nl\/essais-de-sol\/services-geotechnical\/guide-penetrometre\/fouilles-descriptives\/","title":{"rendered":"Fouilles descriptives"},"content":{"rendered":"[et_pb_section fb_built=\u00a0\u00bb1&Prime; _builder_version=\u00a0\u00bb4.17.6&Prime; _module_preset=\u00a0\u00bbdefault\u00a0\u00bb background_color=\u00a0\u00bbrgba(0,0,0,0.5)\u00a0\u00bb background_image=\u00a0\u00bbhttps:\/\/sainatech.be\/wp-content\/uploads\/2023\/07\/20230504_121659-scaled.jpg\u00a0\u00bb background_blend=\u00a0\u00bbmultiply\u00a0\u00bb custom_padding=\u00a0\u00bb0px||0px||true|\u00a0\u00bb global_colors_info=\u00a0\u00bb{}\u00a0\u00bb][et_pb_row _builder_version=\u00a0\u00bb4.16&Prime; _module_preset=\u00a0\u00bbdefault\u00a0\u00bb custom_padding=\u00a0\u00bb55px||55px||true|\u00a0\u00bb global_colors_info=\u00a0\u00bb{}\u00a0\u00bb][et_pb_column type=\u00a0\u00bb4_4&Prime; _builder_version=\u00a0\u00bb4.16&Prime; _module_preset=\u00a0\u00bbdefault\u00a0\u00bb pac_dcm_carousel_specific_module_num=\u00a0\u00bb0&Prime; global_colors_info=\u00a0\u00bb{}\u00a0\u00bb][et_pb_text _builder_version=\u00a0\u00bb4.17.6&Prime; _dynamic_attributes=\u00a0\u00bbcontent\u00a0\u00bb _module_preset=\u00a0\u00bbdefault\u00a0\u00bb header_font=\u00a0\u00bb|600|||||||\u00a0\u00bb header_text_align=\u00a0\u00bbcenter\u00a0\u00bb header_text_color=\u00a0\u00bb#FFFFFF\u00a0\u00bb header_2_text_color=\u00a0\u00bb#FFFFFF\u00a0\u00bb custom_margin=\u00a0\u00bb||0px||false|false\u00a0\u00bb custom_padding=\u00a0\u00bb||0px||false|false\u00a0\u00bb global_colors_info=\u00a0\u00bb{}\u00a0\u00bb]@ET-DC@eyJkeW5hbWljIjp0cnVlLCJjb250ZW50IjoicG9zdF90aXRsZSIsInNldHRpbmdzIjp7ImJlZm9yZSI6IjxoMT4iLCJhZnRlciI6IjwvaDE+In19@[\/et_pb_text][dipi_breadcrumbs bc_custom_home=\u00a0\u00bbon\u00a0\u00bb bc_home_text=\u00a0\u00bbAccueil\u00a0\u00bb bc_home_icon=\u00a0\u00bboff\u00a0\u00bb bc_items_alignment=\u00a0\u00bbdipi-bc-center\u00a0\u00bb bc_separator_icon=\u00a0\u00bb&#x35;||divi||400&Prime; bc_schema=\u00a0\u00bbon\u00a0\u00bb bc_separator_color=\u00a0\u00bb#FFFFFF\u00a0\u00bb bc_item_bg_color=\u00a0\u00bbRGBA(255,255,255,0)\u00a0\u00bb bc_active_item_color=\u00a0\u00bbRGBA(255,255,255,0)\u00a0\u00bb bc_active_item_padding=\u00a0\u00bb|10px||10px|false|false\u00a0\u00bb bc_hover_item_bg_color=\u00a0\u00bbRGBA(255,255,255,0)\u00a0\u00bb _builder_version=\u00a0\u00bb4.17.6&Prime; _module_preset=\u00a0\u00bbdefault\u00a0\u00bb items_font=\u00a0\u00bb||||||||\u00a0\u00bb items_text_color=\u00a0\u00bb#FFFFFF\u00a0\u00bb items_font_size=\u00a0\u00bb13px\u00a0\u00bb hover_font=\u00a0\u00bb||||on|||#FFFFFF|\u00a0\u00bb hover_text_color=\u00a0\u00bb#FFFFFF\u00a0\u00bb active_font=\u00a0\u00bb|600||||||#FFFFFF|\u00a0\u00bb active_text_color=\u00a0\u00bb#FFFFFF\u00a0\u00bb height=\u00a0\u00bb20px\u00a0\u00bb custom_margin=\u00a0\u00bb||||false|false\u00a0\u00bb custom_padding=\u00a0\u00bb||||false|false\u00a0\u00bb border_color_all_items=\u00a0\u00bb#FFFFFF\u00a0\u00bb global_colors_info=\u00a0\u00bb{}\u00a0\u00bb][\/dipi_breadcrumbs][\/et_pb_column][\/et_pb_row][\/et_pb_section][et_pb_section fb_built=\u00a0\u00bb1&Prime; _builder_version=\u00a0\u00bb4.17.6&Prime; _module_preset=\u00a0\u00bbdefault\u00a0\u00bb background_color=\u00a0\u00bb#FFFFFF\u00a0\u00bb custom_padding=\u00a0\u00bb70px|||||\u00a0\u00bb global_colors_info=\u00a0\u00bb{}\u00a0\u00bb][et_pb_row column_structure=\u00a0\u00bb3_5,2_5&Prime; make_equal=\u00a0\u00bbon\u00a0\u00bb _builder_version=\u00a0\u00bb4.17.6&Prime; _module_preset=\u00a0\u00bbdefault\u00a0\u00bb width=\u00a0\u00bb79.8%\u00a0\u00bb custom_padding=\u00a0\u00bb||32px|||\u00a0\u00bb custom_css_main_element=\u00a0\u00bbalign-items:center;\u00a0\u00bb global_colors_info=\u00a0\u00bb{}\u00a0\u00bb][et_pb_column type=\u00a0\u00bb3_5&Prime; _builder_version=\u00a0\u00bb4.17.6&Prime; _module_preset=\u00a0\u00bbdefault\u00a0\u00bb pac_dcm_carousel_specific_module_num=\u00a0\u00bb0&Prime; global_colors_info=\u00a0\u00bb{}\u00a0\u00bb][et_pb_text _builder_version=\u00a0\u00bb4.17.6&Prime; _module_preset=\u00a0\u00bbdefault\u00a0\u00bb width=\u00a0\u00bb100%\u00a0\u00bb custom_padding=\u00a0\u00bb||0px|11px||\u00a0\u00bb global_colors_info=\u00a0\u00bb{}\u00a0\u00bb]<h4 class=\"dlab-title m-t0\"><span>Fouilles personnalis\u00e9es avec SAINATECH : \u00c9tude des fondations et du sol<\/span><\/h4>\n<p>&nbsp;<\/p>\n<p style=\"text-align: justify;\">Pour des projets o\u00f9 des ouvrages sont existants, nous proposons \u00e0 nos clients des fouilles descriptives manuelles et m\u00e9caniques.<\/p>\n<ul style=\"text-align: justify;\">\n<li>Concernant les projets d\u2019extensions ou de r\u00e9novations, il est n\u00e9cessaire de conna\u00eetre le mode de fondation existant. Proche d\u2019une fa\u00e7ade, nous r\u00e9alisons une fouille d\u20191m par 1m jusqu\u2019\u00e0 l\u2019assise du mur o\u00f9 de la fondation. \u00c9galement dans cette fouille, il est possible de r\u00e9aliser un essai au p\u00e9n\u00e9trom\u00e8tre pour v\u00e9rifier la capacit\u00e9 portante du sol.<\/li>\n<li>Lorsqu\u2019un ouvrage souffre d\u2019une pathologie \u00e0 orientation du sol, il est judicieux de r\u00e9aliser une \u00e9tude de sol. G\u00e9n\u00e9ralement, celle-ci s\u2019oriente vers une fouille pour d\u00e9crire le syst\u00e8me de fondation accompagn\u00e9 d\u2019un essai au p\u00e9n\u00e9trom\u00e8tre pour s\u2019assurer de la r\u00e9sistance du sol (capacit\u00e9 portante et tassement).<\/li>\n<\/ul>\n<p style=\"text-align: justify;\">Un forage descriptif peut \u00eatre apport\u00e9 afin d\u2019\u00e9tudier la nature du sol (sable, argile gonflante, etc.)<\/p>\n<p style=\"text-align: justify;\">SAINATECH propose des services personnalis\u00e9s et sur mesure\u00a0:<\/p>\n<ul>\n<li style=\"text-align: justify;\">Fouille manuelle\u00a0: Pelle, pioche, marteau piqueur, carotteuse, tari\u00e8re, etc.<\/li>\n<li style=\"text-align: justify;\">Fouille m\u00e9canique\u00a0: pelleteuse m\u00e9canique 3t pour des fouilles profondes (maximum 3m).<\/li>\n<li style=\"text-align: justify;\">Fouille sp\u00e9cifique\u00a0: Mur d\u2019une berge d\u2019un ruisseau, cave, sout\u00e8nement, etc.<\/li>\n<li style=\"text-align: justify;\">D\u00e9capages : Analyses des \u00e9l\u00e9ments porteurs existants et le mode de transmission des charges.<\/li>\n<\/ul>[\/et_pb_text][\/et_pb_column][et_pb_column type=\u00a0\u00bb2_5&Prime; _builder_version=\u00a0\u00bb4.17.6&Prime; _module_preset=\u00a0\u00bbdefault\u00a0\u00bb pac_dcm_carousel_specific_module_num=\u00a0\u00bb0&Prime; global_colors_info=\u00a0\u00bb{}\u00a0\u00bb][et_pb_image src=\u00a0\u00bbhttps:\/\/sainatech.be\/wp-content\/uploads\/2023\/07\/Capture-decran-2023-07-17-100538-1.jpg\u00a0\u00bb _builder_version=\u00a0\u00bb4.17.6&Prime; _module_preset=\u00a0\u00bbdefault\u00a0\u00bb global_colors_info=\u00a0\u00bb{}\u00a0\u00bb][\/et_pb_image][\/et_pb_column][\/et_pb_row][\/et_pb_section][et_pb_section fb_built=\u00a0\u00bb1&Prime; _builder_version=\u00a0\u00bb4.17.6&Prime; _module_preset=\u00a0\u00bbdefault\u00a0\u00bb background_color=\u00a0\u00bb#F7F9FB\u00a0\u00bb custom_padding=\u00a0\u00bb70px|||||\u00a0\u00bb global_colors_info=\u00a0\u00bb{}\u00a0\u00bb][et_pb_row column_structure=\u00a0\u00bb1_3,1_3,1_3&Prime; make_equal=\u00a0\u00bbon\u00a0\u00bb _builder_version=\u00a0\u00bb4.17.6&Prime; _module_preset=\u00a0\u00bbdefault\u00a0\u00bb custom_margin=\u00a0\u00bb|315px||auto||\u00a0\u00bb custom_padding=\u00a0\u00bb|0px||0px||\u00a0\u00bb custom_css_main_element=\u00a0\u00bbalign-items:center;\u00a0\u00bb global_colors_info=\u00a0\u00bb{}\u00a0\u00bb][et_pb_column type=\u00a0\u00bb1_3&Prime; _builder_version=\u00a0\u00bb4.17.6&Prime; _module_preset=\u00a0\u00bbdefault\u00a0\u00bb pac_dcm_carousel_specific_module_num=\u00a0\u00bb0&Prime; global_colors_info=\u00a0\u00bb{}\u00a0\u00bb][et_pb_gallery gallery_ids=\u00a0\u00bb2190&Prime; gallery_orderby=\u00a0\u00bbrand\u00a0\u00bb _builder_version=\u00a0\u00bb4.17.6&Prime; _module_preset=\u00a0\u00bbdefault\u00a0\u00bb global_colors_info=\u00a0\u00bb{}\u00a0\u00bb][\/et_pb_gallery][\/et_pb_column][et_pb_column type=\u00a0\u00bb1_3&Prime; _builder_version=\u00a0\u00bb4.17.6&Prime; _module_preset=\u00a0\u00bbdefault\u00a0\u00bb pac_dcm_carousel_specific_module_num=\u00a0\u00bb0&Prime; global_colors_info=\u00a0\u00bb{}\u00a0\u00bb][et_pb_gallery gallery_ids=\u00a0\u00bb2191&Prime; _builder_version=\u00a0\u00bb4.17.6&Prime; _module_preset=\u00a0\u00bbdefault\u00a0\u00bb global_colors_info=\u00a0\u00bb{}\u00a0\u00bb][\/et_pb_gallery][\/et_pb_column][et_pb_column type=\u00a0\u00bb1_3&Prime; _builder_version=\u00a0\u00bb4.17.6&Prime; _module_preset=\u00a0\u00bbdefault\u00a0\u00bb pac_dcm_carousel_specific_module_num=\u00a0\u00bb0&Prime; global_colors_info=\u00a0\u00bb{}\u00a0\u00bb][et_pb_gallery gallery_ids=\u00a0\u00bb2192&Prime; _builder_version=\u00a0\u00bb4.17.6&Prime; _module_preset=\u00a0\u00bbdefault\u00a0\u00bb global_colors_info=\u00a0\u00bb{}\u00a0\u00bb][\/et_pb_gallery][\/et_pb_column][\/et_pb_row][\/et_pb_section][et_pb_section fb_built=\u00a0\u00bb1&Prime; _builder_version=\u00a0\u00bb4.17.6&Prime; _module_preset=\u00a0\u00bbdefault\u00a0\u00bb custom_padding=\u00a0\u00bb0px||0px|||\u00a0\u00bb global_colors_info=\u00a0\u00bb{}\u00a0\u00bb][et_pb_row _builder_version=\u00a0\u00bb4.17.6&Prime; _module_preset=\u00a0\u00bbdefault\u00a0\u00bb global_module=\u00a0\u00bb460&Prime; saved_tabs=\u00a0\u00bball\u00a0\u00bb global_colors_info=\u00a0\u00bb{}\u00a0\u00bb][et_pb_column type=\u00a0\u00bb4_4&Prime; _builder_version=\u00a0\u00bb4.17.6&Prime; _module_preset=\u00a0\u00bbdefault\u00a0\u00bb pac_dcm_carousel_specific_module_num=\u00a0\u00bb0&Prime; global_colors_info=\u00a0\u00bb{}\u00a0\u00bb][dipi_expanding_cta use_content_icon=\u00a0\u00bbon\u00a0\u00bb content_icon=\u00a0\u00bb&#x77;||divi||400&Prime; content_title=\u00a0\u00bbUne question ? Besoin d&rsquo;un devis ?\u00a0\u00bb content_description=\u00a0\u00bbNotre \u00e9quipe vous r\u00e9pondra avec plaisir dans les plus brefs d\u00e9lais !\u00a0\u00bb show_content_button=\u00a0\u00bbon\u00a0\u00bb content_button_text=\u00a0\u00bbNous contacter\u00a0\u00bb content_button_link=\u00a0\u00bb\/contact\u00a0\u00bb content_icon_color=\u00a0\u00bb#FFFFFF\u00a0\u00bb content_image_icon_background_color=\u00a0\u00bbRGBA(255,255,255,0)\u00a0\u00bb content_image_icon_width=\u00a0\u00bb50px\u00a0\u00bb content_desc_padding=\u00a0\u00bb0px|0px|20px|0px|false|false\u00a0\u00bb overlay_bg_color=\u00a0\u00bbrgba(38,121,192,0.43)\u00a0\u00bb content_bg_color=\u00a0\u00bb#2679C0&Prime; _builder_version=\u00a0\u00bb4.17.6&Prime; _module_preset=\u00a0\u00bbdefault\u00a0\u00bb content_title_font=\u00a0\u00bb|700|||||||\u00a0\u00bb content_title_text_color=\u00a0\u00bb#FFFFFF\u00a0\u00bb content_desc_text_color=\u00a0\u00bb#FFFFFF\u00a0\u00bb background_enable_image=\u00a0\u00bboff\u00a0\u00bb custom_content_button=\u00a0\u00bbon\u00a0\u00bb content_button_text_size=\u00a0\u00bb17px\u00a0\u00bb content_button_text_color=\u00a0\u00bb#2679C0&Prime; content_button_bg_color=\u00a0\u00bb#FFFFFF\u00a0\u00bb content_button_border_color=\u00a0\u00bb#FFFFFF\u00a0\u00bb content_button_border_radius=\u00a0\u00bb63px\u00a0\u00bb content_button_custom_padding=\u00a0\u00bb10px|30px|10px|30px|false|false\u00a0\u00bb border_radii_container=\u00a0\u00bbon|10px|10px|10px|10px\u00a0\u00bb global_colors_info=\u00a0\u00bb{}\u00a0\u00bb content_button_custom_padding__hover_enabled=\u00a0\u00bbon|desktop\u00a0\u00bb content_button_custom_padding__hover=\u00a0\u00bb10px|45px|10px|30px|false|false\u00a0\u00bb][\/dipi_expanding_cta][\/et_pb_column][\/et_pb_row][\/et_pb_section]","protected":false},"excerpt":{"rendered":"<p><div class=\"et_pb_with_border et_pb_module dipi_breadcrumbs dipi_breadcrumbs_0\">\n\t\t\t\t\n\t\t\t\t\n\t\t\t\t\n\t\t\t\t\n\t\t\t\t\n\t\t\t\t\n\t\t\t\t<div class=\"et_pb_module_inner\">\n\t\t\t\t\t<div class=\"dipi-breadcrumbs dipi-bc-center\">\n                <ul itemscope itemtype=\"https:\/\/schema.org\/BreadcrumbList\">\n                    \n                                                        <li itemprop=\"itemListElement\" itemscope itemtype=\"https:\/\/schema.org\/ListItem\" class=\"dipi-breadcrumb-item dipi-breadcrumb-home\">\n\n                        \n                            <a itemprop=\"item\" href=\"\">\n                                <span itemprop=\"name\" content=\"Home\">\n                                                                        Home                                <\/span>\n                            <\/a>\n\n                                                <meta itemprop=\"position\" content=\"1\"\/>                    <\/li>\n\n                    <li class=\"dipi-breadcrumb-separator\">\n                    <span class=\"et-pb-icon dipi-separator-icon\">&#x35;<\/span>\n                <\/li>                            \n                <\/ul>\n            <\/div>\n\t\t\t\t<\/div>\n\t\t\t<\/div>Fouilles personnalis\u00e9es avec SAINATECH : \u00c9tude des fondations et du sol &nbsp; Pour des projets o\u00f9 des ouvrages sont existants, nous proposons \u00e0 nos clients des fouilles descriptives manuelles et [&hellip;]<\/p>","protected":false},"author":3,"featured_media":2190,"parent":403,"menu_order":0,"comment_status":"closed","ping_status":"closed","template":"","meta":{"_acf_changed":false,"_et_pb_use_builder":"on","_et_pb_old_content":"","_et_gb_content_width":"","om_disable_all_campaigns":false,"_monsterinsights_skip_tracking":false,"_monsterinsights_sitenote_active":false,"_monsterinsights_sitenote_note":"","_monsterinsights_sitenote_category":0,"_uf_show_specific_survey":0,"_uf_disable_surveys":false,"footnotes":""},"dipi_cpt_category":[],"class_list":["post-2184","page","type-page","status-publish","has-post-thumbnail","hentry"],"acf":[],"yoast_head":"<!-- This site is optimized with the Yoast SEO Premium plugin v22.9 (Yoast SEO v23.6) - https:\/\/yoast.com\/wordpress\/plugins\/seo\/ -->\n<title>Fouilles descriptives - Sainatech<\/title>\n<meta name=\"description\" content=\"Nous vous proposons des fouilles descriptives personnalis\u00e9es pour les berges de ruisseaux, les caves et les sout\u00e8nements et des d\u00e9capages.\" \/>\n<meta name=\"robots\" content=\"index, follow, max-snippet:-1, max-image-preview:large, max-video-preview:-1\" \/>\n<link rel=\"canonical\" href=\"https:\/\/sainatech.be\/nl\/essais-de-sol\/services-geotechnical\/guide-penetrometre\/fouilles-descriptives\/\" \/>\n<meta property=\"og:locale\" content=\"nl_BE\" \/>\n<meta property=\"og:type\" content=\"article\" \/>\n<meta property=\"og:title\" content=\"Fouilles descriptives\" \/>\n<meta property=\"og:description\" content=\"Nous vous proposons des fouilles descriptives personnalis\u00e9es pour les berges de ruisseaux, les caves et les sout\u00e8nements et des d\u00e9capages.\" \/>\n<meta property=\"og:url\" content=\"https:\/\/sainatech.be\/nl\/wp-json\/wp\/v2\/pages\/2184\" \/>\n<meta property=\"og:site_name\" content=\"Sainatech\" \/>\n<meta property=\"article:modified_time\" content=\"2023-07-27T08:46:48+00:00\" \/>\n<meta property=\"og:image\" content=\"https:\/\/sainatech.be\/wp-content\/uploads\/2023\/07\/1689526136319.jpg\" \/>\n\t<meta property=\"og:image:width\" content=\"1080\" \/>\n\t<meta property=\"og:image:height\" content=\"1920\" \/>\n\t<meta property=\"og:image:type\" content=\"image\/jpeg\" \/>\n<meta name=\"twitter:card\" content=\"summary_large_image\" \/>\n<meta name=\"twitter:label1\" content=\"Geschatte leestijd\" \/>\n\t<meta name=\"twitter:data1\" content=\"2 minuten\" \/>\n<script type=\"application\/ld+json\" class=\"yoast-schema-graph\">{\"@context\":\"https:\/\/schema.org\",\"@graph\":[{\"@type\":\"WebPage\",\"@id\":\"https:\/\/sainatech.be\/essais-de-sol\/services-geotechnical\/guide-penetrometre\/fouilles-descriptives\/\",\"url\":\"https:\/\/sainatech.be\/essais-de-sol\/services-geotechnical\/guide-penetrometre\/fouilles-descriptives\/\",\"name\":\"Fouilles descriptives - Sainatech\",\"isPartOf\":{\"@id\":\"https:\/\/sainatech.be\/#website\"},\"primaryImageOfPage\":{\"@id\":\"https:\/\/sainatech.be\/essais-de-sol\/services-geotechnical\/guide-penetrometre\/fouilles-descriptives\/#primaryimage\"},\"image\":{\"@id\":\"https:\/\/sainatech.be\/essais-de-sol\/services-geotechnical\/guide-penetrometre\/fouilles-descriptives\/#primaryimage\"},\"thumbnailUrl\":\"https:\/\/sainatech.be\/wp-content\/uploads\/2023\/07\/1689526136319.jpg\",\"datePublished\":\"2023-07-17T06:26:20+00:00\",\"dateModified\":\"2023-07-27T08:46:48+00:00\",\"description\":\"Nous vous proposons des fouilles descriptives personnalis\u00e9es pour les berges de ruisseaux, les caves et les sout\u00e8nements et des d\u00e9capages.\",\"breadcrumb\":{\"@id\":\"https:\/\/sainatech.be\/essais-de-sol\/services-geotechnical\/guide-penetrometre\/fouilles-descriptives\/#breadcrumb\"},\"inLanguage\":\"nl-BE\",\"potentialAction\":[{\"@type\":\"ReadAction\",\"target\":[\"https:\/\/sainatech.be\/essais-de-sol\/services-geotechnical\/guide-penetrometre\/fouilles-descriptives\/\"]}]},{\"@type\":\"ImageObject\",\"inLanguage\":\"nl-BE\",\"@id\":\"https:\/\/sainatech.be\/essais-de-sol\/services-geotechnical\/guide-penetrometre\/fouilles-descriptives\/#primaryimage\",\"url\":\"https:\/\/sainatech.be\/wp-content\/uploads\/2023\/07\/1689526136319.jpg\",\"contentUrl\":\"https:\/\/sainatech.be\/wp-content\/uploads\/2023\/07\/1689526136319.jpg\",\"width\":1080,\"height\":1920},{\"@type\":\"BreadcrumbList\",\"@id\":\"https:\/\/sainatech.be\/essais-de-sol\/services-geotechnical\/guide-penetrometre\/fouilles-descriptives\/#breadcrumb\",\"itemListElement\":[{\"@type\":\"ListItem\",\"position\":1,\"name\":\"Accueil\",\"item\":\"https:\/\/sainatech.be\/\"},{\"@type\":\"ListItem\",\"position\":2,\"name\":\"Vos ing\u00e9nieurs d&rsquo;\u00e9tude, essai de sol, stabilit\u00e9\",\"item\":\"https:\/\/sainatech.be\/essais-de-sol\/\"},{\"@type\":\"ListItem\",\"position\":3,\"name\":\"Services\",\"item\":\"https:\/\/sainatech.be\/essais-de-sol\/services-geotechnical\/\"},{\"@type\":\"ListItem\",\"position\":4,\"name\":\"Capacit\u00e9 portante du sol\",\"item\":\"https:\/\/sainatech.be\/essais-de-sol\/services-geotechnical\/guide-penetrometre\/\"},{\"@type\":\"ListItem\",\"position\":5,\"name\":\"Fouilles descriptives\"}]},{\"@type\":\"WebSite\",\"@id\":\"https:\/\/sainatech.be\/#website\",\"url\":\"https:\/\/sainatech.be\/\",\"name\":\"Sainatech\",\"description\":\"Sp\u00e9cialiste en essai de sol et en stabilit\u00e9\",\"potentialAction\":[{\"@type\":\"SearchAction\",\"target\":{\"@type\":\"EntryPoint\",\"urlTemplate\":\"https:\/\/sainatech.be\/?s={search_term_string}\"},\"query-input\":{\"@type\":\"PropertyValueSpecification\",\"valueRequired\":true,\"valueName\":\"search_term_string\"}}],\"inLanguage\":\"nl-BE\"}]}<\/script>\n<!-- \/ Yoast SEO Premium plugin. -->","yoast_head_json":{"title":"Fouilles descriptives - Sainatech","description":"Nous vous proposons des fouilles descriptives personnalis\u00e9es pour les berges de ruisseaux, les caves et les sout\u00e8nements et des d\u00e9capages.","robots":{"index":"index","follow":"follow","max-snippet":"max-snippet:-1","max-image-preview":"max-image-preview:large","max-video-preview":"max-video-preview:-1"},"canonical":"https:\/\/sainatech.be\/nl\/essais-de-sol\/services-geotechnical\/guide-penetrometre\/fouilles-descriptives\/","og_locale":"nl_BE","og_type":"article","og_title":"Fouilles descriptives","og_description":"Nous vous proposons des fouilles descriptives personnalis\u00e9es pour les berges de ruisseaux, les caves et les sout\u00e8nements et des d\u00e9capages.","og_url":"https:\/\/sainatech.be\/nl\/wp-json\/wp\/v2\/pages\/2184","og_site_name":"Sainatech","article_modified_time":"2023-07-27T08:46:48+00:00","og_image":[{"width":1080,"height":1920,"url":"https:\/\/sainatech.be\/wp-content\/uploads\/2023\/07\/1689526136319.jpg","type":"image\/jpeg"}],"twitter_card":"summary_large_image","twitter_misc":{"Geschatte leestijd":"2 minuten"},"schema":{"@context":"https:\/\/schema.org","@graph":[{"@type":"WebPage","@id":"https:\/\/sainatech.be\/essais-de-sol\/services-geotechnical\/guide-penetrometre\/fouilles-descriptives\/","url":"https:\/\/sainatech.be\/essais-de-sol\/services-geotechnical\/guide-penetrometre\/fouilles-descriptives\/","name":"Fouilles descriptives - Sainatech","isPartOf":{"@id":"https:\/\/sainatech.be\/#website"},"primaryImageOfPage":{"@id":"https:\/\/sainatech.be\/essais-de-sol\/services-geotechnical\/guide-penetrometre\/fouilles-descriptives\/#primaryimage"},"image":{"@id":"https:\/\/sainatech.be\/essais-de-sol\/services-geotechnical\/guide-penetrometre\/fouilles-descriptives\/#primaryimage"},"thumbnailUrl":"https:\/\/sainatech.be\/wp-content\/uploads\/2023\/07\/1689526136319.jpg","datePublished":"2023-07-17T06:26:20+00:00","dateModified":"2023-07-27T08:46:48+00:00","description":"Nous vous proposons des fouilles descriptives personnalis\u00e9es pour les berges de ruisseaux, les caves et les sout\u00e8nements et des d\u00e9capages.","breadcrumb":{"@id":"https:\/\/sainatech.be\/essais-de-sol\/services-geotechnical\/guide-penetrometre\/fouilles-descriptives\/#breadcrumb"},"inLanguage":"nl-BE","potentialAction":[{"@type":"ReadAction","target":["https:\/\/sainatech.be\/essais-de-sol\/services-geotechnical\/guide-penetrometre\/fouilles-descriptives\/"]}]},{"@type":"ImageObject","inLanguage":"nl-BE","@id":"https:\/\/sainatech.be\/essais-de-sol\/services-geotechnical\/guide-penetrometre\/fouilles-descriptives\/#primaryimage","url":"https:\/\/sainatech.be\/wp-content\/uploads\/2023\/07\/1689526136319.jpg","contentUrl":"https:\/\/sainatech.be\/wp-content\/uploads\/2023\/07\/1689526136319.jpg","width":1080,"height":1920},{"@type":"BreadcrumbList","@id":"https:\/\/sainatech.be\/essais-de-sol\/services-geotechnical\/guide-penetrometre\/fouilles-descriptives\/#breadcrumb","itemListElement":[{"@type":"ListItem","position":1,"name":"Accueil","item":"https:\/\/sainatech.be\/"},{"@type":"ListItem","position":2,"name":"Vos ing\u00e9nieurs d&rsquo;\u00e9tude, essai de sol, stabilit\u00e9","item":"https:\/\/sainatech.be\/essais-de-sol\/"},{"@type":"ListItem","position":3,"name":"Services","item":"https:\/\/sainatech.be\/essais-de-sol\/services-geotechnical\/"},{"@type":"ListItem","position":4,"name":"Capacit\u00e9 portante du sol","item":"https:\/\/sainatech.be\/essais-de-sol\/services-geotechnical\/guide-penetrometre\/"},{"@type":"ListItem","position":5,"name":"Fouilles descriptives"}]},{"@type":"WebSite","@id":"https:\/\/sainatech.be\/#website","url":"https:\/\/sainatech.be\/","name":"Sainatech","description":"Sp\u00e9cialiste en essai de sol et en stabilit\u00e9","potentialAction":[{"@type":"SearchAction","target":{"@type":"EntryPoint","urlTemplate":"https:\/\/sainatech.be\/?s={search_term_string}"},"query-input":{"@type":"PropertyValueSpecification","valueRequired":true,"valueName":"search_term_string"}}],"inLanguage":"nl-BE"}]}},"_links":{"self":[{"href":"https:\/\/sainatech.be\/nl\/wp-json\/wp\/v2\/pages\/2184","targetHints":{"allow":["GET"]}}],"collection":[{"href":"https:\/\/sainatech.be\/nl\/wp-json\/wp\/v2\/pages"}],"about":[{"href":"https:\/\/sainatech.be\/nl\/wp-json\/wp\/v2\/types\/page"}],"author":[{"embeddable":true,"href":"https:\/\/sainatech.be\/nl\/wp-json\/wp\/v2\/users\/3"}],"replies":[{"embeddable":true,"href":"https:\/\/sainatech.be\/nl\/wp-json\/wp\/v2\/comments?post=2184"}],"version-history":[{"count":4,"href":"https:\/\/sainatech.be\/nl\/wp-json\/wp\/v2\/pages\/2184\/revisions"}],"predecessor-version":[{"id":2501,"href":"https:\/\/sainatech.be\/nl\/wp-json\/wp\/v2\/pages\/2184\/revisions\/2501"}],"up":[{"embeddable":true,"href":"https:\/\/sainatech.be\/nl\/wp-json\/wp\/v2\/pages\/403"}],"wp:featuredmedia":[{"embeddable":true,"href":"https:\/\/sainatech.be\/nl\/wp-json\/wp\/v2\/media\/2190"}],"wp:attachment":[{"href":"https:\/\/sainatech.be\/nl\/wp-json\/wp\/v2\/media?parent=2184"}],"wp:term":[{"taxonomy":"dipi_cpt_category","embeddable":true,"href":"https:\/\/sainatech.be\/nl\/wp-json\/wp\/v2\/dipi_cpt_category?post=2184"}],"curies":[{"name":"wp","href":"https:\/\/api.w.org\/{rel}","templated":true}]}}