{"id":2334,"date":"2023-07-22T16:31:57","date_gmt":"2023-07-22T14:31:57","guid":{"rendered":"https:\/\/sainatech.be\/?page_id=2334"},"modified":"2023-07-27T12:09:05","modified_gmt":"2023-07-27T10:09:05","slug":"recherches-dimpetrants","status":"publish","type":"page","link":"https:\/\/sainatech.be\/nl\/essais-de-sol\/services-geotechnical\/etudes-specifiques\/recherches-dimpetrants\/","title":{"rendered":"Imp\u00e9trants"},"content":{"rendered":"[et_pb_section fb_built=\u00a0\u00bb1&Prime; _builder_version=\u00a0\u00bb4.17.6&Prime; _module_preset=\u00a0\u00bbdefault\u00a0\u00bb background_color=\u00a0\u00bbrgba(0,0,0,0.5)\u00a0\u00bb background_image=\u00a0\u00bbhttps:\/\/sainatech.be\/wp-content\/uploads\/2023\/07\/iStock-1353917402-scaled.jpg\u00a0\u00bb background_blend=\u00a0\u00bbmultiply\u00a0\u00bb custom_padding=\u00a0\u00bb0px||0px||true|\u00a0\u00bb global_colors_info=\u00a0\u00bb{}\u00a0\u00bb][et_pb_row _builder_version=\u00a0\u00bb4.16&Prime; _module_preset=\u00a0\u00bbdefault\u00a0\u00bb custom_padding=\u00a0\u00bb55px||55px||true|\u00a0\u00bb global_colors_info=\u00a0\u00bb{}\u00a0\u00bb][et_pb_column type=\u00a0\u00bb4_4&Prime; _builder_version=\u00a0\u00bb4.16&Prime; _module_preset=\u00a0\u00bbdefault\u00a0\u00bb pac_dcm_carousel_specific_module_num=\u00a0\u00bb0&Prime; global_colors_info=\u00a0\u00bb{}\u00a0\u00bb][et_pb_text _builder_version=\u00a0\u00bb4.17.6&Prime; _module_preset=\u00a0\u00bbdefault\u00a0\u00bb header_font=\u00a0\u00bb|600|||||||\u00a0\u00bb header_text_align=\u00a0\u00bbcenter\u00a0\u00bb header_text_color=\u00a0\u00bb#FFFFFF\u00a0\u00bb header_2_text_color=\u00a0\u00bb#FFFFFF\u00a0\u00bb custom_margin=\u00a0\u00bb||0px||false|false\u00a0\u00bb custom_padding=\u00a0\u00bb||0px||false|false\u00a0\u00bb global_colors_info=\u00a0\u00bb{}\u00a0\u00bb]<h1>Recherches d&rsquo;imp\u00e9trants<\/h1>[\/et_pb_text][dipi_breadcrumbs bc_custom_home=\u00a0\u00bbon\u00a0\u00bb bc_home_text=\u00a0\u00bbAccueil\u00a0\u00bb bc_home_icon=\u00a0\u00bboff\u00a0\u00bb bc_items_alignment=\u00a0\u00bbdipi-bc-center\u00a0\u00bb bc_separator_icon=\u00a0\u00bb&#x35;||divi||400&Prime; bc_schema=\u00a0\u00bbon\u00a0\u00bb bc_separator_color=\u00a0\u00bb#FFFFFF\u00a0\u00bb bc_item_bg_color=\u00a0\u00bbRGBA(255,255,255,0)\u00a0\u00bb bc_active_item_color=\u00a0\u00bbRGBA(255,255,255,0)\u00a0\u00bb bc_active_item_padding=\u00a0\u00bb|10px||10px|false|false\u00a0\u00bb bc_hover_item_bg_color=\u00a0\u00bbRGBA(255,255,255,0)\u00a0\u00bb _builder_version=\u00a0\u00bb4.17.6&Prime; _module_preset=\u00a0\u00bbdefault\u00a0\u00bb items_font=\u00a0\u00bb||||||||\u00a0\u00bb items_text_color=\u00a0\u00bb#FFFFFF\u00a0\u00bb items_font_size=\u00a0\u00bb13px\u00a0\u00bb hover_font=\u00a0\u00bb||||on|||#FFFFFF|\u00a0\u00bb hover_text_color=\u00a0\u00bb#FFFFFF\u00a0\u00bb active_font=\u00a0\u00bb|600||||||#FFFFFF|\u00a0\u00bb active_text_color=\u00a0\u00bb#FFFFFF\u00a0\u00bb height=\u00a0\u00bb20px\u00a0\u00bb custom_margin=\u00a0\u00bb||||false|false\u00a0\u00bb custom_padding=\u00a0\u00bb||||false|false\u00a0\u00bb border_color_all_items=\u00a0\u00bb#FFFFFF\u00a0\u00bb global_colors_info=\u00a0\u00bb{}\u00a0\u00bb][\/dipi_breadcrumbs][\/et_pb_column][\/et_pb_row][\/et_pb_section][et_pb_section fb_built=\u00a0\u00bb1&Prime; _builder_version=\u00a0\u00bb4.17.6&Prime; _module_preset=\u00a0\u00bbdefault\u00a0\u00bb background_color=\u00a0\u00bb#FFFFFF\u00a0\u00bb custom_padding=\u00a0\u00bb70px|||||\u00a0\u00bb global_colors_info=\u00a0\u00bb{}\u00a0\u00bb][et_pb_row column_structure=\u00a0\u00bb3_5,2_5&Prime; make_equal=\u00a0\u00bbon\u00a0\u00bb _builder_version=\u00a0\u00bb4.17.6&Prime; _module_preset=\u00a0\u00bbdefault\u00a0\u00bb custom_css_main_element=\u00a0\u00bbalign-items:center;\u00a0\u00bb global_colors_info=\u00a0\u00bb{}\u00a0\u00bb][et_pb_column type=\u00a0\u00bb3_5&Prime; _builder_version=\u00a0\u00bb4.17.6&Prime; _module_preset=\u00a0\u00bbdefault\u00a0\u00bb pac_dcm_carousel_specific_module_num=\u00a0\u00bb0&Prime; global_colors_info=\u00a0\u00bb{}\u00a0\u00bb][et_pb_text _builder_version=\u00a0\u00bb4.17.6&Prime; _module_preset=\u00a0\u00bbdefault\u00a0\u00bb global_colors_info=\u00a0\u00bb{}\u00a0\u00bb]<h4 class=\"dlab-title m-t0\" style=\"text-align: justify;\"><span>Localisation et Cartographie Pr\u00e9cise des Conduites Souterraines avec SAINATECH<\/span><\/h4>\n<p>&nbsp;<\/p>\n<p style=\"text-align: justify;\">Les conduites souterraines sont les art\u00e8res invisibles qui alimentent nos villes en eau, en \u00e9lectricit\u00e9 et en gaz. Elles repr\u00e9sentent le r\u00e9seau vital sur lequel repose notre soci\u00e9t\u00e9 moderne.<\/p>\n<p style=\"text-align: justify;\">Cependant dans les projets existants datant de plusieurs d\u00e9cennies, il peut arriver qu\u2019un r\u00e9seau de conduite se trouve dans le sol sans connaissance des emplacements.<\/p>\n<p style=\"text-align: justify;\">SAINATECH propose pour ces clients de rechercher ces conduites\u00a0:<\/p>\n<ul>\n<li style=\"text-align: justify;\">Via l\u2019utilisation d\u2019un G\u00e9oRadar de surface qui r\u00e9alise une image en 3D des objets enfouis dans le sol.<\/li>\n<li style=\"text-align: justify;\">Via des fouilles descriptives pour caract\u00e9riser pr\u00e9cis\u00e9ment le type de conduite<\/li>\n<\/ul>\n<p style=\"text-align: justify;\">De plus, a la demande, nous pouvons r\u00e9aliser un plan d\u2019imp\u00e9trant du site en respectant les r\u00e8gles du dessin technique.<\/p>[\/et_pb_text][\/et_pb_column][et_pb_column type=\u00a0\u00bb2_5&Prime; _builder_version=\u00a0\u00bb4.17.6&Prime; _module_preset=\u00a0\u00bbdefault\u00a0\u00bb pac_dcm_carousel_specific_module_num=\u00a0\u00bb0&Prime; global_colors_info=\u00a0\u00bb{}\u00a0\u00bb][et_pb_image src=\u00a0\u00bbhttps:\/\/sainatech.be\/wp-content\/uploads\/2023\/07\/iStock-1312802803-scaled.jpg\u00a0\u00bb title_text=\u00a0\u00bbDetail of man&rsquo;s hands with shovel in it, during digging a hole in ground after positive signal of metal detector with lying metal detector in background\u00a0\u00bb align=\u00a0\u00bbcenter\u00a0\u00bb _builder_version=\u00a0\u00bb4.17.6&Prime; _module_preset=\u00a0\u00bbdefault\u00a0\u00bb global_colors_info=\u00a0\u00bb{}\u00a0\u00bb][\/et_pb_image][\/et_pb_column][\/et_pb_row][\/et_pb_section][et_pb_section fb_built=\u00a0\u00bb1&Prime; _builder_version=\u00a0\u00bb4.17.6&Prime; _module_preset=\u00a0\u00bbdefault\u00a0\u00bb custom_padding=\u00a0\u00bb0px||0px|||\u00a0\u00bb global_colors_info=\u00a0\u00bb{}\u00a0\u00bb][et_pb_row _builder_version=\u00a0\u00bb4.17.6&Prime; _module_preset=\u00a0\u00bbdefault\u00a0\u00bb global_module=\u00a0\u00bb460&Prime; saved_tabs=\u00a0\u00bball\u00a0\u00bb global_colors_info=\u00a0\u00bb{}\u00a0\u00bb][et_pb_column type=\u00a0\u00bb4_4&Prime; _builder_version=\u00a0\u00bb4.17.6&Prime; _module_preset=\u00a0\u00bbdefault\u00a0\u00bb pac_dcm_carousel_specific_module_num=\u00a0\u00bb0&Prime; global_colors_info=\u00a0\u00bb{}\u00a0\u00bb][dipi_expanding_cta use_content_icon=\u00a0\u00bbon\u00a0\u00bb content_icon=\u00a0\u00bb&#x77;||divi||400&Prime; content_title=\u00a0\u00bbUne question ? Besoin d&rsquo;un devis ?\u00a0\u00bb content_description=\u00a0\u00bbNotre \u00e9quipe vous r\u00e9pondra avec plaisir dans les plus brefs d\u00e9lais !\u00a0\u00bb show_content_button=\u00a0\u00bbon\u00a0\u00bb content_button_text=\u00a0\u00bbNous contacter\u00a0\u00bb content_button_link=\u00a0\u00bb\/contact\u00a0\u00bb content_icon_color=\u00a0\u00bb#FFFFFF\u00a0\u00bb content_image_icon_background_color=\u00a0\u00bbRGBA(255,255,255,0)\u00a0\u00bb content_image_icon_width=\u00a0\u00bb50px\u00a0\u00bb content_desc_padding=\u00a0\u00bb0px|0px|20px|0px|false|false\u00a0\u00bb overlay_bg_color=\u00a0\u00bbrgba(38,121,192,0.43)\u00a0\u00bb content_bg_color=\u00a0\u00bb#2679C0&Prime; _builder_version=\u00a0\u00bb4.17.6&Prime; _module_preset=\u00a0\u00bbdefault\u00a0\u00bb content_title_font=\u00a0\u00bb|700|||||||\u00a0\u00bb content_title_text_color=\u00a0\u00bb#FFFFFF\u00a0\u00bb content_desc_text_color=\u00a0\u00bb#FFFFFF\u00a0\u00bb background_enable_image=\u00a0\u00bboff\u00a0\u00bb custom_content_button=\u00a0\u00bbon\u00a0\u00bb content_button_text_size=\u00a0\u00bb17px\u00a0\u00bb content_button_text_color=\u00a0\u00bb#2679C0&Prime; content_button_bg_color=\u00a0\u00bb#FFFFFF\u00a0\u00bb content_button_border_color=\u00a0\u00bb#FFFFFF\u00a0\u00bb content_button_border_radius=\u00a0\u00bb63px\u00a0\u00bb content_button_custom_padding=\u00a0\u00bb10px|30px|10px|30px|false|false\u00a0\u00bb border_radii_container=\u00a0\u00bbon|10px|10px|10px|10px\u00a0\u00bb global_colors_info=\u00a0\u00bb{}\u00a0\u00bb content_button_custom_padding__hover_enabled=\u00a0\u00bbon|desktop\u00a0\u00bb content_button_custom_padding__hover=\u00a0\u00bb10px|45px|10px|30px|false|false\u00a0\u00bb][\/dipi_expanding_cta][\/et_pb_column][\/et_pb_row][\/et_pb_section]","protected":false},"excerpt":{"rendered":"<p>Recherches d&rsquo;imp\u00e9trants<div class=\"et_pb_with_border et_pb_module dipi_breadcrumbs dipi_breadcrumbs_0\">\n\t\t\t\t\n\t\t\t\t\n\t\t\t\t\n\t\t\t\t\n\t\t\t\t\n\t\t\t\t\n\t\t\t\t<div class=\"et_pb_module_inner\">\n\t\t\t\t\t<div class=\"dipi-breadcrumbs dipi-bc-center\">\n                <ul itemscope itemtype=\"https:\/\/schema.org\/BreadcrumbList\">\n                    \n                                                        <li itemprop=\"itemListElement\" itemscope itemtype=\"https:\/\/schema.org\/ListItem\" class=\"dipi-breadcrumb-item dipi-breadcrumb-home\">\n\n                        \n                            <a itemprop=\"item\" href=\"\">\n                                <span itemprop=\"name\" content=\"Home\">\n                                                                        Home                                <\/span>\n                            <\/a>\n\n                                                <meta itemprop=\"position\" content=\"1\"\/>                    <\/li>\n\n                    <li class=\"dipi-breadcrumb-separator\">\n                    <span class=\"et-pb-icon dipi-separator-icon\">&#x35;<\/span>\n                <\/li>                            \n                <\/ul>\n            <\/div>\n\t\t\t\t<\/div>\n\t\t\t<\/div>Localisation et Cartographie Pr\u00e9cise des Conduites Souterraines avec SAINATECH &nbsp; Les conduites souterraines sont les art\u00e8res invisibles qui alimentent nos villes en eau, en \u00e9lectricit\u00e9 et en gaz. Elles [&hellip;]<\/p>","protected":false},"author":3,"featured_media":2337,"parent":987,"menu_order":0,"comment_status":"closed","ping_status":"closed","template":"","meta":{"_acf_changed":false,"_et_pb_use_builder":"on","_et_pb_old_content":"","_et_gb_content_width":"","om_disable_all_campaigns":false,"_monsterinsights_skip_tracking":false,"_monsterinsights_sitenote_active":false,"_monsterinsights_sitenote_note":"","_monsterinsights_sitenote_category":0,"_uf_show_specific_survey":0,"_uf_disable_surveys":false,"footnotes":""},"dipi_cpt_category":[],"class_list":["post-2334","page","type-page","status-publish","has-post-thumbnail","hentry"],"acf":[],"yoast_head":"<!-- This site is optimized with the Yoast SEO Premium plugin v22.9 (Yoast SEO v23.6) - https:\/\/yoast.com\/wordpress\/plugins\/seo\/ -->\n<title>Imp\u00e9trants - Sainatech<\/title>\n<meta name=\"description\" content=\"Nous vous proposons la recherche et cartographie des conduites essentielles. Nous r\u00e9alisons un plan d&#039;imp\u00e9trant conforme aux normes.\" \/>\n<meta name=\"robots\" content=\"index, follow, max-snippet:-1, max-image-preview:large, max-video-preview:-1\" \/>\n<link rel=\"canonical\" href=\"https:\/\/sainatech.be\/nl\/essais-de-sol\/services-geotechnical\/etudes-specifiques\/recherches-dimpetrants\/\" \/>\n<meta property=\"og:locale\" content=\"nl_BE\" \/>\n<meta property=\"og:type\" content=\"article\" \/>\n<meta property=\"og:title\" content=\"Imp\u00e9trants\" \/>\n<meta property=\"og:description\" content=\"Nous vous proposons la recherche et cartographie des conduites essentielles. Nous r\u00e9alisons un plan d&#039;imp\u00e9trant conforme aux normes.\" \/>\n<meta property=\"og:url\" content=\"https:\/\/sainatech.be\/nl\/wp-json\/wp\/v2\/pages\/2334\" \/>\n<meta property=\"og:site_name\" content=\"Sainatech\" \/>\n<meta property=\"article:modified_time\" content=\"2023-07-27T10:09:05+00:00\" \/>\n<meta property=\"og:image\" content=\"https:\/\/sainatech.be\/wp-content\/uploads\/2023\/07\/iStock-1312802803-scaled.jpg\" \/>\n\t<meta property=\"og:image:width\" content=\"2560\" \/>\n\t<meta property=\"og:image:height\" content=\"1707\" \/>\n\t<meta property=\"og:image:type\" content=\"image\/jpeg\" \/>\n<meta name=\"twitter:card\" content=\"summary_large_image\" \/>\n<meta name=\"twitter:label1\" content=\"Geschatte leestijd\" \/>\n\t<meta name=\"twitter:data1\" content=\"2 minuten\" \/>\n<script type=\"application\/ld+json\" class=\"yoast-schema-graph\">{\"@context\":\"https:\/\/schema.org\",\"@graph\":[{\"@type\":\"WebPage\",\"@id\":\"https:\/\/sainatech.be\/essais-de-sol\/services-geotechnical\/etudes-specifiques\/recherches-dimpetrants\/\",\"url\":\"https:\/\/sainatech.be\/essais-de-sol\/services-geotechnical\/etudes-specifiques\/recherches-dimpetrants\/\",\"name\":\"Imp\u00e9trants - Sainatech\",\"isPartOf\":{\"@id\":\"https:\/\/sainatech.be\/#website\"},\"primaryImageOfPage\":{\"@id\":\"https:\/\/sainatech.be\/essais-de-sol\/services-geotechnical\/etudes-specifiques\/recherches-dimpetrants\/#primaryimage\"},\"image\":{\"@id\":\"https:\/\/sainatech.be\/essais-de-sol\/services-geotechnical\/etudes-specifiques\/recherches-dimpetrants\/#primaryimage\"},\"thumbnailUrl\":\"https:\/\/sainatech.be\/wp-content\/uploads\/2023\/07\/iStock-1312802803-scaled.jpg\",\"datePublished\":\"2023-07-22T14:31:57+00:00\",\"dateModified\":\"2023-07-27T10:09:05+00:00\",\"description\":\"Nous vous proposons la recherche et cartographie des conduites essentielles. Nous r\u00e9alisons un plan d'imp\u00e9trant conforme aux normes.\",\"breadcrumb\":{\"@id\":\"https:\/\/sainatech.be\/essais-de-sol\/services-geotechnical\/etudes-specifiques\/recherches-dimpetrants\/#breadcrumb\"},\"inLanguage\":\"nl-BE\",\"potentialAction\":[{\"@type\":\"ReadAction\",\"target\":[\"https:\/\/sainatech.be\/essais-de-sol\/services-geotechnical\/etudes-specifiques\/recherches-dimpetrants\/\"]}]},{\"@type\":\"ImageObject\",\"inLanguage\":\"nl-BE\",\"@id\":\"https:\/\/sainatech.be\/essais-de-sol\/services-geotechnical\/etudes-specifiques\/recherches-dimpetrants\/#primaryimage\",\"url\":\"https:\/\/sainatech.be\/wp-content\/uploads\/2023\/07\/iStock-1312802803-scaled.jpg\",\"contentUrl\":\"https:\/\/sainatech.be\/wp-content\/uploads\/2023\/07\/iStock-1312802803-scaled.jpg\",\"width\":2560,\"height\":1707,\"caption\":\"Detail of man's hands with shovel in it, during digging a hole in ground after positive signal of metal detector with lying metal detector in background\"},{\"@type\":\"BreadcrumbList\",\"@id\":\"https:\/\/sainatech.be\/essais-de-sol\/services-geotechnical\/etudes-specifiques\/recherches-dimpetrants\/#breadcrumb\",\"itemListElement\":[{\"@type\":\"ListItem\",\"position\":1,\"name\":\"Accueil\",\"item\":\"https:\/\/sainatech.be\/\"},{\"@type\":\"ListItem\",\"position\":2,\"name\":\"Vos ing\u00e9nieurs d&rsquo;\u00e9tude, essai de sol, stabilit\u00e9\",\"item\":\"https:\/\/sainatech.be\/essais-de-sol\/\"},{\"@type\":\"ListItem\",\"position\":3,\"name\":\"Services\",\"item\":\"https:\/\/sainatech.be\/essais-de-sol\/services-geotechnical\/\"},{\"@type\":\"ListItem\",\"position\":4,\"name\":\"Etudes sp\u00e9cifiques\",\"item\":\"https:\/\/sainatech.be\/essais-de-sol\/services-geotechnical\/etudes-specifiques\/\"},{\"@type\":\"ListItem\",\"position\":5,\"name\":\"Imp\u00e9trants\"}]},{\"@type\":\"WebSite\",\"@id\":\"https:\/\/sainatech.be\/#website\",\"url\":\"https:\/\/sainatech.be\/\",\"name\":\"Sainatech\",\"description\":\"Sp\u00e9cialiste en essai de sol et en stabilit\u00e9\",\"potentialAction\":[{\"@type\":\"SearchAction\",\"target\":{\"@type\":\"EntryPoint\",\"urlTemplate\":\"https:\/\/sainatech.be\/?s={search_term_string}\"},\"query-input\":{\"@type\":\"PropertyValueSpecification\",\"valueRequired\":true,\"valueName\":\"search_term_string\"}}],\"inLanguage\":\"nl-BE\"}]}<\/script>\n<!-- \/ Yoast SEO Premium plugin. -->","yoast_head_json":{"title":"Imp\u00e9trants - Sainatech","description":"Nous vous proposons la recherche et cartographie des conduites essentielles. Nous r\u00e9alisons un plan d'imp\u00e9trant conforme aux normes.","robots":{"index":"index","follow":"follow","max-snippet":"max-snippet:-1","max-image-preview":"max-image-preview:large","max-video-preview":"max-video-preview:-1"},"canonical":"https:\/\/sainatech.be\/nl\/essais-de-sol\/services-geotechnical\/etudes-specifiques\/recherches-dimpetrants\/","og_locale":"nl_BE","og_type":"article","og_title":"Imp\u00e9trants","og_description":"Nous vous proposons la recherche et cartographie des conduites essentielles. Nous r\u00e9alisons un plan d'imp\u00e9trant conforme aux normes.","og_url":"https:\/\/sainatech.be\/nl\/wp-json\/wp\/v2\/pages\/2334","og_site_name":"Sainatech","article_modified_time":"2023-07-27T10:09:05+00:00","og_image":[{"width":2560,"height":1707,"url":"https:\/\/sainatech.be\/wp-content\/uploads\/2023\/07\/iStock-1312802803-scaled.jpg","type":"image\/jpeg"}],"twitter_card":"summary_large_image","twitter_misc":{"Geschatte leestijd":"2 minuten"},"schema":{"@context":"https:\/\/schema.org","@graph":[{"@type":"WebPage","@id":"https:\/\/sainatech.be\/essais-de-sol\/services-geotechnical\/etudes-specifiques\/recherches-dimpetrants\/","url":"https:\/\/sainatech.be\/essais-de-sol\/services-geotechnical\/etudes-specifiques\/recherches-dimpetrants\/","name":"Imp\u00e9trants - Sainatech","isPartOf":{"@id":"https:\/\/sainatech.be\/#website"},"primaryImageOfPage":{"@id":"https:\/\/sainatech.be\/essais-de-sol\/services-geotechnical\/etudes-specifiques\/recherches-dimpetrants\/#primaryimage"},"image":{"@id":"https:\/\/sainatech.be\/essais-de-sol\/services-geotechnical\/etudes-specifiques\/recherches-dimpetrants\/#primaryimage"},"thumbnailUrl":"https:\/\/sainatech.be\/wp-content\/uploads\/2023\/07\/iStock-1312802803-scaled.jpg","datePublished":"2023-07-22T14:31:57+00:00","dateModified":"2023-07-27T10:09:05+00:00","description":"Nous vous proposons la recherche et cartographie des conduites essentielles. Nous r\u00e9alisons un plan d'imp\u00e9trant conforme aux normes.","breadcrumb":{"@id":"https:\/\/sainatech.be\/essais-de-sol\/services-geotechnical\/etudes-specifiques\/recherches-dimpetrants\/#breadcrumb"},"inLanguage":"nl-BE","potentialAction":[{"@type":"ReadAction","target":["https:\/\/sainatech.be\/essais-de-sol\/services-geotechnical\/etudes-specifiques\/recherches-dimpetrants\/"]}]},{"@type":"ImageObject","inLanguage":"nl-BE","@id":"https:\/\/sainatech.be\/essais-de-sol\/services-geotechnical\/etudes-specifiques\/recherches-dimpetrants\/#primaryimage","url":"https:\/\/sainatech.be\/wp-content\/uploads\/2023\/07\/iStock-1312802803-scaled.jpg","contentUrl":"https:\/\/sainatech.be\/wp-content\/uploads\/2023\/07\/iStock-1312802803-scaled.jpg","width":2560,"height":1707,"caption":"Detail of man's hands with shovel in it, during digging a hole in ground after positive signal of metal detector with lying metal detector in background"},{"@type":"BreadcrumbList","@id":"https:\/\/sainatech.be\/essais-de-sol\/services-geotechnical\/etudes-specifiques\/recherches-dimpetrants\/#breadcrumb","itemListElement":[{"@type":"ListItem","position":1,"name":"Accueil","item":"https:\/\/sainatech.be\/"},{"@type":"ListItem","position":2,"name":"Vos ing\u00e9nieurs d&rsquo;\u00e9tude, essai de sol, stabilit\u00e9","item":"https:\/\/sainatech.be\/essais-de-sol\/"},{"@type":"ListItem","position":3,"name":"Services","item":"https:\/\/sainatech.be\/essais-de-sol\/services-geotechnical\/"},{"@type":"ListItem","position":4,"name":"Etudes sp\u00e9cifiques","item":"https:\/\/sainatech.be\/essais-de-sol\/services-geotechnical\/etudes-specifiques\/"},{"@type":"ListItem","position":5,"name":"Imp\u00e9trants"}]},{"@type":"WebSite","@id":"https:\/\/sainatech.be\/#website","url":"https:\/\/sainatech.be\/","name":"Sainatech","description":"Sp\u00e9cialiste en essai de sol et en stabilit\u00e9","potentialAction":[{"@type":"SearchAction","target":{"@type":"EntryPoint","urlTemplate":"https:\/\/sainatech.be\/?s={search_term_string}"},"query-input":{"@type":"PropertyValueSpecification","valueRequired":true,"valueName":"search_term_string"}}],"inLanguage":"nl-BE"}]}},"_links":{"self":[{"href":"https:\/\/sainatech.be\/nl\/wp-json\/wp\/v2\/pages\/2334","targetHints":{"allow":["GET"]}}],"collection":[{"href":"https:\/\/sainatech.be\/nl\/wp-json\/wp\/v2\/pages"}],"about":[{"href":"https:\/\/sainatech.be\/nl\/wp-json\/wp\/v2\/types\/page"}],"author":[{"embeddable":true,"href":"https:\/\/sainatech.be\/nl\/wp-json\/wp\/v2\/users\/3"}],"replies":[{"embeddable":true,"href":"https:\/\/sainatech.be\/nl\/wp-json\/wp\/v2\/comments?post=2334"}],"version-history":[{"count":5,"href":"https:\/\/sainatech.be\/nl\/wp-json\/wp\/v2\/pages\/2334\/revisions"}],"predecessor-version":[{"id":2511,"href":"https:\/\/sainatech.be\/nl\/wp-json\/wp\/v2\/pages\/2334\/revisions\/2511"}],"up":[{"embeddable":true,"href":"https:\/\/sainatech.be\/nl\/wp-json\/wp\/v2\/pages\/987"}],"wp:featuredmedia":[{"embeddable":true,"href":"https:\/\/sainatech.be\/nl\/wp-json\/wp\/v2\/media\/2337"}],"wp:attachment":[{"href":"https:\/\/sainatech.be\/nl\/wp-json\/wp\/v2\/media?parent=2334"}],"wp:term":[{"taxonomy":"dipi_cpt_category","embeddable":true,"href":"https:\/\/sainatech.be\/nl\/wp-json\/wp\/v2\/dipi_cpt_category?post=2334"}],"curies":[{"name":"wp","href":"https:\/\/api.w.org\/{rel}","templated":true}]}}