{"id":2349,"date":"2023-07-23T13:41:47","date_gmt":"2023-07-23T11:41:47","guid":{"rendered":"https:\/\/sainatech.be\/?page_id=2349"},"modified":"2023-07-25T11:10:22","modified_gmt":"2023-07-25T09:10:22","slug":"rapport-de-qualite-des-terres-rqt","status":"publish","type":"page","link":"https:\/\/sainatech.be\/nl\/essais-de-sol\/services-geotechnical\/etudes-specifiques\/rapport-de-qualite-des-terres-rqt\/","title":{"rendered":"Rapport de Qualit\u00e9 des Terres [RQT]"},"content":{"rendered":"[et_pb_section fb_built=\u00a0\u00bb1&Prime; _builder_version=\u00a0\u00bb4.17.6&Prime; _module_preset=\u00a0\u00bbdefault\u00a0\u00bb background_color=\u00a0\u00bbrgba(0,0,0,0.5)\u00a0\u00bb background_image=\u00a0\u00bbhttps:\/\/sainatech.be\/wp-content\/uploads\/2023\/07\/iStock-664979638-scaled.jpg\u00a0\u00bb background_position=\u00a0\u00bbbottom_center\u00a0\u00bb background_blend=\u00a0\u00bbmultiply\u00a0\u00bb custom_padding=\u00a0\u00bb0px||0px||true|\u00a0\u00bb global_colors_info=\u00a0\u00bb{}\u00a0\u00bb][et_pb_row _builder_version=\u00a0\u00bb4.16&Prime; _module_preset=\u00a0\u00bbdefault\u00a0\u00bb custom_padding=\u00a0\u00bb55px||55px||true|\u00a0\u00bb global_colors_info=\u00a0\u00bb{}\u00a0\u00bb][et_pb_column type=\u00a0\u00bb4_4&Prime; _builder_version=\u00a0\u00bb4.16&Prime; _module_preset=\u00a0\u00bbdefault\u00a0\u00bb pac_dcm_carousel_specific_module_num=\u00a0\u00bb0&Prime; global_colors_info=\u00a0\u00bb{}\u00a0\u00bb][et_pb_text _builder_version=\u00a0\u00bb4.17.6&Prime; _module_preset=\u00a0\u00bbdefault\u00a0\u00bb header_font=\u00a0\u00bb|600|||||||\u00a0\u00bb header_text_align=\u00a0\u00bbcenter\u00a0\u00bb header_text_color=\u00a0\u00bb#FFFFFF\u00a0\u00bb header_2_text_color=\u00a0\u00bb#FFFFFF\u00a0\u00bb custom_margin=\u00a0\u00bb||0px||false|false\u00a0\u00bb custom_padding=\u00a0\u00bb||0px||false|false\u00a0\u00bb global_colors_info=\u00a0\u00bb{}\u00a0\u00bb]<h1>Rapport de Qualit\u00e9 des terres [RQT]<\/h1>[\/et_pb_text][dipi_breadcrumbs bc_custom_home=\u00a0\u00bbon\u00a0\u00bb bc_home_text=\u00a0\u00bbAccueil\u00a0\u00bb bc_home_icon=\u00a0\u00bboff\u00a0\u00bb bc_items_alignment=\u00a0\u00bbdipi-bc-center\u00a0\u00bb bc_separator_icon=\u00a0\u00bb&#x35;||divi||400&Prime; bc_schema=\u00a0\u00bbon\u00a0\u00bb bc_separator_color=\u00a0\u00bb#FFFFFF\u00a0\u00bb bc_item_bg_color=\u00a0\u00bbRGBA(255,255,255,0)\u00a0\u00bb bc_active_item_color=\u00a0\u00bbRGBA(255,255,255,0)\u00a0\u00bb bc_active_item_padding=\u00a0\u00bb|10px||10px|false|false\u00a0\u00bb bc_hover_item_bg_color=\u00a0\u00bbRGBA(255,255,255,0)\u00a0\u00bb _builder_version=\u00a0\u00bb4.17.6&Prime; _module_preset=\u00a0\u00bbdefault\u00a0\u00bb items_font=\u00a0\u00bb||||||||\u00a0\u00bb items_text_color=\u00a0\u00bb#FFFFFF\u00a0\u00bb items_font_size=\u00a0\u00bb13px\u00a0\u00bb hover_font=\u00a0\u00bb||||on|||#FFFFFF|\u00a0\u00bb hover_text_color=\u00a0\u00bb#FFFFFF\u00a0\u00bb active_font=\u00a0\u00bb|600||||||#FFFFFF|\u00a0\u00bb active_text_color=\u00a0\u00bb#FFFFFF\u00a0\u00bb height=\u00a0\u00bb20px\u00a0\u00bb custom_margin=\u00a0\u00bb||||false|false\u00a0\u00bb custom_padding=\u00a0\u00bb||||false|false\u00a0\u00bb border_color_all_items=\u00a0\u00bb#FFFFFF\u00a0\u00bb global_colors_info=\u00a0\u00bb{}\u00a0\u00bb][\/dipi_breadcrumbs][\/et_pb_column][\/et_pb_row][\/et_pb_section][et_pb_section fb_built=\u00a0\u00bb1&Prime; _builder_version=\u00a0\u00bb4.17.6&Prime; _module_preset=\u00a0\u00bbdefault\u00a0\u00bb background_color=\u00a0\u00bb#FFFFFF\u00a0\u00bb custom_padding=\u00a0\u00bb70px|||||\u00a0\u00bb global_colors_info=\u00a0\u00bb{}\u00a0\u00bb][et_pb_row make_equal=\u00a0\u00bbon\u00a0\u00bb _builder_version=\u00a0\u00bb4.17.6&Prime; _module_preset=\u00a0\u00bbdefault\u00a0\u00bb hover_enabled=\u00a0\u00bb0&Prime; custom_css_main_element=\u00a0\u00bbalign-items:center;\u00a0\u00bb global_colors_info=\u00a0\u00bb{}\u00a0\u00bb custom_padding=\u00a0\u00bb14px|||||\u00a0\u00bb sticky_enabled=\u00a0\u00bb0&Prime;][et_pb_column type=\u00a0\u00bb4_4&Prime; _builder_version=\u00a0\u00bb4.17.6&Prime; _module_preset=\u00a0\u00bbdefault\u00a0\u00bb pac_dcm_carousel_specific_module_num=\u00a0\u00bb0&Prime; global_colors_info=\u00a0\u00bb{}\u00a0\u00bb][et_pb_text _builder_version=\u00a0\u00bb4.17.6&Prime; _module_preset=\u00a0\u00bbdefault\u00a0\u00bb custom_padding=\u00a0\u00bb||0px|||\u00a0\u00bb hover_enabled=\u00a0\u00bb0&Prime; global_colors_info=\u00a0\u00bb{}\u00a0\u00bb sticky_enabled=\u00a0\u00bb0&Prime;]<h2><span style=\"color: #999999;\">\u00ab\u00a0Tra\u00e7abilit\u00e9 et contr\u00f4le qualit\u00e9 : <span>Une r\u00e9volution pour la gestion des terres en Wallonie !\u00a0\u00bb<\/span><\/span><\/h2>\n<p style=\"text-align: justify;\">Le 1er mai 2020 marqua l&rsquo;entr\u00e9e en vigueur de l&rsquo;arr\u00eat\u00e9 du Gouvernement wallon datant du 5 juillet 2018. Cet arr\u00eat\u00e9 vise \u00e0 r\u00e9guler la gestion et l&rsquo;utilisation des terres sur le territoire wallon. Une nouveaut\u00e9 majeure introduite par cet arr\u00eat\u00e9 est la mise en place d&rsquo;une tra\u00e7abilit\u00e9, notamment par l&rsquo;analyse de pollution, pour les mouvements de terres, assur\u00e9e par l&rsquo;asbl Walterre.<\/p>\n<p style=\"text-align: justify;\">En outre, ce texte pr\u00e9voit un contr\u00f4le de qualit\u00e9 obligatoire pour les terres excav\u00e9es sur un site suspect par d&rsquo;eventuel pollution ainsi que pour celles dont le volume d\u00e9passe les 400 m3. Cette mesure permettra d&rsquo;\u00e9valuer la qualit\u00e9 des terres utilis\u00e9es dans ces cas sp\u00e9cifiques afin de garantir leur conformit\u00e9 aux normes environnementales et sanitaires.<\/p>\n<p style=\"text-align: justify;\">Ainsi, gr\u00e2ce \u00e0 cet arr\u00eat\u00e9 novateur, une plus grande transparence sera apport\u00e9e quant \u00e0 la gestion des terres en Wallonie tout en veillant \u00e0 pr\u00e9server notre environnement et notre sant\u00e9 publique.<\/p>[\/et_pb_text][\/et_pb_column][\/et_pb_row][et_pb_row column_structure=\u00a0\u00bb1_2,1_2&Prime; _builder_version=\u00a0\u00bb4.17.6&Prime; _module_preset=\u00a0\u00bbdefault\u00a0\u00bb global_colors_info=\u00a0\u00bb{}\u00a0\u00bb custom_padding=\u00a0\u00bb44px|||||\u00a0\u00bb][et_pb_column type=\u00a0\u00bb1_2&Prime; _builder_version=\u00a0\u00bb4.17.6&Prime; _module_preset=\u00a0\u00bbdefault\u00a0\u00bb pac_dcm_carousel_specific_module_num=\u00a0\u00bb0&Prime; global_colors_info=\u00a0\u00bb{}\u00a0\u00bb][et_pb_text _builder_version=\u00a0\u00bb4.17.6&Prime; _module_preset=\u00a0\u00bbdefault\u00a0\u00bb hover_enabled=\u00a0\u00bb0&Prime; global_colors_info=\u00a0\u00bb{}\u00a0\u00bb sticky_enabled=\u00a0\u00bb0&Prime;]<h2><span style=\"color: #999999;\">WALTERRE<\/span><\/h2>\n<p style=\"text-align: justify;\">Avant de commencer toute excavation, il est important de noter que si la quantit\u00e9 de terre \u00e0 \u00e9vacuer d\u00e9passe 400 m3 ou si la parcelle d&rsquo;origine des terres est r\u00e9pertori\u00e9e en couleur p\u00eache ou lavande dans la Banque de Donn\u00e9es sur l&rsquo;Etat des Sols (BDES-pollution), un certificat de contr\u00f4le qualit\u00e9 des terres doit \u00eatre obtenu. Ce certificat n\u00e9cessite la r\u00e9daction d&rsquo;un Rapport Qualit\u00e9 des Terres par un expert agr\u00e9\u00e9 \u00ab\u00a0sols\u00a0\u00bb, qui doit ensuite \u00eatre envoy\u00e9 \u00e0 l&rsquo;asbl Walterre.<\/p>\n<p style=\"text-align: justify;\">En ce qui concerne le d\u00e9placement des terres, il est obligatoire pour la personne responsable de leur \u00e9vacuation (g\u00e9n\u00e9ralement l&rsquo;entrepreneur) d&rsquo;obtenir un document de transport aupr\u00e8s de l&rsquo;asbl Walterre.<\/p>\n<p style=\"text-align: justify;\">Pour plus d&rsquo;information, consulter le site web <a href=\"https:\/\/walterre.be\/\">WALTERRE<\/a><\/p>[\/et_pb_text][\/et_pb_column][et_pb_column type=\u00a0\u00bb1_2&Prime; _builder_version=\u00a0\u00bb4.17.6&Prime; _module_preset=\u00a0\u00bbdefault\u00a0\u00bb pac_dcm_carousel_specific_module_num=\u00a0\u00bb0&Prime; global_colors_info=\u00a0\u00bb{}\u00a0\u00bb][et_pb_image src=\u00a0\u00bbhttps:\/\/sainatech.be\/wp-content\/uploads\/2023\/07\/iStock-664979638-scaled.jpg\u00a0\u00bb alt=\u00a0\u00bbPelle m\u00e9canique pour terrassement\u00a0\u00bb title_text=\u00a0\u00bbexcavator in construction site on sunset sky\u00a0\u00bb _builder_version=\u00a0\u00bb4.17.6&Prime; _module_preset=\u00a0\u00bbdefault\u00a0\u00bb global_colors_info=\u00a0\u00bb{}\u00a0\u00bb][\/et_pb_image][\/et_pb_column][\/et_pb_row][et_pb_row column_structure=\u00a0\u00bb1_3,2_3&Prime; _builder_version=\u00a0\u00bb4.17.6&Prime; _module_preset=\u00a0\u00bbdefault\u00a0\u00bb global_colors_info=\u00a0\u00bb{}\u00a0\u00bb][et_pb_column type=\u00a0\u00bb1_3&Prime; _builder_version=\u00a0\u00bb4.17.6&Prime; _module_preset=\u00a0\u00bbdefault\u00a0\u00bb pac_dcm_carousel_specific_module_num=\u00a0\u00bb0&Prime; global_colors_info=\u00a0\u00bb{}\u00a0\u00bb][et_pb_gallery gallery_ids=\u00a0\u00bb2358&Prime; show_title_and_caption=\u00a0\u00bboff\u00a0\u00bb _builder_version=\u00a0\u00bb4.17.6&Prime; _module_preset=\u00a0\u00bbdefault\u00a0\u00bb global_colors_info=\u00a0\u00bb{}\u00a0\u00bb][\/et_pb_gallery][\/et_pb_column][et_pb_column type=\u00a0\u00bb2_3&Prime; _builder_version=\u00a0\u00bb4.17.6&Prime; _module_preset=\u00a0\u00bbdefault\u00a0\u00bb pac_dcm_carousel_specific_module_num=\u00a0\u00bb0&Prime; global_colors_info=\u00a0\u00bb{}\u00a0\u00bb][et_pb_text _builder_version=\u00a0\u00bb4.17.6&Prime; _module_preset=\u00a0\u00bbdefault\u00a0\u00bb global_colors_info=\u00a0\u00bb{}\u00a0\u00bb]<h2><span style=\"color: #999999;\">\u00a0Pr\u00e9l\u00e8vements<\/span><span style=\"color: #999999;\"> d&rsquo;\u00e9chantillons<\/span><\/h2>\n<p>SAINATECH propose \u00e0 ces clients l\u2019accompagnement dans l&rsquo;analyse et la r\u00e9daction du RQT :<\/p>\n<p>&nbsp;<\/p>\n<ul>\n<li style=\"text-align: justify;\">R\u00e9alisation de la strat\u00e9gie <a href=\"https:\/\/sainatech.be\/nl\/essai-de-sol\/services-geotechnical\/guide-penetrometre\/echantillonnage-2\/\">d\u2019\u00e9chantillonnage<\/a> en fonction du volume \u00e0 excaver. Nos techniciens sont agr\u00e9\u00e9s \u00ab\u00a0pr\u00e9leveur sol\u00a0\u00bb.<\/li>\n<li style=\"text-align: justify;\">Analyse de la composition physico-chimique des \u00e9chantillons par un laboratoire agr\u00e9\u00e9 notamment pour v\u00e9rifier la pollution \u00e9ventuelle.<\/li>\n<li style=\"text-align: justify;\">R\u00e9daction du Rapport de Qualit\u00e9 des Terres par un expert sol.<\/li>\n<li style=\"text-align: justify;\">Envoie du rapport \u00e0 Walterre<\/li>\n<\/ul>[\/et_pb_text][\/et_pb_column][\/et_pb_row][\/et_pb_section][et_pb_section fb_built=\u00a0\u00bb1&Prime; _builder_version=\u00a0\u00bb4.17.6&Prime; _module_preset=\u00a0\u00bbdefault\u00a0\u00bb custom_padding=\u00a0\u00bb0px||0px|||\u00a0\u00bb global_colors_info=\u00a0\u00bb{}\u00a0\u00bb][et_pb_row _builder_version=\u00a0\u00bb4.17.6&Prime; _module_preset=\u00a0\u00bbdefault\u00a0\u00bb global_module=\u00a0\u00bb460&Prime; saved_tabs=\u00a0\u00bball\u00a0\u00bb global_colors_info=\u00a0\u00bb{}\u00a0\u00bb][et_pb_column type=\u00a0\u00bb4_4&Prime; _builder_version=\u00a0\u00bb4.17.6&Prime; _module_preset=\u00a0\u00bbdefault\u00a0\u00bb pac_dcm_carousel_specific_module_num=\u00a0\u00bb0&Prime; global_colors_info=\u00a0\u00bb{}\u00a0\u00bb][dipi_expanding_cta use_content_icon=\u00a0\u00bbon\u00a0\u00bb content_icon=\u00a0\u00bb&#x77;||divi||400&Prime; content_title=\u00a0\u00bbUne question ? Besoin d&rsquo;un devis ?\u00a0\u00bb content_description=\u00a0\u00bbNotre \u00e9quipe vous r\u00e9pondra avec plaisir dans les plus brefs d\u00e9lais !\u00a0\u00bb show_content_button=\u00a0\u00bbon\u00a0\u00bb content_button_text=\u00a0\u00bbNous contacter\u00a0\u00bb content_button_link=\u00a0\u00bb\/contact\u00a0\u00bb content_icon_color=\u00a0\u00bb#FFFFFF\u00a0\u00bb content_image_icon_background_color=\u00a0\u00bbRGBA(255,255,255,0)\u00a0\u00bb content_image_icon_width=\u00a0\u00bb50px\u00a0\u00bb content_desc_padding=\u00a0\u00bb0px|0px|20px|0px|false|false\u00a0\u00bb overlay_bg_color=\u00a0\u00bbrgba(38,121,192,0.43)\u00a0\u00bb content_bg_color=\u00a0\u00bb#2679C0&Prime; _builder_version=\u00a0\u00bb4.17.6&Prime; _module_preset=\u00a0\u00bbdefault\u00a0\u00bb content_title_font=\u00a0\u00bb|700|||||||\u00a0\u00bb content_title_text_color=\u00a0\u00bb#FFFFFF\u00a0\u00bb content_desc_text_color=\u00a0\u00bb#FFFFFF\u00a0\u00bb background_enable_image=\u00a0\u00bboff\u00a0\u00bb custom_content_button=\u00a0\u00bbon\u00a0\u00bb content_button_text_size=\u00a0\u00bb17px\u00a0\u00bb content_button_text_color=\u00a0\u00bb#2679C0&Prime; content_button_bg_color=\u00a0\u00bb#FFFFFF\u00a0\u00bb content_button_border_color=\u00a0\u00bb#FFFFFF\u00a0\u00bb content_button_border_radius=\u00a0\u00bb63px\u00a0\u00bb content_button_custom_padding=\u00a0\u00bb10px|30px|10px|30px|false|false\u00a0\u00bb border_radii_container=\u00a0\u00bbon|10px|10px|10px|10px\u00a0\u00bb global_colors_info=\u00a0\u00bb{}\u00a0\u00bb content_button_custom_padding__hover_enabled=\u00a0\u00bbon|desktop\u00a0\u00bb content_button_custom_padding__hover=\u00a0\u00bb10px|45px|10px|30px|false|false\u00a0\u00bb][\/dipi_expanding_cta][\/et_pb_column][\/et_pb_row][\/et_pb_section]","protected":false},"excerpt":{"rendered":"<p>Rapport de Qualit\u00e9 des terres [RQT]<div class=\"et_pb_with_border et_pb_module dipi_breadcrumbs dipi_breadcrumbs_0\">\n\t\t\t\t\n\t\t\t\t\n\t\t\t\t\n\t\t\t\t\n\t\t\t\t\n\t\t\t\t\n\t\t\t\t<div class=\"et_pb_module_inner\">\n\t\t\t\t\t<div class=\"dipi-breadcrumbs dipi-bc-center\">\n                <ul itemscope itemtype=\"https:\/\/schema.org\/BreadcrumbList\">\n                    \n                                                        <li itemprop=\"itemListElement\" itemscope itemtype=\"https:\/\/schema.org\/ListItem\" class=\"dipi-breadcrumb-item dipi-breadcrumb-home\">\n\n                        \n                            <a itemprop=\"item\" href=\"\">\n                                <span itemprop=\"name\" content=\"Home\">\n                                                                        Home                                <\/span>\n                            <\/a>\n\n                                                <meta itemprop=\"position\" content=\"1\"\/>                    <\/li>\n\n                    <li class=\"dipi-breadcrumb-separator\">\n                    <span class=\"et-pb-icon dipi-separator-icon\">&#x35;<\/span>\n                <\/li>                            \n                <\/ul>\n            <\/div>\n\t\t\t\t<\/div>\n\t\t\t<\/div>\u00ab\u00a0Tra\u00e7abilit\u00e9 et contr\u00f4le qualit\u00e9 : Une r\u00e9volution pour la gestion des terres en Wallonie !\u00a0\u00bb Le 1er mai 2020 marqua l&rsquo;entr\u00e9e en vigueur de l&rsquo;arr\u00eat\u00e9 [&hellip;]<\/p>","protected":false},"author":3,"featured_media":533,"parent":987,"menu_order":0,"comment_status":"closed","ping_status":"closed","template":"","meta":{"_acf_changed":false,"_et_pb_use_builder":"on","_et_pb_old_content":"","_et_gb_content_width":"","om_disable_all_campaigns":false,"_monsterinsights_skip_tracking":false,"_monsterinsights_sitenote_active":false,"_monsterinsights_sitenote_note":"","_monsterinsights_sitenote_category":0,"_uf_show_specific_survey":0,"_uf_disable_surveys":false,"footnotes":""},"dipi_cpt_category":[],"class_list":["post-2349","page","type-page","status-publish","has-post-thumbnail","hentry"],"acf":[],"yoast_head":"<!-- This site is optimized with the Yoast SEO Premium plugin v22.9 (Yoast SEO v23.6) - https:\/\/yoast.com\/wordpress\/plugins\/seo\/ -->\n<title>Analyse de pollution rapide - Rapport de Qualit\u00e9 des Terres [RQT]<\/title>\n<meta name=\"description\" content=\"Nous analysons votre sol pour d\u00e9terminer la qualit\u00e9 et la pollution du sol dans le cadre de l&#039;\u00e9tude WALTERRE.\" \/>\n<meta name=\"robots\" content=\"index, follow, max-snippet:-1, max-image-preview:large, max-video-preview:-1\" \/>\n<link rel=\"canonical\" href=\"https:\/\/sainatech.be\/nl\/essais-de-sol\/services-geotechnical\/etudes-specifiques\/rapport-de-qualite-des-terres-rqt\/\" \/>\n<meta property=\"og:locale\" content=\"nl_BE\" \/>\n<meta property=\"og:type\" content=\"article\" \/>\n<meta property=\"og:title\" content=\"Rapport de Qualit\u00e9 des Terres\" \/>\n<meta property=\"og:description\" content=\"Lorsque le volume des terres \u00e0 excaver doit d\u00e9passer 400 m\u00b3, il est important de cat\u00e9goriser ce volume afin d&#039;assurer la tra\u00e7abilit\u00e9. SAINATECH assure le suivi\" \/>\n<meta property=\"og:url\" content=\"https:\/\/sainatech.be\/nl\/wp-json\/wp\/v2\/pages\/2349\" \/>\n<meta property=\"og:site_name\" content=\"Sainatech\" \/>\n<meta property=\"article:modified_time\" content=\"2023-07-25T09:10:22+00:00\" \/>\n<meta property=\"og:image\" content=\"https:\/\/sainatech.be\/wp-content\/uploads\/2023\/07\/iStock-664979638-scaled.jpg\" \/>\n\t<meta property=\"og:image:width\" content=\"2560\" \/>\n\t<meta property=\"og:image:height\" content=\"1707\" \/>\n\t<meta property=\"og:image:type\" content=\"image\/jpeg\" \/>\n<meta name=\"twitter:card\" content=\"summary_large_image\" \/>\n<meta name=\"twitter:title\" content=\"Rapport de Qualit\u00e9 des Terres\" \/>\n<meta name=\"twitter:description\" content=\"Lorsque le volume des terres \u00e0 excaver doit d\u00e9passer 400 m\u00b3, il est important de cat\u00e9goriser ce volume afin d&#039;assurer la tra\u00e7abilit\u00e9. SAINATECH assure le suivi\" \/>\n<meta name=\"twitter:image\" content=\"https:\/\/sainatech.be\/wp-content\/uploads\/2023\/07\/iStock-664979638-scaled.jpg\" \/>\n<meta name=\"twitter:label1\" content=\"Geschatte leestijd\" \/>\n\t<meta name=\"twitter:data1\" content=\"3 minuten\" \/>\n<script type=\"application\/ld+json\" class=\"yoast-schema-graph\">{\"@context\":\"https:\/\/schema.org\",\"@graph\":[{\"@type\":\"WebPage\",\"@id\":\"https:\/\/sainatech.be\/essais-de-sol\/services-geotechnical\/etudes-specifiques\/rapport-de-qualite-des-terres-rqt\/\",\"url\":\"https:\/\/sainatech.be\/essais-de-sol\/services-geotechnical\/etudes-specifiques\/rapport-de-qualite-des-terres-rqt\/\",\"name\":\"Analyse de pollution rapide - Rapport de Qualit\u00e9 des Terres [RQT]\",\"isPartOf\":{\"@id\":\"https:\/\/sainatech.be\/#website\"},\"primaryImageOfPage\":{\"@id\":\"https:\/\/sainatech.be\/essais-de-sol\/services-geotechnical\/etudes-specifiques\/rapport-de-qualite-des-terres-rqt\/#primaryimage\"},\"image\":{\"@id\":\"https:\/\/sainatech.be\/essais-de-sol\/services-geotechnical\/etudes-specifiques\/rapport-de-qualite-des-terres-rqt\/#primaryimage\"},\"thumbnailUrl\":\"https:\/\/sainatech.be\/wp-content\/uploads\/2022\/08\/AdobeStock_385970119_Preview.png\",\"datePublished\":\"2023-07-23T11:41:47+00:00\",\"dateModified\":\"2023-07-25T09:10:22+00:00\",\"description\":\"Nous analysons votre sol pour d\u00e9terminer la qualit\u00e9 et la pollution du sol dans le cadre de l'\u00e9tude WALTERRE.\",\"breadcrumb\":{\"@id\":\"https:\/\/sainatech.be\/essais-de-sol\/services-geotechnical\/etudes-specifiques\/rapport-de-qualite-des-terres-rqt\/#breadcrumb\"},\"inLanguage\":\"nl-BE\",\"potentialAction\":[{\"@type\":\"ReadAction\",\"target\":[\"https:\/\/sainatech.be\/essais-de-sol\/services-geotechnical\/etudes-specifiques\/rapport-de-qualite-des-terres-rqt\/\"]}]},{\"@type\":\"ImageObject\",\"inLanguage\":\"nl-BE\",\"@id\":\"https:\/\/sainatech.be\/essais-de-sol\/services-geotechnical\/etudes-specifiques\/rapport-de-qualite-des-terres-rqt\/#primaryimage\",\"url\":\"https:\/\/sainatech.be\/wp-content\/uploads\/2022\/08\/AdobeStock_385970119_Preview.png\",\"contentUrl\":\"https:\/\/sainatech.be\/wp-content\/uploads\/2022\/08\/AdobeStock_385970119_Preview.png\",\"width\":4168,\"height\":1455},{\"@type\":\"BreadcrumbList\",\"@id\":\"https:\/\/sainatech.be\/essais-de-sol\/services-geotechnical\/etudes-specifiques\/rapport-de-qualite-des-terres-rqt\/#breadcrumb\",\"itemListElement\":[{\"@type\":\"ListItem\",\"position\":1,\"name\":\"Accueil\",\"item\":\"https:\/\/sainatech.be\/\"},{\"@type\":\"ListItem\",\"position\":2,\"name\":\"Vos ing\u00e9nieurs d&rsquo;\u00e9tude, essai de sol, stabilit\u00e9\",\"item\":\"https:\/\/sainatech.be\/essais-de-sol\/\"},{\"@type\":\"ListItem\",\"position\":3,\"name\":\"Services\",\"item\":\"https:\/\/sainatech.be\/essais-de-sol\/services-geotechnical\/\"},{\"@type\":\"ListItem\",\"position\":4,\"name\":\"Etudes sp\u00e9cifiques\",\"item\":\"https:\/\/sainatech.be\/essais-de-sol\/services-geotechnical\/etudes-specifiques\/\"},{\"@type\":\"ListItem\",\"position\":5,\"name\":\"Rapport de Qualit\u00e9 des Terres [RQT]\"}]},{\"@type\":\"WebSite\",\"@id\":\"https:\/\/sainatech.be\/#website\",\"url\":\"https:\/\/sainatech.be\/\",\"name\":\"Sainatech\",\"description\":\"Sp\u00e9cialiste en essai de sol et en stabilit\u00e9\",\"potentialAction\":[{\"@type\":\"SearchAction\",\"target\":{\"@type\":\"EntryPoint\",\"urlTemplate\":\"https:\/\/sainatech.be\/?s={search_term_string}\"},\"query-input\":{\"@type\":\"PropertyValueSpecification\",\"valueRequired\":true,\"valueName\":\"search_term_string\"}}],\"inLanguage\":\"nl-BE\"}]}<\/script>\n<!-- \/ Yoast SEO Premium plugin. -->","yoast_head_json":{"title":"Analyse de pollution rapide - Rapport de Qualit\u00e9 des Terres [RQT]","description":"Nous analysons votre sol pour d\u00e9terminer la qualit\u00e9 et la pollution du sol dans le cadre de l'\u00e9tude WALTERRE.","robots":{"index":"index","follow":"follow","max-snippet":"max-snippet:-1","max-image-preview":"max-image-preview:large","max-video-preview":"max-video-preview:-1"},"canonical":"https:\/\/sainatech.be\/nl\/essais-de-sol\/services-geotechnical\/etudes-specifiques\/rapport-de-qualite-des-terres-rqt\/","og_locale":"nl_BE","og_type":"article","og_title":"Rapport de Qualit\u00e9 des Terres","og_description":"Lorsque le volume des terres \u00e0 excaver doit d\u00e9passer 400 m\u00b3, il est important de cat\u00e9goriser ce volume afin d'assurer la tra\u00e7abilit\u00e9. SAINATECH assure le suivi","og_url":"https:\/\/sainatech.be\/nl\/wp-json\/wp\/v2\/pages\/2349","og_site_name":"Sainatech","article_modified_time":"2023-07-25T09:10:22+00:00","og_image":[{"width":2560,"height":1707,"url":"https:\/\/sainatech.be\/wp-content\/uploads\/2023\/07\/iStock-664979638-scaled.jpg","type":"image\/jpeg"}],"twitter_card":"summary_large_image","twitter_title":"Rapport de Qualit\u00e9 des Terres","twitter_description":"Lorsque le volume des terres \u00e0 excaver doit d\u00e9passer 400 m\u00b3, il est important de cat\u00e9goriser ce volume afin d'assurer la tra\u00e7abilit\u00e9. SAINATECH assure le suivi","twitter_image":"https:\/\/sainatech.be\/wp-content\/uploads\/2023\/07\/iStock-664979638-scaled.jpg","twitter_misc":{"Geschatte leestijd":"3 minuten"},"schema":{"@context":"https:\/\/schema.org","@graph":[{"@type":"WebPage","@id":"https:\/\/sainatech.be\/essais-de-sol\/services-geotechnical\/etudes-specifiques\/rapport-de-qualite-des-terres-rqt\/","url":"https:\/\/sainatech.be\/essais-de-sol\/services-geotechnical\/etudes-specifiques\/rapport-de-qualite-des-terres-rqt\/","name":"Analyse de pollution rapide - Rapport de Qualit\u00e9 des Terres [RQT]","isPartOf":{"@id":"https:\/\/sainatech.be\/#website"},"primaryImageOfPage":{"@id":"https:\/\/sainatech.be\/essais-de-sol\/services-geotechnical\/etudes-specifiques\/rapport-de-qualite-des-terres-rqt\/#primaryimage"},"image":{"@id":"https:\/\/sainatech.be\/essais-de-sol\/services-geotechnical\/etudes-specifiques\/rapport-de-qualite-des-terres-rqt\/#primaryimage"},"thumbnailUrl":"https:\/\/sainatech.be\/wp-content\/uploads\/2022\/08\/AdobeStock_385970119_Preview.png","datePublished":"2023-07-23T11:41:47+00:00","dateModified":"2023-07-25T09:10:22+00:00","description":"Nous analysons votre sol pour d\u00e9terminer la qualit\u00e9 et la pollution du sol dans le cadre de l'\u00e9tude WALTERRE.","breadcrumb":{"@id":"https:\/\/sainatech.be\/essais-de-sol\/services-geotechnical\/etudes-specifiques\/rapport-de-qualite-des-terres-rqt\/#breadcrumb"},"inLanguage":"nl-BE","potentialAction":[{"@type":"ReadAction","target":["https:\/\/sainatech.be\/essais-de-sol\/services-geotechnical\/etudes-specifiques\/rapport-de-qualite-des-terres-rqt\/"]}]},{"@type":"ImageObject","inLanguage":"nl-BE","@id":"https:\/\/sainatech.be\/essais-de-sol\/services-geotechnical\/etudes-specifiques\/rapport-de-qualite-des-terres-rqt\/#primaryimage","url":"https:\/\/sainatech.be\/wp-content\/uploads\/2022\/08\/AdobeStock_385970119_Preview.png","contentUrl":"https:\/\/sainatech.be\/wp-content\/uploads\/2022\/08\/AdobeStock_385970119_Preview.png","width":4168,"height":1455},{"@type":"BreadcrumbList","@id":"https:\/\/sainatech.be\/essais-de-sol\/services-geotechnical\/etudes-specifiques\/rapport-de-qualite-des-terres-rqt\/#breadcrumb","itemListElement":[{"@type":"ListItem","position":1,"name":"Accueil","item":"https:\/\/sainatech.be\/"},{"@type":"ListItem","position":2,"name":"Vos ing\u00e9nieurs d&rsquo;\u00e9tude, essai de sol, stabilit\u00e9","item":"https:\/\/sainatech.be\/essais-de-sol\/"},{"@type":"ListItem","position":3,"name":"Services","item":"https:\/\/sainatech.be\/essais-de-sol\/services-geotechnical\/"},{"@type":"ListItem","position":4,"name":"Etudes sp\u00e9cifiques","item":"https:\/\/sainatech.be\/essais-de-sol\/services-geotechnical\/etudes-specifiques\/"},{"@type":"ListItem","position":5,"name":"Rapport de Qualit\u00e9 des Terres [RQT]"}]},{"@type":"WebSite","@id":"https:\/\/sainatech.be\/#website","url":"https:\/\/sainatech.be\/","name":"Sainatech","description":"Sp\u00e9cialiste en essai de sol et en stabilit\u00e9","potentialAction":[{"@type":"SearchAction","target":{"@type":"EntryPoint","urlTemplate":"https:\/\/sainatech.be\/?s={search_term_string}"},"query-input":{"@type":"PropertyValueSpecification","valueRequired":true,"valueName":"search_term_string"}}],"inLanguage":"nl-BE"}]}},"_links":{"self":[{"href":"https:\/\/sainatech.be\/nl\/wp-json\/wp\/v2\/pages\/2349","targetHints":{"allow":["GET"]}}],"collection":[{"href":"https:\/\/sainatech.be\/nl\/wp-json\/wp\/v2\/pages"}],"about":[{"href":"https:\/\/sainatech.be\/nl\/wp-json\/wp\/v2\/types\/page"}],"author":[{"embeddable":true,"href":"https:\/\/sainatech.be\/nl\/wp-json\/wp\/v2\/users\/3"}],"replies":[{"embeddable":true,"href":"https:\/\/sainatech.be\/nl\/wp-json\/wp\/v2\/comments?post=2349"}],"version-history":[{"count":14,"href":"https:\/\/sainatech.be\/nl\/wp-json\/wp\/v2\/pages\/2349\/revisions"}],"predecessor-version":[{"id":2390,"href":"https:\/\/sainatech.be\/nl\/wp-json\/wp\/v2\/pages\/2349\/revisions\/2390"}],"up":[{"embeddable":true,"href":"https:\/\/sainatech.be\/nl\/wp-json\/wp\/v2\/pages\/987"}],"wp:featuredmedia":[{"embeddable":true,"href":"https:\/\/sainatech.be\/nl\/wp-json\/wp\/v2\/media\/533"}],"wp:attachment":[{"href":"https:\/\/sainatech.be\/nl\/wp-json\/wp\/v2\/media?parent=2349"}],"wp:term":[{"taxonomy":"dipi_cpt_category","embeddable":true,"href":"https:\/\/sainatech.be\/nl\/wp-json\/wp\/v2\/dipi_cpt_category?post=2349"}],"curies":[{"name":"wp","href":"https:\/\/api.w.org\/{rel}","templated":true}]}}