{"id":3,"date":"2022-07-30T21:40:41","date_gmt":"2022-07-30T19:40:41","guid":{"rendered":"http:\/\/wyljbkj.cluster030.hosting.ovh.net\/?page_id=3"},"modified":"2023-07-28T15:24:14","modified_gmt":"2023-07-28T13:24:14","slug":"politique-de-confidentialite","status":"publish","type":"page","link":"https:\/\/sainatech.be\/nl\/politique-de-confidentialite\/","title":{"rendered":"Politique de confidentialit\u00e9"},"content":{"rendered":"<h4 class=\"wp-block-heading\">La politique de vie priv\u00e9e a \u00e9t\u00e9 mise \u00e0 jour le 10 ao\u00fbt 2019<\/h4>\n\n\n\n<p>Toute donn\u00e9e \u00e0 caract\u00e8re personnel concernant le Client telle que d\u00e9finie par le R\u00e8glement europ\u00e9en sur la protection des donn\u00e9es 2016\/679 (RGPD) est trait\u00e9e dans le respect de ce R\u00e8glement. Ces donn\u00e9es sont trait\u00e9es et conserv\u00e9es uniquement pour la bonne ex\u00e9cution de la relation contractuelle entre les parties et ne sont, en aucun cas, transmises \u00e0 des tiers pour toute autre finalit\u00e9.<\/p>\n\n\n\n<p>Les donn\u00e9es conserv\u00e9es par l&rsquo;Entreprise sont les suivantes : nom, pr\u00e9nom, adresse, adresse e-mail, num\u00e9ro de t\u00e9l\u00e9phone, [autres donn\u00e9es selon sp\u00e9cificit\u00e9s de l&rsquo;entreprise].<\/p>\n\n\n\n<p>Le Client dispose de la possibilit\u00e9 de:<\/p>\n\n\n\n<ul class=\"wp-block-list\">\n<li>s&rsquo;opposer, sur simple demande et gratuitement, au traitement de ses donn\u00e9es personnelles, pour des raisons s\u00e9rieuses et l\u00e9gitimes, sauf si cette opposition rend impossible la bonne ex\u00e9cution de la relation contractuelle entre les parties;<\/li>\n\n\n\n<li>acc\u00e9der, gratuitement, aux donn\u00e9es le concernant conserv\u00e9es par l&rsquo;Entreprise et obtenir la rectification des donn\u00e9es qui seraient incompl\u00e8tes, inexactes ou non pertinentes;<\/li>\n\n\n\n<li>demander la suppression des donn\u00e9es le concernant \u00e0 l&rsquo;Entreprise pour autant que la conservation des donn\u00e9es ne soit pas impos\u00e9e \u00e0 l&rsquo;Entreprise en raison d&rsquo;une obligation l\u00e9gale;<\/li>\n\n\n\n<li>demander la portabilit\u00e9 de ses donn\u00e9es d\u00e9tenues par l&rsquo;Entreprise \u00e0 un tiers;<\/li>\n\n\n\n<li>retirer, le cas \u00e9ch\u00e9ant, \u00e0 tout moment, son consentement au traitement des donn\u00e9es bas\u00e9 uniquement sur le consentement.<\/li>\n<\/ul>\n\n\n\n<p>Toute demande concernant ce qui pr\u00e9c\u00e8de doit \u00eatre adress\u00e9e par \u00e9crit au si\u00e8ge de l&rsquo;Entreprise par courrier, ou par email \u00e0 <a href=\"mailto:Stevy@sainatech.be\">Stevy@sainatech.be<\/a>.<\/p>\n\n\n\n<p>L&rsquo;Entreprise pourra divulguer \u00e0 des tiers des informations personnelles sur requ\u00eate de toute autorit\u00e9 l\u00e9galement autoris\u00e9e \u00e0 en faire la demande. L&rsquo;Entreprise peut \u00e9galement les divulguer si cette transmission est requise, en toute bonne foi, pour se conformer aux lois et r\u00e8glements, pour prot\u00e9ger ou d\u00e9fendre ses droits ou ses biens.<\/p>","protected":false},"excerpt":{"rendered":"<p>La politique de vie priv\u00e9e a \u00e9t\u00e9 mise \u00e0 jour le 10 ao\u00fbt 2019 Toute donn\u00e9e \u00e0 caract\u00e8re personnel concernant le Client telle que d\u00e9finie par le R\u00e8glement europ\u00e9en sur la protection des donn\u00e9es 2016\/679 (RGPD) est trait\u00e9e dans le respect de ce R\u00e8glement. Ces donn\u00e9es sont trait\u00e9es et conserv\u00e9es uniquement pour la bonne ex\u00e9cution [&hellip;]<\/p>","protected":false},"author":1,"featured_media":0,"parent":0,"menu_order":0,"comment_status":"closed","ping_status":"open","template":"","meta":{"_acf_changed":false,"_et_pb_use_builder":"","_et_pb_old_content":"","_et_gb_content_width":"1280","om_disable_all_campaigns":false,"_monsterinsights_skip_tracking":false,"_monsterinsights_sitenote_active":false,"_monsterinsights_sitenote_note":"","_monsterinsights_sitenote_category":0,"_uf_show_specific_survey":0,"_uf_disable_surveys":false,"footnotes":""},"dipi_cpt_category":[],"class_list":["post-3","page","type-page","status-publish","hentry"],"acf":[],"yoast_head":"<!-- This site is optimized with the Yoast SEO Premium plugin v22.9 (Yoast SEO v23.6) - https:\/\/yoast.com\/wordpress\/plugins\/seo\/ -->\n<title>Politique de confidentialit\u00e9 - Sainatech<\/title>\n<meta name=\"description\" content=\"La politique de confidentialit\u00e9 de Sainatech.\" \/>\n<meta name=\"robots\" content=\"index, follow, max-snippet:-1, max-image-preview:large, max-video-preview:-1\" \/>\n<link rel=\"canonical\" href=\"https:\/\/sainatech.be\/nl\/politique-de-confidentialite\/\" \/>\n<meta property=\"og:locale\" content=\"nl_BE\" \/>\n<meta property=\"og:type\" content=\"article\" \/>\n<meta property=\"og:title\" content=\"Politique de confidentialit\u00e9\" \/>\n<meta property=\"og:description\" content=\"La politique de confidentialit\u00e9 de Sainatech.\" \/>\n<meta property=\"og:url\" content=\"https:\/\/sainatech.be\/nl\/wp-json\/wp\/v2\/pages\/3\" \/>\n<meta property=\"og:site_name\" content=\"Sainatech\" \/>\n<meta property=\"article:modified_time\" content=\"2023-07-28T13:24:14+00:00\" \/>\n<meta name=\"twitter:card\" content=\"summary_large_image\" \/>\n<meta name=\"twitter:label1\" content=\"Geschatte leestijd\" \/>\n\t<meta name=\"twitter:data1\" content=\"2 minuten\" \/>\n<script type=\"application\/ld+json\" class=\"yoast-schema-graph\">{\"@context\":\"https:\/\/schema.org\",\"@graph\":[{\"@type\":\"WebPage\",\"@id\":\"https:\/\/sainatech.be\/politique-de-confidentialite\/\",\"url\":\"https:\/\/sainatech.be\/politique-de-confidentialite\/\",\"name\":\"Politique de confidentialit\u00e9 - Sainatech\",\"isPartOf\":{\"@id\":\"https:\/\/sainatech.be\/#website\"},\"datePublished\":\"2022-07-30T19:40:41+00:00\",\"dateModified\":\"2023-07-28T13:24:14+00:00\",\"description\":\"La politique de confidentialit\u00e9 de Sainatech.\",\"breadcrumb\":{\"@id\":\"https:\/\/sainatech.be\/politique-de-confidentialite\/#breadcrumb\"},\"inLanguage\":\"nl-BE\",\"potentialAction\":[{\"@type\":\"ReadAction\",\"target\":[\"https:\/\/sainatech.be\/politique-de-confidentialite\/\"]}]},{\"@type\":\"BreadcrumbList\",\"@id\":\"https:\/\/sainatech.be\/politique-de-confidentialite\/#breadcrumb\",\"itemListElement\":[{\"@type\":\"ListItem\",\"position\":1,\"name\":\"Accueil\",\"item\":\"https:\/\/sainatech.be\/\"},{\"@type\":\"ListItem\",\"position\":2,\"name\":\"Politique de confidentialit\u00e9\"}]},{\"@type\":\"WebSite\",\"@id\":\"https:\/\/sainatech.be\/#website\",\"url\":\"https:\/\/sainatech.be\/\",\"name\":\"Sainatech\",\"description\":\"Sp\u00e9cialiste en essai de sol et en stabilit\u00e9\",\"potentialAction\":[{\"@type\":\"SearchAction\",\"target\":{\"@type\":\"EntryPoint\",\"urlTemplate\":\"https:\/\/sainatech.be\/?s={search_term_string}\"},\"query-input\":{\"@type\":\"PropertyValueSpecification\",\"valueRequired\":true,\"valueName\":\"search_term_string\"}}],\"inLanguage\":\"nl-BE\"}]}<\/script>\n<!-- \/ Yoast SEO Premium plugin. -->","yoast_head_json":{"title":"Politique de confidentialit\u00e9 - Sainatech","description":"La politique de confidentialit\u00e9 de Sainatech.","robots":{"index":"index","follow":"follow","max-snippet":"max-snippet:-1","max-image-preview":"max-image-preview:large","max-video-preview":"max-video-preview:-1"},"canonical":"https:\/\/sainatech.be\/nl\/politique-de-confidentialite\/","og_locale":"nl_BE","og_type":"article","og_title":"Politique de confidentialit\u00e9","og_description":"La politique de confidentialit\u00e9 de Sainatech.","og_url":"https:\/\/sainatech.be\/nl\/wp-json\/wp\/v2\/pages\/3","og_site_name":"Sainatech","article_modified_time":"2023-07-28T13:24:14+00:00","twitter_card":"summary_large_image","twitter_misc":{"Geschatte leestijd":"2 minuten"},"schema":{"@context":"https:\/\/schema.org","@graph":[{"@type":"WebPage","@id":"https:\/\/sainatech.be\/politique-de-confidentialite\/","url":"https:\/\/sainatech.be\/politique-de-confidentialite\/","name":"Politique de confidentialit\u00e9 - Sainatech","isPartOf":{"@id":"https:\/\/sainatech.be\/#website"},"datePublished":"2022-07-30T19:40:41+00:00","dateModified":"2023-07-28T13:24:14+00:00","description":"La politique de confidentialit\u00e9 de Sainatech.","breadcrumb":{"@id":"https:\/\/sainatech.be\/politique-de-confidentialite\/#breadcrumb"},"inLanguage":"nl-BE","potentialAction":[{"@type":"ReadAction","target":["https:\/\/sainatech.be\/politique-de-confidentialite\/"]}]},{"@type":"BreadcrumbList","@id":"https:\/\/sainatech.be\/politique-de-confidentialite\/#breadcrumb","itemListElement":[{"@type":"ListItem","position":1,"name":"Accueil","item":"https:\/\/sainatech.be\/"},{"@type":"ListItem","position":2,"name":"Politique de confidentialit\u00e9"}]},{"@type":"WebSite","@id":"https:\/\/sainatech.be\/#website","url":"https:\/\/sainatech.be\/","name":"Sainatech","description":"Sp\u00e9cialiste en essai de sol et en stabilit\u00e9","potentialAction":[{"@type":"SearchAction","target":{"@type":"EntryPoint","urlTemplate":"https:\/\/sainatech.be\/?s={search_term_string}"},"query-input":{"@type":"PropertyValueSpecification","valueRequired":true,"valueName":"search_term_string"}}],"inLanguage":"nl-BE"}]}},"_links":{"self":[{"href":"https:\/\/sainatech.be\/nl\/wp-json\/wp\/v2\/pages\/3","targetHints":{"allow":["GET"]}}],"collection":[{"href":"https:\/\/sainatech.be\/nl\/wp-json\/wp\/v2\/pages"}],"about":[{"href":"https:\/\/sainatech.be\/nl\/wp-json\/wp\/v2\/types\/page"}],"author":[{"embeddable":true,"href":"https:\/\/sainatech.be\/nl\/wp-json\/wp\/v2\/users\/1"}],"replies":[{"embeddable":true,"href":"https:\/\/sainatech.be\/nl\/wp-json\/wp\/v2\/comments?post=3"}],"version-history":[{"count":2,"href":"https:\/\/sainatech.be\/nl\/wp-json\/wp\/v2\/pages\/3\/revisions"}],"predecessor-version":[{"id":2548,"href":"https:\/\/sainatech.be\/nl\/wp-json\/wp\/v2\/pages\/3\/revisions\/2548"}],"wp:attachment":[{"href":"https:\/\/sainatech.be\/nl\/wp-json\/wp\/v2\/media?parent=3"}],"wp:term":[{"taxonomy":"dipi_cpt_category","embeddable":true,"href":"https:\/\/sainatech.be\/nl\/wp-json\/wp\/v2\/dipi_cpt_category?post=3"}],"curies":[{"name":"wp","href":"https:\/\/api.w.org\/{rel}","templated":true}]}}