{"id":385,"date":"2022-08-08T14:36:51","date_gmt":"2022-08-08T12:36:51","guid":{"rendered":"http:\/\/wyljbkj.cluster030.hosting.ovh.net\/?page_id=385"},"modified":"2023-07-28T10:43:41","modified_gmt":"2023-07-28T08:43:41","slug":"services-geotechnical","status":"publish","type":"page","link":"https:\/\/sainatech.be\/nl\/essais-de-sol\/services-geotechnical\/","title":{"rendered":"Diensten"},"content":{"rendered":"[et_pb_section fb_built=\u00a0\u00bb1&Prime; _builder_version=\u00a0\u00bb4.17.6&Prime; _module_preset=\u00a0\u00bbdefault\u00a0\u00bb background_color=\u00a0\u00bbrgba(25,31,35,0.5)\u00a0\u00bb background_image=\u00a0\u00bbhttps:\/\/sainatech.be\/wp-content\/uploads\/2022\/08\/2021-06-11-SAINATECH-SRL-CHANTIER-300dpi-4000k-83-scaled.jpg\u00a0\u00bb background_blend=\u00a0\u00bbmultiply\u00a0\u00bb custom_padding=\u00a0\u00bb43px||43px||true|\u00a0\u00bb global_colors_info=\u00a0\u00bb{}\u00a0\u00bb][et_pb_row _builder_version=\u00a0\u00bb4.16&Prime; _module_preset=\u00a0\u00bbdefault\u00a0\u00bb global_colors_info=\u00a0\u00bb{}\u00a0\u00bb][et_pb_column type=\u00a0\u00bb4_4&Prime; _builder_version=\u00a0\u00bb4.16&Prime; _module_preset=\u00a0\u00bbdefault\u00a0\u00bb pac_dcm_carousel_specific_module_num=\u00a0\u00bb0&Prime; global_colors_info=\u00a0\u00bb{}\u00a0\u00bb][et_pb_text _builder_version=\u00a0\u00bb4.17.6&Prime; _module_preset=\u00a0\u00bbdefault\u00a0\u00bb header_2_text_color=\u00a0\u00bb#FFFFFF\u00a0\u00bb custom_padding=\u00a0\u00bb||2px|||\u00a0\u00bb global_colors_info=\u00a0\u00bb{}\u00a0\u00bb]<h2>De quels services d&rsquo;essais de sol ai-je besoin ?<\/h2>[\/et_pb_text][\/et_pb_column][\/et_pb_row][\/et_pb_section][et_pb_section fb_built=\u00a0\u00bb1&Prime; _builder_version=\u00a0\u00bb4.16&Prime; _module_preset=\u00a0\u00bbdefault\u00a0\u00bb background_color=\u00a0\u00bb#F7F9FB\u00a0\u00bb global_colors_info=\u00a0\u00bb{}\u00a0\u00bb][et_pb_row _builder_version=\u00a0\u00bb4.17.6&Prime; _module_preset=\u00a0\u00bbdefault\u00a0\u00bb global_colors_info=\u00a0\u00bb{}\u00a0\u00bb][et_pb_column type=\u00a0\u00bb4_4&Prime; _builder_version=\u00a0\u00bb4.17.6&Prime; _module_preset=\u00a0\u00bbdefault\u00a0\u00bb pac_dcm_carousel_specific_module_num=\u00a0\u00bb0&Prime; global_colors_info=\u00a0\u00bb{}\u00a0\u00bb][et_pb_text _builder_version=\u00a0\u00bb4.17.6&Prime; _module_preset=\u00a0\u00bbdefault\u00a0\u00bb global_colors_info=\u00a0\u00bb{}\u00a0\u00bb]<h3>Orientation de l&rsquo;\u00e9tude<\/h3>\n<p><span>Choississez ce qui correspond \u00e0 vos besoins.<\/span><\/p>[\/et_pb_text][\/et_pb_column][\/et_pb_row][et_pb_row column_structure=\u00a0\u00bb1_2,1_2&Prime; use_custom_gutter=\u00a0\u00bbon\u00a0\u00bb _builder_version=\u00a0\u00bb4.17.6&Prime; _module_preset=\u00a0\u00bbdefault\u00a0\u00bb custom_margin=\u00a0\u00bb||||false|false\u00a0\u00bb custom_padding=\u00a0\u00bb||0px||false|false\u00a0\u00bb global_colors_info=\u00a0\u00bb{}\u00a0\u00bb][et_pb_column type=\u00a0\u00bb1_2&Prime; _builder_version=\u00a0\u00bb4.17.6&Prime; _module_preset=\u00a0\u00bbdefault\u00a0\u00bb pac_dcm_carousel_specific_module_num=\u00a0\u00bb0&Prime; global_colors_info=\u00a0\u00bb{}\u00a0\u00bb][dipi_hover_box content_title=\u00a0\u00bbChoix de vos fondations\u00a0\u00bb content_image_width=\u00a0\u00bb0%\u00a0\u00bb body_text=\u00a0\u00bb<p>D\u00e9terminer la capacit\u00e9 portante du sol<\/p>\u00a0\u00bb content_hover_title=\u00a0\u00bbChoix de vos fondations\u00a0\u00bb content_hover_image_width=\u00a0\u00bb0%\u00a0\u00bb content_hover_content=\u00a0\u00bb<p>D\u00e9terminer la capacit\u00e9 portante du sol<\/p>\u00a0\u00bb hover_type=\u00a0\u00bbfade\u00a0\u00bb hover_box_align_front=\u00a0\u00bbleft\u00a0\u00bb hover_box_align_back=\u00a0\u00bbleft\u00a0\u00bb box_height=\u00a0\u00bb200px\u00a0\u00bb content_hover_bg_color=\u00a0\u00bb#0C71C3&Prime; _builder_version=\u00a0\u00bb4.17.6&Prime; _dynamic_attributes=\u00a0\u00bblink_option_url\u00a0\u00bb _module_preset=\u00a0\u00bbdefault\u00a0\u00bb content_hover_title_text_color=\u00a0\u00bb#FFFFFF\u00a0\u00bb content_hover_desc_text_color=\u00a0\u00bb#FFFFFF\u00a0\u00bb link_option_url=\u00a0\u00bb@ET-DC@eyJkeW5hbWljIjp0cnVlLCJjb250ZW50IjoicG9zdF9saW5rX3VybF9wYWdlIiwic2V0dGluZ3MiOnsicG9zdF9pZCI6IjQwMyJ9fQ==@\u00a0\u00bb box_shadow_style=\u00a0\u00bbpreset1&Prime; box_shadow_blur=\u00a0\u00bb38px\u00a0\u00bb box_shadow_color=\u00a0\u00bbrgba(0,0,0,0.11)\u00a0\u00bb global_colors_info=\u00a0\u00bb{}\u00a0\u00bb overlay_bg_color_gradient_type_tablet=\u00a0\u00bblinear\u00a0\u00bb overlay_bg_color_gradient_type_phone=\u00a0\u00bblinear\u00a0\u00bb overlay_bg_color_gradient_type__hover=\u00a0\u00bblinear\u00a0\u00bb image_bg_color_gradient_type__hover=\u00a0\u00bblinear\u00a0\u00bb box_shadow_color__hover_enabled=\u00a0\u00bbon|hover\u00a0\u00bb box_shadow_color__hover=\u00a0\u00bbrgba(0,0,0,0.11)\u00a0\u00bb transform_styles__hover_enabled=\u00a0\u00bbon|desktop\u00a0\u00bb transform_scale__hover_enabled=\u00a0\u00bbon|desktop\u00a0\u00bb transform_translate__hover_enabled=\u00a0\u00bbon|hover\u00a0\u00bb transform_rotate__hover_enabled=\u00a0\u00bbon|hover\u00a0\u00bb transform_skew__hover_enabled=\u00a0\u00bbon|hover\u00a0\u00bb transform_origin__hover_enabled=\u00a0\u00bbon|hover\u00a0\u00bb transform_scale__hover=\u00a0\u00bb102%|102%\u00a0\u00bb][\/dipi_hover_box][et_pb_text _builder_version=\u00a0\u00bb4.17.6&Prime; _module_preset=\u00a0\u00bbdefault\u00a0\u00bb text_font=\u00a0\u00bb|700|||||||\u00a0\u00bb text_text_color=\u00a0\u00bbrgba(181,181,181,0.25)\u00a0\u00bb text_font_size=\u00a0\u00bb106px\u00a0\u00bb positioning=\u00a0\u00bbabsolute\u00a0\u00bb vertical_offset=\u00a0\u00bb50px\u00a0\u00bb horizontal_offset=\u00a0\u00bb-25px\u00a0\u00bb text_orientation=\u00a0\u00bbright\u00a0\u00bb width=\u00a0\u00bb100%\u00a0\u00bb custom_css_main_element=\u00a0\u00bbpointer-events: none;\u00a0\u00bb global_colors_info=\u00a0\u00bb{}\u00a0\u00bb]<p>01<\/p>[\/et_pb_text][\/et_pb_column][et_pb_column type=\u00a0\u00bb1_2&Prime; _builder_version=\u00a0\u00bb4.17.6&Prime; _module_preset=\u00a0\u00bbdefault\u00a0\u00bb pac_dcm_carousel_specific_module_num=\u00a0\u00bb0&Prime; global_colors_info=\u00a0\u00bb{}\u00a0\u00bb][dipi_hover_box content_title=\u00a0\u00bbInfiltration des eaux us\u00e9es\u00a0\u00bb content_image_width=\u00a0\u00bb0%\u00a0\u00bb body_text=\u00a0\u00bb<p>Evaluer la conductivit\u00e9 hydraulique du sol.<\/p>\u00a0\u00bb content_hover_title=\u00a0\u00bbInfiltration des eaux us\u00e9es\u00a0\u00bb content_hover_image_width=\u00a0\u00bb0%\u00a0\u00bb content_hover_content=\u00a0\u00bb<p>Evaluer la conductivit\u00e9 hydraulique du sol.<\/p>\u00a0\u00bb hover_type=\u00a0\u00bbfade\u00a0\u00bb hover_box_align_front=\u00a0\u00bbleft\u00a0\u00bb hover_box_align_back=\u00a0\u00bbleft\u00a0\u00bb box_height=\u00a0\u00bb200px\u00a0\u00bb content_hover_bg_color=\u00a0\u00bb#0C71C3&Prime; _builder_version=\u00a0\u00bb4.17.6&Prime; _dynamic_attributes=\u00a0\u00bblink_option_url\u00a0\u00bb _module_preset=\u00a0\u00bbdefault\u00a0\u00bb content_hover_title_text_color=\u00a0\u00bb#FFFFFF\u00a0\u00bb content_hover_desc_text_color=\u00a0\u00bb#FFFFFF\u00a0\u00bb link_option_url=\u00a0\u00bb@ET-DC@eyJkeW5hbWljIjp0cnVlLCJjb250ZW50IjoicG9zdF9saW5rX3VybF9wYWdlIiwic2V0dGluZ3MiOnsicG9zdF9pZCI6IjQ4NyJ9fQ==@\u00a0\u00bb box_shadow_style=\u00a0\u00bbpreset1&Prime; box_shadow_blur=\u00a0\u00bb38px\u00a0\u00bb box_shadow_color=\u00a0\u00bbrgba(0,0,0,0.11)\u00a0\u00bb global_colors_info=\u00a0\u00bb{}\u00a0\u00bb overlay_bg_color_gradient_type_tablet=\u00a0\u00bblinear\u00a0\u00bb overlay_bg_color_gradient_type_phone=\u00a0\u00bblinear\u00a0\u00bb overlay_bg_color_gradient_type__hover=\u00a0\u00bblinear\u00a0\u00bb image_bg_color_gradient_type__hover=\u00a0\u00bblinear\u00a0\u00bb box_shadow_color__hover_enabled=\u00a0\u00bbon|hover\u00a0\u00bb box_shadow_color__hover=\u00a0\u00bbrgba(0,0,0,0.11)\u00a0\u00bb transform_styles__hover_enabled=\u00a0\u00bbon|desktop\u00a0\u00bb transform_scale__hover_enabled=\u00a0\u00bbon|desktop\u00a0\u00bb transform_translate__hover_enabled=\u00a0\u00bbon|hover\u00a0\u00bb transform_rotate__hover_enabled=\u00a0\u00bbon|hover\u00a0\u00bb transform_skew__hover_enabled=\u00a0\u00bbon|hover\u00a0\u00bb transform_origin__hover_enabled=\u00a0\u00bbon|hover\u00a0\u00bb transform_scale__hover=\u00a0\u00bb102%|102%\u00a0\u00bb][\/dipi_hover_box][et_pb_text _builder_version=\u00a0\u00bb4.17.6&Prime; _module_preset=\u00a0\u00bbdefault\u00a0\u00bb text_font=\u00a0\u00bb|700|||||||\u00a0\u00bb text_text_color=\u00a0\u00bbrgba(181,181,181,0.25)\u00a0\u00bb text_font_size=\u00a0\u00bb106px\u00a0\u00bb positioning=\u00a0\u00bbabsolute\u00a0\u00bb vertical_offset=\u00a0\u00bb50px\u00a0\u00bb horizontal_offset=\u00a0\u00bb-25px\u00a0\u00bb text_orientation=\u00a0\u00bbright\u00a0\u00bb width=\u00a0\u00bb100%\u00a0\u00bb custom_css_main_element=\u00a0\u00bbpointer-events: none;\u00a0\u00bb global_colors_info=\u00a0\u00bb{}\u00a0\u00bb]02[\/et_pb_text][\/et_pb_column][\/et_pb_row][et_pb_row column_structure=\u00a0\u00bb1_2,1_2&Prime; use_custom_gutter=\u00a0\u00bbon\u00a0\u00bb _builder_version=\u00a0\u00bb4.17.6&Prime; _module_preset=\u00a0\u00bbdefault\u00a0\u00bb custom_margin=\u00a0\u00bb||||false|false\u00a0\u00bb custom_padding=\u00a0\u00bb||0px||false|false\u00a0\u00bb global_colors_info=\u00a0\u00bb{}\u00a0\u00bb][et_pb_column type=\u00a0\u00bb1_2&Prime; _builder_version=\u00a0\u00bb4.17.6&Prime; _module_preset=\u00a0\u00bbdefault\u00a0\u00bb pac_dcm_carousel_specific_module_num=\u00a0\u00bb0&Prime; global_colors_info=\u00a0\u00bb{}\u00a0\u00bb][dipi_hover_box content_title=\u00a0\u00bbContr\u00f4ler un compactage\u00a0\u00bb content_image_width=\u00a0\u00bb0%\u00a0\u00bb body_text=\u00a0\u00bb<p>Mesurer le module de r\u00e9action du sol: Essai a la plaque<\/p>\u00a0\u00bb content_hover_title=\u00a0\u00bbContr\u00f4ler un compactage\u00a0\u00bb content_hover_image_width=\u00a0\u00bb0%\u00a0\u00bb content_hover_content=\u00a0\u00bb<p>Mesurer le module de r\u00e9action du sol: Essai a la plaque<\/p>\u00a0\u00bb hover_type=\u00a0\u00bbfade\u00a0\u00bb hover_box_align_front=\u00a0\u00bbleft\u00a0\u00bb hover_box_align_back=\u00a0\u00bbleft\u00a0\u00bb box_height=\u00a0\u00bb200px\u00a0\u00bb content_hover_bg_color=\u00a0\u00bb#0C71C3&Prime; _builder_version=\u00a0\u00bb4.17.6&Prime; _dynamic_attributes=\u00a0\u00bblink_option_url\u00a0\u00bb _module_preset=\u00a0\u00bbdefault\u00a0\u00bb content_hover_title_text_color=\u00a0\u00bb#FFFFFF\u00a0\u00bb content_hover_desc_text_color=\u00a0\u00bb#FFFFFF\u00a0\u00bb link_option_url=\u00a0\u00bb@ET-DC@eyJkeW5hbWljIjp0cnVlLCJjb250ZW50IjoicG9zdF9saW5rX3VybF9wYWdlIiwic2V0dGluZ3MiOnsicG9zdF9pZCI6Ijk4MiJ9fQ==@\u00a0\u00bb box_shadow_style=\u00a0\u00bbpreset1&Prime; box_shadow_blur=\u00a0\u00bb38px\u00a0\u00bb box_shadow_color=\u00a0\u00bbrgba(0,0,0,0.11)\u00a0\u00bb global_colors_info=\u00a0\u00bb{}\u00a0\u00bb overlay_bg_color_gradient_type_tablet=\u00a0\u00bblinear\u00a0\u00bb overlay_bg_color_gradient_type_phone=\u00a0\u00bblinear\u00a0\u00bb overlay_bg_color_gradient_type__hover=\u00a0\u00bblinear\u00a0\u00bb image_bg_color_gradient_type__hover=\u00a0\u00bblinear\u00a0\u00bb box_shadow_color__hover_enabled=\u00a0\u00bbon|hover\u00a0\u00bb box_shadow_color__hover=\u00a0\u00bbrgba(0,0,0,0.11)\u00a0\u00bb transform_styles__hover_enabled=\u00a0\u00bbon|desktop\u00a0\u00bb transform_scale__hover_enabled=\u00a0\u00bbon|desktop\u00a0\u00bb transform_translate__hover_enabled=\u00a0\u00bbon|hover\u00a0\u00bb transform_rotate__hover_enabled=\u00a0\u00bbon|hover\u00a0\u00bb transform_skew__hover_enabled=\u00a0\u00bbon|hover\u00a0\u00bb transform_origin__hover_enabled=\u00a0\u00bbon|hover\u00a0\u00bb transform_scale__hover=\u00a0\u00bb102%|102%\u00a0\u00bb][\/dipi_hover_box][et_pb_text _builder_version=\u00a0\u00bb4.17.6&Prime; _module_preset=\u00a0\u00bbdefault\u00a0\u00bb text_font=\u00a0\u00bb|700|||||||\u00a0\u00bb text_text_color=\u00a0\u00bbrgba(181,181,181,0.25)\u00a0\u00bb text_font_size=\u00a0\u00bb106px\u00a0\u00bb positioning=\u00a0\u00bbabsolute\u00a0\u00bb vertical_offset=\u00a0\u00bb50px\u00a0\u00bb horizontal_offset=\u00a0\u00bb-25px\u00a0\u00bb text_orientation=\u00a0\u00bbright\u00a0\u00bb width=\u00a0\u00bb100%\u00a0\u00bb custom_css_main_element=\u00a0\u00bbpointer-events: none;\u00a0\u00bb global_colors_info=\u00a0\u00bb{}\u00a0\u00bb]03[\/et_pb_text][\/et_pb_column][et_pb_column type=\u00a0\u00bb1_2&Prime; _builder_version=\u00a0\u00bb4.17.6&Prime; _module_preset=\u00a0\u00bbdefault\u00a0\u00bb pac_dcm_carousel_specific_module_num=\u00a0\u00bb0&Prime; global_colors_info=\u00a0\u00bb{}\u00a0\u00bb][dipi_hover_box content_title=\u00a0\u00bbAutres \u00e9tudes\u00a0\u00bb content_image_width=\u00a0\u00bb0%\u00a0\u00bb body_text=\u00a0\u00bbUne etude specifique \u00e0 votre projet\u00a0\u00bb content_hover_title=\u00a0\u00bbAutres \u00e9tudes\u00a0\u00bb content_hover_image_width=\u00a0\u00bb0%\u00a0\u00bb content_hover_content=\u00a0\u00bbUne etude specifique \u00e0 votre projet\u00a0\u00bb hover_type=\u00a0\u00bbfade\u00a0\u00bb hover_box_align_front=\u00a0\u00bbleft\u00a0\u00bb hover_box_align_back=\u00a0\u00bbleft\u00a0\u00bb box_height=\u00a0\u00bb200px\u00a0\u00bb content_hover_bg_color=\u00a0\u00bb#0C71C3&Prime; _builder_version=\u00a0\u00bb4.17.6&Prime; _dynamic_attributes=\u00a0\u00bblink_option_url\u00a0\u00bb _module_preset=\u00a0\u00bbdefault\u00a0\u00bb content_hover_title_text_color=\u00a0\u00bb#FFFFFF\u00a0\u00bb content_hover_desc_text_color=\u00a0\u00bb#FFFFFF\u00a0\u00bb link_option_url=\u00a0\u00bb@ET-DC@eyJkeW5hbWljIjp0cnVlLCJjb250ZW50IjoicG9zdF9saW5rX3VybF9wYWdlIiwic2V0dGluZ3MiOnsicG9zdF9pZCI6Ijk4NyJ9fQ==@\u00a0\u00bb box_shadow_style=\u00a0\u00bbpreset1&Prime; box_shadow_blur=\u00a0\u00bb38px\u00a0\u00bb box_shadow_color=\u00a0\u00bbrgba(0,0,0,0.11)\u00a0\u00bb global_colors_info=\u00a0\u00bb{}\u00a0\u00bb overlay_bg_color_gradient_type_tablet=\u00a0\u00bblinear\u00a0\u00bb overlay_bg_color_gradient_type_phone=\u00a0\u00bblinear\u00a0\u00bb overlay_bg_color_gradient_type__hover=\u00a0\u00bblinear\u00a0\u00bb image_bg_color_gradient_type__hover=\u00a0\u00bblinear\u00a0\u00bb box_shadow_color__hover_enabled=\u00a0\u00bbon|hover\u00a0\u00bb box_shadow_color__hover=\u00a0\u00bbrgba(0,0,0,0.11)\u00a0\u00bb transform_styles__hover_enabled=\u00a0\u00bbon|desktop\u00a0\u00bb transform_scale__hover_enabled=\u00a0\u00bbon|desktop\u00a0\u00bb transform_translate__hover_enabled=\u00a0\u00bbon|hover\u00a0\u00bb transform_rotate__hover_enabled=\u00a0\u00bbon|hover\u00a0\u00bb transform_skew__hover_enabled=\u00a0\u00bbon|hover\u00a0\u00bb transform_origin__hover_enabled=\u00a0\u00bbon|hover\u00a0\u00bb transform_scale__hover=\u00a0\u00bb102%|102%\u00a0\u00bb][\/dipi_hover_box][et_pb_text _builder_version=\u00a0\u00bb4.17.6&Prime; _module_preset=\u00a0\u00bbdefault\u00a0\u00bb text_font=\u00a0\u00bb|700|||||||\u00a0\u00bb text_text_color=\u00a0\u00bbrgba(181,181,181,0.25)\u00a0\u00bb text_font_size=\u00a0\u00bb106px\u00a0\u00bb positioning=\u00a0\u00bbabsolute\u00a0\u00bb vertical_offset=\u00a0\u00bb50px\u00a0\u00bb horizontal_offset=\u00a0\u00bb-25px\u00a0\u00bb text_orientation=\u00a0\u00bbright\u00a0\u00bb width=\u00a0\u00bb100%\u00a0\u00bb custom_css_main_element=\u00a0\u00bbpointer-events: none;\u00a0\u00bb global_colors_info=\u00a0\u00bb{}\u00a0\u00bb]04[\/et_pb_text][\/et_pb_column][\/et_pb_row][\/et_pb_section]","protected":false},"excerpt":{"rendered":"<p>De quels services d&rsquo;essais de sol ai-je besoin ?Orientation de l&rsquo;\u00e9tude Choississez ce qui correspond \u00e0 vos besoins.<div class=\"et_pb_module dipi_hover_box dipi_hover_box_0 et_clickable\">\n\t\t\t\t\n\t\t\t\t\n\t\t\t\t\n\t\t\t\t\n\t\t\t\t\n\t\t\t\t\n\t\t\t\t<div class=\"et_pb_module_inner\">\n\t\t\t\t\t<div class=\"dipi-hover-box-container dipi-hover-box-slide-top hover_box_align_front_\u00bbleft hover_box_align_back_\u00bbleft\" data-force_square=\"off\">\n                <div class=\"dipi-hover-box-inner-wrapper\">\n                    <div class=\"dipi-hover-box-content\">\n              \n              <div class=\"dipi-hover-box-content-innner\">\n                    \n                    <div class=\"dipi-text\">\n                        <h2 class=\"dipi-hover-box-heading\">\n                    \u00bbChoix\n                <\/h2>\n                        <div class=\"dipi-desc\">\u00bbD\u00e9terminer<\/div>\n                    <\/div>\n              <\/div>\n            <\/div>\n            \n                    <div class=\"dipi-hover-box-hover\">\n                \n                <div class=\"dipi-hover-box-hover-innner\">\n                    \n                    <div class=\"dipi-text\">\n                        <h2 class=\"dipi-hover-box-heading\">\n                    \u00bbChoix\n                <\/h2>\n                        <div class=\"dipi-desc\">\n                    \u00bbD\u00e9terminer\n                <\/div>\n                    <\/div>\n                    \n                <\/div>\n            <\/div>\n                <\/div>\n            <\/div>\n\t\t\t\t<\/div>\n\t\t\t<\/div><\/p>","protected":false},"author":1,"featured_media":1541,"parent":9,"menu_order":0,"comment_status":"closed","ping_status":"closed","template":"","meta":{"_acf_changed":false,"_et_pb_use_builder":"on","_et_pb_old_content":"","_et_gb_content_width":"","om_disable_all_campaigns":false,"_monsterinsights_skip_tracking":false,"_monsterinsights_sitenote_active":false,"_monsterinsights_sitenote_note":"","_monsterinsights_sitenote_category":0,"_uf_show_specific_survey":0,"_uf_disable_surveys":false,"footnotes":""},"dipi_cpt_category":[],"class_list":["post-385","page","type-page","status-publish","has-post-thumbnail","hentry"],"acf":[],"yoast_head":"<!-- This site is optimized with the Yoast SEO Premium plugin v22.9 (Yoast SEO v23.6) - https:\/\/yoast.com\/wordpress\/plugins\/seo\/ -->\n<title>Services - Sainatech<\/title>\n<meta name=\"description\" content=\"Nous vous proposons les services d&#039;essais de sol adapt\u00e9s pour vous.\" \/>\n<meta name=\"robots\" content=\"index, follow, max-snippet:-1, max-image-preview:large, max-video-preview:-1\" \/>\n<link rel=\"canonical\" href=\"https:\/\/sainatech.be\/nl\/essais-de-sol\/services-geotechnical\/\" \/>\n<meta property=\"og:locale\" content=\"nl_BE\" \/>\n<meta property=\"og:type\" content=\"article\" \/>\n<meta property=\"og:title\" content=\"Services\" \/>\n<meta property=\"og:description\" content=\"Nous vous proposons les services d&#039;essais de sol adapt\u00e9s pour vous.\" \/>\n<meta property=\"og:url\" content=\"https:\/\/sainatech.be\/nl\/wp-json\/wp\/v2\/pages\/385\" \/>\n<meta property=\"og:site_name\" content=\"Sainatech\" \/>\n<meta property=\"article:modified_time\" content=\"2023-07-28T08:43:41+00:00\" \/>\n<meta property=\"og:image\" content=\"https:\/\/sainatech.be\/wp-content\/uploads\/2022\/10\/2021-06-11-SAINATECH-SRL-CHANTIER-300dpi-4000k-90-scaled.jpg\" \/>\n\t<meta property=\"og:image:width\" content=\"1707\" \/>\n\t<meta property=\"og:image:height\" content=\"2560\" \/>\n\t<meta property=\"og:image:type\" content=\"image\/jpeg\" \/>\n<meta name=\"twitter:card\" content=\"summary_large_image\" \/>\n<meta name=\"twitter:label1\" content=\"Geschatte leestijd\" \/>\n\t<meta name=\"twitter:data1\" content=\"2 minuten\" \/>\n<script type=\"application\/ld+json\" class=\"yoast-schema-graph\">{\"@context\":\"https:\/\/schema.org\",\"@graph\":[{\"@type\":\"WebPage\",\"@id\":\"https:\/\/sainatech.be\/essais-de-sol\/services-geotechnical\/\",\"url\":\"https:\/\/sainatech.be\/essais-de-sol\/services-geotechnical\/\",\"name\":\"Services - Sainatech\",\"isPartOf\":{\"@id\":\"https:\/\/sainatech.be\/#website\"},\"primaryImageOfPage\":{\"@id\":\"https:\/\/sainatech.be\/essais-de-sol\/services-geotechnical\/#primaryimage\"},\"image\":{\"@id\":\"https:\/\/sainatech.be\/essais-de-sol\/services-geotechnical\/#primaryimage\"},\"thumbnailUrl\":\"https:\/\/sainatech.be\/wp-content\/uploads\/2022\/10\/2021-06-11-SAINATECH-SRL-CHANTIER-300dpi-4000k-90-scaled.jpg\",\"datePublished\":\"2022-08-08T12:36:51+00:00\",\"dateModified\":\"2023-07-28T08:43:41+00:00\",\"description\":\"Nous vous proposons les services d'essais de sol adapt\u00e9s pour vous.\",\"breadcrumb\":{\"@id\":\"https:\/\/sainatech.be\/essais-de-sol\/services-geotechnical\/#breadcrumb\"},\"inLanguage\":\"nl-BE\",\"potentialAction\":[{\"@type\":\"ReadAction\",\"target\":[\"https:\/\/sainatech.be\/essais-de-sol\/services-geotechnical\/\"]}]},{\"@type\":\"ImageObject\",\"inLanguage\":\"nl-BE\",\"@id\":\"https:\/\/sainatech.be\/essais-de-sol\/services-geotechnical\/#primaryimage\",\"url\":\"https:\/\/sainatech.be\/wp-content\/uploads\/2022\/10\/2021-06-11-SAINATECH-SRL-CHANTIER-300dpi-4000k-90-scaled.jpg\",\"contentUrl\":\"https:\/\/sainatech.be\/wp-content\/uploads\/2022\/10\/2021-06-11-SAINATECH-SRL-CHANTIER-300dpi-4000k-90-scaled.jpg\",\"width\":1707,\"height\":2560},{\"@type\":\"BreadcrumbList\",\"@id\":\"https:\/\/sainatech.be\/essais-de-sol\/services-geotechnical\/#breadcrumb\",\"itemListElement\":[{\"@type\":\"ListItem\",\"position\":1,\"name\":\"Accueil\",\"item\":\"https:\/\/sainatech.be\/\"},{\"@type\":\"ListItem\",\"position\":2,\"name\":\"Vos ing\u00e9nieurs d&rsquo;\u00e9tude, essai de sol, stabilit\u00e9\",\"item\":\"https:\/\/sainatech.be\/essais-de-sol\/\"},{\"@type\":\"ListItem\",\"position\":3,\"name\":\"Services\"}]},{\"@type\":\"WebSite\",\"@id\":\"https:\/\/sainatech.be\/#website\",\"url\":\"https:\/\/sainatech.be\/\",\"name\":\"Sainatech\",\"description\":\"Sp\u00e9cialiste en essai de sol et en stabilit\u00e9\",\"potentialAction\":[{\"@type\":\"SearchAction\",\"target\":{\"@type\":\"EntryPoint\",\"urlTemplate\":\"https:\/\/sainatech.be\/?s={search_term_string}\"},\"query-input\":{\"@type\":\"PropertyValueSpecification\",\"valueRequired\":true,\"valueName\":\"search_term_string\"}}],\"inLanguage\":\"nl-BE\"}]}<\/script>\n<!-- \/ Yoast SEO Premium plugin. -->","yoast_head_json":{"title":"Services - Sainatech","description":"Nous vous proposons les services d'essais de sol adapt\u00e9s pour vous.","robots":{"index":"index","follow":"follow","max-snippet":"max-snippet:-1","max-image-preview":"max-image-preview:large","max-video-preview":"max-video-preview:-1"},"canonical":"https:\/\/sainatech.be\/nl\/essais-de-sol\/services-geotechnical\/","og_locale":"nl_BE","og_type":"article","og_title":"Services","og_description":"Nous vous proposons les services d'essais de sol adapt\u00e9s pour vous.","og_url":"https:\/\/sainatech.be\/nl\/wp-json\/wp\/v2\/pages\/385","og_site_name":"Sainatech","article_modified_time":"2023-07-28T08:43:41+00:00","og_image":[{"width":1707,"height":2560,"url":"https:\/\/sainatech.be\/wp-content\/uploads\/2022\/10\/2021-06-11-SAINATECH-SRL-CHANTIER-300dpi-4000k-90-scaled.jpg","type":"image\/jpeg"}],"twitter_card":"summary_large_image","twitter_misc":{"Geschatte leestijd":"2 minuten"},"schema":{"@context":"https:\/\/schema.org","@graph":[{"@type":"WebPage","@id":"https:\/\/sainatech.be\/essais-de-sol\/services-geotechnical\/","url":"https:\/\/sainatech.be\/essais-de-sol\/services-geotechnical\/","name":"Services - Sainatech","isPartOf":{"@id":"https:\/\/sainatech.be\/#website"},"primaryImageOfPage":{"@id":"https:\/\/sainatech.be\/essais-de-sol\/services-geotechnical\/#primaryimage"},"image":{"@id":"https:\/\/sainatech.be\/essais-de-sol\/services-geotechnical\/#primaryimage"},"thumbnailUrl":"https:\/\/sainatech.be\/wp-content\/uploads\/2022\/10\/2021-06-11-SAINATECH-SRL-CHANTIER-300dpi-4000k-90-scaled.jpg","datePublished":"2022-08-08T12:36:51+00:00","dateModified":"2023-07-28T08:43:41+00:00","description":"Nous vous proposons les services d'essais de sol adapt\u00e9s pour vous.","breadcrumb":{"@id":"https:\/\/sainatech.be\/essais-de-sol\/services-geotechnical\/#breadcrumb"},"inLanguage":"nl-BE","potentialAction":[{"@type":"ReadAction","target":["https:\/\/sainatech.be\/essais-de-sol\/services-geotechnical\/"]}]},{"@type":"ImageObject","inLanguage":"nl-BE","@id":"https:\/\/sainatech.be\/essais-de-sol\/services-geotechnical\/#primaryimage","url":"https:\/\/sainatech.be\/wp-content\/uploads\/2022\/10\/2021-06-11-SAINATECH-SRL-CHANTIER-300dpi-4000k-90-scaled.jpg","contentUrl":"https:\/\/sainatech.be\/wp-content\/uploads\/2022\/10\/2021-06-11-SAINATECH-SRL-CHANTIER-300dpi-4000k-90-scaled.jpg","width":1707,"height":2560},{"@type":"BreadcrumbList","@id":"https:\/\/sainatech.be\/essais-de-sol\/services-geotechnical\/#breadcrumb","itemListElement":[{"@type":"ListItem","position":1,"name":"Accueil","item":"https:\/\/sainatech.be\/"},{"@type":"ListItem","position":2,"name":"Vos ing\u00e9nieurs d&rsquo;\u00e9tude, essai de sol, stabilit\u00e9","item":"https:\/\/sainatech.be\/essais-de-sol\/"},{"@type":"ListItem","position":3,"name":"Services"}]},{"@type":"WebSite","@id":"https:\/\/sainatech.be\/#website","url":"https:\/\/sainatech.be\/","name":"Sainatech","description":"Sp\u00e9cialiste en essai de sol et en stabilit\u00e9","potentialAction":[{"@type":"SearchAction","target":{"@type":"EntryPoint","urlTemplate":"https:\/\/sainatech.be\/?s={search_term_string}"},"query-input":{"@type":"PropertyValueSpecification","valueRequired":true,"valueName":"search_term_string"}}],"inLanguage":"nl-BE"}]}},"_links":{"self":[{"href":"https:\/\/sainatech.be\/nl\/wp-json\/wp\/v2\/pages\/385","targetHints":{"allow":["GET"]}}],"collection":[{"href":"https:\/\/sainatech.be\/nl\/wp-json\/wp\/v2\/pages"}],"about":[{"href":"https:\/\/sainatech.be\/nl\/wp-json\/wp\/v2\/types\/page"}],"author":[{"embeddable":true,"href":"https:\/\/sainatech.be\/nl\/wp-json\/wp\/v2\/users\/1"}],"replies":[{"embeddable":true,"href":"https:\/\/sainatech.be\/nl\/wp-json\/wp\/v2\/comments?post=385"}],"version-history":[{"count":11,"href":"https:\/\/sainatech.be\/nl\/wp-json\/wp\/v2\/pages\/385\/revisions"}],"predecessor-version":[{"id":2517,"href":"https:\/\/sainatech.be\/nl\/wp-json\/wp\/v2\/pages\/385\/revisions\/2517"}],"up":[{"embeddable":true,"href":"https:\/\/sainatech.be\/nl\/wp-json\/wp\/v2\/pages\/9"}],"wp:featuredmedia":[{"embeddable":true,"href":"https:\/\/sainatech.be\/nl\/wp-json\/wp\/v2\/media\/1541"}],"wp:attachment":[{"href":"https:\/\/sainatech.be\/nl\/wp-json\/wp\/v2\/media?parent=385"}],"wp:term":[{"taxonomy":"dipi_cpt_category","embeddable":true,"href":"https:\/\/sainatech.be\/nl\/wp-json\/wp\/v2\/dipi_cpt_category?post=385"}],"curies":[{"name":"wp","href":"https:\/\/api.w.org\/{rel}","templated":true}]}}