{"id":487,"date":"2022-08-09T16:11:07","date_gmt":"2022-08-09T14:11:07","guid":{"rendered":"http:\/\/wyljbkj.cluster030.hosting.ovh.net\/?page_id=487"},"modified":"2023-07-28T11:06:38","modified_gmt":"2023-07-28T09:06:38","slug":"guide-infiltrometrie","status":"publish","type":"page","link":"https:\/\/sainatech.be\/nl\/essais-de-sol\/services-geotechnical\/guide-infiltrometrie\/","title":{"rendered":"Guide infiltrom\u00e9trie"},"content":{"rendered":"[et_pb_section fb_built=\u00a0\u00bb1&Prime; _builder_version=\u00a0\u00bb4.17.6&Prime; _module_preset=\u00a0\u00bbdefault\u00a0\u00bb background_color=\u00a0\u00bbrgba(0,0,0,0.5)\u00a0\u00bb background_image=\u00a0\u00bbhttps:\/\/sainatech.be\/wp-content\/uploads\/2022\/08\/2021-06-11-SAINATECH-SRL-CHANTIER-300dpi-4000k-83-scaled.jpg\u00a0\u00bb background_blend=\u00a0\u00bbmultiply\u00a0\u00bb custom_padding=\u00a0\u00bb43px||43px||true|\u00a0\u00bb global_colors_info=\u00a0\u00bb{}\u00a0\u00bb][et_pb_row _builder_version=\u00a0\u00bb4.16&Prime; _module_preset=\u00a0\u00bbdefault\u00a0\u00bb global_colors_info=\u00a0\u00bb{}\u00a0\u00bb][et_pb_column type=\u00a0\u00bb4_4&Prime; _builder_version=\u00a0\u00bb4.16&Prime; _module_preset=\u00a0\u00bbdefault\u00a0\u00bb pac_dcm_carousel_specific_module_num=\u00a0\u00bb0&Prime; global_colors_info=\u00a0\u00bb{}\u00a0\u00bb][et_pb_text _builder_version=\u00a0\u00bb4.17.6&Prime; _module_preset=\u00a0\u00bbdefault\u00a0\u00bb header_2_text_color=\u00a0\u00bb#FFFFFF\u00a0\u00bb custom_padding=\u00a0\u00bb||2px|||\u00a0\u00bb hover_enabled=\u00a0\u00bb0&Prime; global_colors_info=\u00a0\u00bb{}\u00a0\u00bb sticky_enabled=\u00a0\u00bb0&Prime;]<h2><span>Guide infiltrom\u00e9trie et conductivit\u00e9 hydraulique du sol<\/span><\/h2>[\/et_pb_text][\/et_pb_column][\/et_pb_row][\/et_pb_section][et_pb_section fb_built=\u00a0\u00bb1&Prime; _builder_version=\u00a0\u00bb4.17.6&Prime; _module_preset=\u00a0\u00bbdefault\u00a0\u00bb background_color=\u00a0\u00bb#F7F9FB\u00a0\u00bb global_colors_info=\u00a0\u00bb{}\u00a0\u00bb][et_pb_row _builder_version=\u00a0\u00bb4.17.6&Prime; _module_preset=\u00a0\u00bbdefault\u00a0\u00bb global_colors_info=\u00a0\u00bb{}\u00a0\u00bb][et_pb_column type=\u00a0\u00bb4_4&Prime; _builder_version=\u00a0\u00bb4.17.6&Prime; _module_preset=\u00a0\u00bbdefault\u00a0\u00bb pac_dcm_carousel_specific_module_num=\u00a0\u00bb0&Prime; global_colors_info=\u00a0\u00bb{}\u00a0\u00bb][et_pb_text _builder_version=\u00a0\u00bb4.17.6&Prime; _module_preset=\u00a0\u00bbdefault\u00a0\u00bb global_colors_info=\u00a0\u00bb{}\u00a0\u00bb]<h3 class=\"title\">\u00c9valuer la conductivit\u00e9 hydrolique du sol.<\/h3>\n<p><span>Choississez ce qui correspond \u00e0 vos besoins.<\/span><\/p>[\/et_pb_text][\/et_pb_column][\/et_pb_row][et_pb_row column_structure=\u00a0\u00bb1_2,1_2&Prime; use_custom_gutter=\u00a0\u00bbon\u00a0\u00bb _builder_version=\u00a0\u00bb4.17.6&Prime; _module_preset=\u00a0\u00bbdefault\u00a0\u00bb custom_margin=\u00a0\u00bb||||false|false\u00a0\u00bb custom_padding=\u00a0\u00bb||0px||false|false\u00a0\u00bb global_colors_info=\u00a0\u00bb{}\u00a0\u00bb][et_pb_column type=\u00a0\u00bb1_2&Prime; _builder_version=\u00a0\u00bb4.17.6&Prime; _module_preset=\u00a0\u00bbdefault\u00a0\u00bb pac_dcm_carousel_specific_module_num=\u00a0\u00bb0&Prime; global_colors_info=\u00a0\u00bb{}\u00a0\u00bb][dipi_hover_box content_title=\u00a0\u00bbAssainissement autonome en superficie (tranch\u00e9e drainante, bassin)\u00a0\u00bb content_image_width=\u00a0\u00bb0%\u00a0\u00bb body_text=\u00a0\u00bb<p>M\u00e9thode \u00e0 charge constante<\/p>\u00a0\u00bb content_hover_title=\u00a0\u00bbAssainissement autonome en superficie (tranch\u00e9e drainante, bassin)\u00a0\u00bb content_hover_image_width=\u00a0\u00bb0%\u00a0\u00bb content_hover_content=\u00a0\u00bb<p>M\u00e9thode \u00e0 charge constante<\/p>\u00a0\u00bb hover_type=\u00a0\u00bbfade\u00a0\u00bb hover_box_align_front=\u00a0\u00bbleft\u00a0\u00bb hover_box_align_back=\u00a0\u00bbleft\u00a0\u00bb box_height=\u00a0\u00bb200px\u00a0\u00bb content_hover_bg_color=\u00a0\u00bb#0C71C3&Prime; _builder_version=\u00a0\u00bb4.17.6&Prime; _dynamic_attributes=\u00a0\u00bblink_option_url\u00a0\u00bb _module_preset=\u00a0\u00bbdefault\u00a0\u00bb content_hover_title_text_color=\u00a0\u00bb#FFFFFF\u00a0\u00bb content_hover_desc_text_color=\u00a0\u00bb#FFFFFF\u00a0\u00bb link_option_url=\u00a0\u00bb@ET-DC@eyJkeW5hbWljIjp0cnVlLCJjb250ZW50IjoicG9zdF9saW5rX3VybF9wYWdlIiwic2V0dGluZ3MiOnsicG9zdF9pZCI6IjQ5NSJ9fQ==@\u00a0\u00bb custom_css_content_title=\u00a0\u00bbmax-width:500px;\u00a0\u00bb custom_css_content_hover_title=\u00a0\u00bbmax-width:500px;\u00a0\u00bb box_shadow_style=\u00a0\u00bbpreset1&Prime; box_shadow_blur=\u00a0\u00bb38px\u00a0\u00bb box_shadow_color=\u00a0\u00bbrgba(0,0,0,0.11)\u00a0\u00bb global_colors_info=\u00a0\u00bb{}\u00a0\u00bb overlay_bg_color_gradient_type_tablet=\u00a0\u00bblinear\u00a0\u00bb overlay_bg_color_gradient_type_phone=\u00a0\u00bblinear\u00a0\u00bb overlay_bg_color_gradient_type__hover=\u00a0\u00bblinear\u00a0\u00bb image_bg_color_gradient_type__hover=\u00a0\u00bblinear\u00a0\u00bb box_shadow_color__hover_enabled=\u00a0\u00bbon|hover\u00a0\u00bb box_shadow_color__hover=\u00a0\u00bbrgba(0,0,0,0.11)\u00a0\u00bb transform_styles__hover_enabled=\u00a0\u00bbon|desktop\u00a0\u00bb transform_scale__hover_enabled=\u00a0\u00bbon|desktop\u00a0\u00bb transform_translate__hover_enabled=\u00a0\u00bbon|hover\u00a0\u00bb transform_rotate__hover_enabled=\u00a0\u00bbon|hover\u00a0\u00bb transform_skew__hover_enabled=\u00a0\u00bbon|hover\u00a0\u00bb transform_origin__hover_enabled=\u00a0\u00bbon|hover\u00a0\u00bb transform_scale__hover=\u00a0\u00bb102%|102%\u00a0\u00bb][\/dipi_hover_box][et_pb_text _builder_version=\u00a0\u00bb4.17.6&Prime; _module_preset=\u00a0\u00bbdefault\u00a0\u00bb text_font=\u00a0\u00bb|700|||||||\u00a0\u00bb text_text_color=\u00a0\u00bbrgba(181,181,181,0.25)\u00a0\u00bb text_font_size=\u00a0\u00bb106px\u00a0\u00bb positioning=\u00a0\u00bbabsolute\u00a0\u00bb vertical_offset=\u00a0\u00bb50px\u00a0\u00bb horizontal_offset=\u00a0\u00bb-25px\u00a0\u00bb text_orientation=\u00a0\u00bbright\u00a0\u00bb width=\u00a0\u00bb100%\u00a0\u00bb custom_css_main_element=\u00a0\u00bbpointer-events: none;\u00a0\u00bb global_colors_info=\u00a0\u00bb{}\u00a0\u00bb]<p>01<\/p>[\/et_pb_text][\/et_pb_column][et_pb_column type=\u00a0\u00bb1_2&Prime; _builder_version=\u00a0\u00bb4.17.6&Prime; _module_preset=\u00a0\u00bbdefault\u00a0\u00bb pac_dcm_carousel_specific_module_num=\u00a0\u00bb0&Prime; global_colors_info=\u00a0\u00bb{}\u00a0\u00bb][dipi_hover_box content_title=\u00a0\u00bbAssainissement autonome en profondeur (puits d&rsquo;infiltration)\u00a0\u00bb content_image_width=\u00a0\u00bb0%\u00a0\u00bb body_text=\u00a0\u00bb<p>M\u00e9thode \u00e0 charge variable<\/p>\u00a0\u00bb content_hover_title=\u00a0\u00bbAssainissement autonome en profondeur (puits d&rsquo;infiltration)\u00a0\u00bb content_hover_image_width=\u00a0\u00bb0%\u00a0\u00bb content_hover_content=\u00a0\u00bb<p>M\u00e9thode \u00e0 charge variable<\/p>\u00a0\u00bb hover_type=\u00a0\u00bbfade\u00a0\u00bb hover_box_align_front=\u00a0\u00bbleft\u00a0\u00bb hover_box_align_back=\u00a0\u00bbleft\u00a0\u00bb box_height=\u00a0\u00bb200px\u00a0\u00bb content_hover_bg_color=\u00a0\u00bb#0C71C3&Prime; _builder_version=\u00a0\u00bb4.17.6&Prime; _dynamic_attributes=\u00a0\u00bblink_option_url\u00a0\u00bb _module_preset=\u00a0\u00bbdefault\u00a0\u00bb content_hover_title_text_color=\u00a0\u00bb#FFFFFF\u00a0\u00bb content_hover_desc_text_color=\u00a0\u00bb#FFFFFF\u00a0\u00bb link_option_url=\u00a0\u00bb@ET-DC@eyJkeW5hbWljIjp0cnVlLCJjb250ZW50IjoicG9zdF9saW5rX3VybF9wYWdlIiwic2V0dGluZ3MiOnsicG9zdF9pZCI6Ijk3NCJ9fQ==@\u00a0\u00bb custom_css_content_title=\u00a0\u00bbmax-width:450px;\u00a0\u00bb custom_css_content_hover_title=\u00a0\u00bbmax-width:450px;\u00a0\u00bb box_shadow_style=\u00a0\u00bbpreset1&Prime; box_shadow_blur=\u00a0\u00bb38px\u00a0\u00bb box_shadow_color=\u00a0\u00bbrgba(0,0,0,0.11)\u00a0\u00bb global_colors_info=\u00a0\u00bb{}\u00a0\u00bb overlay_bg_color_gradient_type_tablet=\u00a0\u00bblinear\u00a0\u00bb overlay_bg_color_gradient_type_phone=\u00a0\u00bblinear\u00a0\u00bb overlay_bg_color_gradient_type__hover=\u00a0\u00bblinear\u00a0\u00bb image_bg_color_gradient_type__hover=\u00a0\u00bblinear\u00a0\u00bb box_shadow_color__hover_enabled=\u00a0\u00bbon|hover\u00a0\u00bb box_shadow_color__hover=\u00a0\u00bbrgba(0,0,0,0.11)\u00a0\u00bb transform_styles__hover_enabled=\u00a0\u00bbon|desktop\u00a0\u00bb transform_scale__hover_enabled=\u00a0\u00bbon|desktop\u00a0\u00bb transform_translate__hover_enabled=\u00a0\u00bbon|hover\u00a0\u00bb transform_rotate__hover_enabled=\u00a0\u00bbon|hover\u00a0\u00bb transform_skew__hover_enabled=\u00a0\u00bbon|hover\u00a0\u00bb transform_origin__hover_enabled=\u00a0\u00bbon|hover\u00a0\u00bb transform_scale__hover=\u00a0\u00bb102%|102%\u00a0\u00bb][\/dipi_hover_box][et_pb_text _builder_version=\u00a0\u00bb4.17.6&Prime; _module_preset=\u00a0\u00bbdefault\u00a0\u00bb text_font=\u00a0\u00bb|700|||||||\u00a0\u00bb text_text_color=\u00a0\u00bbrgba(181,181,181,0.25)\u00a0\u00bb text_font_size=\u00a0\u00bb106px\u00a0\u00bb positioning=\u00a0\u00bbabsolute\u00a0\u00bb vertical_offset=\u00a0\u00bb50px\u00a0\u00bb horizontal_offset=\u00a0\u00bb-25px\u00a0\u00bb text_orientation=\u00a0\u00bbright\u00a0\u00bb width=\u00a0\u00bb100%\u00a0\u00bb custom_css_main_element=\u00a0\u00bbpointer-events: none;\u00a0\u00bb global_colors_info=\u00a0\u00bb{}\u00a0\u00bb]02[\/et_pb_text][\/et_pb_column][\/et_pb_row][\/et_pb_section]","protected":false},"excerpt":{"rendered":"<p>Guide infiltrom\u00e9trie et conductivit\u00e9 hydraulique du sol\u00c9valuer la conductivit\u00e9 hydrolique du sol. Choississez ce qui correspond \u00e0 vos besoins.<div class=\"et_pb_module dipi_hover_box dipi_hover_box_0 et_clickable\">\n\t\t\t\t\n\t\t\t\t\n\t\t\t\t\n\t\t\t\t\n\t\t\t\t\n\t\t\t\t\n\t\t\t\t<div class=\"et_pb_module_inner\">\n\t\t\t\t\t<div class=\"dipi-hover-box-container dipi-hover-box-slide-top hover_box_align_front_\u00bbleft hover_box_align_back_\u00bbleft\" data-force_square=\"off\">\n                <div class=\"dipi-hover-box-inner-wrapper\">\n                    <div class=\"dipi-hover-box-content\">\n              \n              <div class=\"dipi-hover-box-content-innner\">\n                    \n                    <div class=\"dipi-text\">\n                        <h2 class=\"dipi-hover-box-heading\">\n                    \u00bbAssainissement\n                <\/h2>\n                        <div class=\"dipi-desc\">\u00bbM\u00e9thode<\/div>\n                    <\/div>\n              <\/div>\n            <\/div>\n            \n                    <div class=\"dipi-hover-box-hover\">\n                \n                <div class=\"dipi-hover-box-hover-innner\">\n                    \n                    <div class=\"dipi-text\">\n                        <h2 class=\"dipi-hover-box-heading\">\n                    \u00bbAssainissement\n                <\/h2>\n                        <div class=\"dipi-desc\">\n                    \u00bbM\u00e9thode\n                <\/div>\n                    <\/div>\n                    \n                <\/div>\n            <\/div>\n                <\/div>\n            <\/div>\n\t\t\t\t<\/div>\n\t\t\t<\/div><\/p>","protected":false},"author":1,"featured_media":0,"parent":385,"menu_order":0,"comment_status":"closed","ping_status":"closed","template":"","meta":{"_acf_changed":false,"_et_pb_use_builder":"on","_et_pb_old_content":"","_et_gb_content_width":"","om_disable_all_campaigns":false,"_monsterinsights_skip_tracking":false,"_monsterinsights_sitenote_active":false,"_monsterinsights_sitenote_note":"","_monsterinsights_sitenote_category":0,"_uf_show_specific_survey":0,"_uf_disable_surveys":false,"footnotes":""},"dipi_cpt_category":[],"class_list":["post-487","page","type-page","status-publish","hentry"],"acf":[],"yoast_head":"<!-- This site is optimized with the Yoast SEO Premium plugin v22.9 (Yoast SEO v23.6) - https:\/\/yoast.com\/wordpress\/plugins\/seo\/ -->\n<title>Guide infiltrom\u00e9trie - Sainatech<\/title>\n<meta name=\"description\" content=\"Nous vous accompagnons dans l&#039;\u00e9valuation de la conductivit\u00e9 hydraulique du sol et nous vous proposons la meilleure m\u00e9thode qui correspond \u00e0 vos besoins.\" \/>\n<meta name=\"robots\" content=\"index, follow, max-snippet:-1, max-image-preview:large, max-video-preview:-1\" \/>\n<link rel=\"canonical\" href=\"https:\/\/sainatech.be\/nl\/essais-de-sol\/services-geotechnical\/guide-infiltrometrie\/\" \/>\n<meta property=\"og:locale\" content=\"nl_BE\" \/>\n<meta property=\"og:type\" content=\"article\" \/>\n<meta property=\"og:title\" content=\"Guide infiltrom\u00e9trie\" \/>\n<meta property=\"og:description\" content=\"Nous vous accompagnons dans l&#039;\u00e9valuation de la conductivit\u00e9 hydraulique du sol et nous vous proposons la meilleure m\u00e9thode qui correspond \u00e0 vos besoins.\" \/>\n<meta property=\"og:url\" content=\"https:\/\/sainatech.be\/nl\/wp-json\/wp\/v2\/pages\/487\" \/>\n<meta property=\"og:site_name\" content=\"Sainatech\" \/>\n<meta property=\"article:modified_time\" content=\"2023-07-28T09:06:38+00:00\" \/>\n<meta name=\"twitter:card\" content=\"summary_large_image\" \/>\n<meta name=\"twitter:label1\" content=\"Geschatte leestijd\" \/>\n\t<meta name=\"twitter:data1\" content=\"2 minuten\" \/>\n<script type=\"application\/ld+json\" class=\"yoast-schema-graph\">{\"@context\":\"https:\/\/schema.org\",\"@graph\":[{\"@type\":\"WebPage\",\"@id\":\"https:\/\/sainatech.be\/essais-de-sol\/services-geotechnical\/guide-infiltrometrie\/\",\"url\":\"https:\/\/sainatech.be\/essais-de-sol\/services-geotechnical\/guide-infiltrometrie\/\",\"name\":\"Guide infiltrom\u00e9trie - Sainatech\",\"isPartOf\":{\"@id\":\"https:\/\/sainatech.be\/#website\"},\"datePublished\":\"2022-08-09T14:11:07+00:00\",\"dateModified\":\"2023-07-28T09:06:38+00:00\",\"description\":\"Nous vous accompagnons dans l'\u00e9valuation de la conductivit\u00e9 hydraulique du sol et nous vous proposons la meilleure m\u00e9thode qui correspond \u00e0 vos besoins.\",\"breadcrumb\":{\"@id\":\"https:\/\/sainatech.be\/essais-de-sol\/services-geotechnical\/guide-infiltrometrie\/#breadcrumb\"},\"inLanguage\":\"nl-BE\",\"potentialAction\":[{\"@type\":\"ReadAction\",\"target\":[\"https:\/\/sainatech.be\/essais-de-sol\/services-geotechnical\/guide-infiltrometrie\/\"]}]},{\"@type\":\"BreadcrumbList\",\"@id\":\"https:\/\/sainatech.be\/essais-de-sol\/services-geotechnical\/guide-infiltrometrie\/#breadcrumb\",\"itemListElement\":[{\"@type\":\"ListItem\",\"position\":1,\"name\":\"Accueil\",\"item\":\"https:\/\/sainatech.be\/\"},{\"@type\":\"ListItem\",\"position\":2,\"name\":\"Vos ing\u00e9nieurs d&rsquo;\u00e9tude, essai de sol, stabilit\u00e9\",\"item\":\"https:\/\/sainatech.be\/essais-de-sol\/\"},{\"@type\":\"ListItem\",\"position\":3,\"name\":\"Services\",\"item\":\"https:\/\/sainatech.be\/essais-de-sol\/services-geotechnical\/\"},{\"@type\":\"ListItem\",\"position\":4,\"name\":\"Guide infiltrom\u00e9trie\"}]},{\"@type\":\"WebSite\",\"@id\":\"https:\/\/sainatech.be\/#website\",\"url\":\"https:\/\/sainatech.be\/\",\"name\":\"Sainatech\",\"description\":\"Sp\u00e9cialiste en essai de sol et en stabilit\u00e9\",\"potentialAction\":[{\"@type\":\"SearchAction\",\"target\":{\"@type\":\"EntryPoint\",\"urlTemplate\":\"https:\/\/sainatech.be\/?s={search_term_string}\"},\"query-input\":{\"@type\":\"PropertyValueSpecification\",\"valueRequired\":true,\"valueName\":\"search_term_string\"}}],\"inLanguage\":\"nl-BE\"}]}<\/script>\n<!-- \/ Yoast SEO Premium plugin. -->","yoast_head_json":{"title":"Guide infiltrom\u00e9trie - Sainatech","description":"Nous vous accompagnons dans l'\u00e9valuation de la conductivit\u00e9 hydraulique du sol et nous vous proposons la meilleure m\u00e9thode qui correspond \u00e0 vos besoins.","robots":{"index":"index","follow":"follow","max-snippet":"max-snippet:-1","max-image-preview":"max-image-preview:large","max-video-preview":"max-video-preview:-1"},"canonical":"https:\/\/sainatech.be\/nl\/essais-de-sol\/services-geotechnical\/guide-infiltrometrie\/","og_locale":"nl_BE","og_type":"article","og_title":"Guide infiltrom\u00e9trie","og_description":"Nous vous accompagnons dans l'\u00e9valuation de la conductivit\u00e9 hydraulique du sol et nous vous proposons la meilleure m\u00e9thode qui correspond \u00e0 vos besoins.","og_url":"https:\/\/sainatech.be\/nl\/wp-json\/wp\/v2\/pages\/487","og_site_name":"Sainatech","article_modified_time":"2023-07-28T09:06:38+00:00","twitter_card":"summary_large_image","twitter_misc":{"Geschatte leestijd":"2 minuten"},"schema":{"@context":"https:\/\/schema.org","@graph":[{"@type":"WebPage","@id":"https:\/\/sainatech.be\/essais-de-sol\/services-geotechnical\/guide-infiltrometrie\/","url":"https:\/\/sainatech.be\/essais-de-sol\/services-geotechnical\/guide-infiltrometrie\/","name":"Guide infiltrom\u00e9trie - Sainatech","isPartOf":{"@id":"https:\/\/sainatech.be\/#website"},"datePublished":"2022-08-09T14:11:07+00:00","dateModified":"2023-07-28T09:06:38+00:00","description":"Nous vous accompagnons dans l'\u00e9valuation de la conductivit\u00e9 hydraulique du sol et nous vous proposons la meilleure m\u00e9thode qui correspond \u00e0 vos besoins.","breadcrumb":{"@id":"https:\/\/sainatech.be\/essais-de-sol\/services-geotechnical\/guide-infiltrometrie\/#breadcrumb"},"inLanguage":"nl-BE","potentialAction":[{"@type":"ReadAction","target":["https:\/\/sainatech.be\/essais-de-sol\/services-geotechnical\/guide-infiltrometrie\/"]}]},{"@type":"BreadcrumbList","@id":"https:\/\/sainatech.be\/essais-de-sol\/services-geotechnical\/guide-infiltrometrie\/#breadcrumb","itemListElement":[{"@type":"ListItem","position":1,"name":"Accueil","item":"https:\/\/sainatech.be\/"},{"@type":"ListItem","position":2,"name":"Vos ing\u00e9nieurs d&rsquo;\u00e9tude, essai de sol, stabilit\u00e9","item":"https:\/\/sainatech.be\/essais-de-sol\/"},{"@type":"ListItem","position":3,"name":"Services","item":"https:\/\/sainatech.be\/essais-de-sol\/services-geotechnical\/"},{"@type":"ListItem","position":4,"name":"Guide infiltrom\u00e9trie"}]},{"@type":"WebSite","@id":"https:\/\/sainatech.be\/#website","url":"https:\/\/sainatech.be\/","name":"Sainatech","description":"Sp\u00e9cialiste en essai de sol et en stabilit\u00e9","potentialAction":[{"@type":"SearchAction","target":{"@type":"EntryPoint","urlTemplate":"https:\/\/sainatech.be\/?s={search_term_string}"},"query-input":{"@type":"PropertyValueSpecification","valueRequired":true,"valueName":"search_term_string"}}],"inLanguage":"nl-BE"}]}},"_links":{"self":[{"href":"https:\/\/sainatech.be\/nl\/wp-json\/wp\/v2\/pages\/487","targetHints":{"allow":["GET"]}}],"collection":[{"href":"https:\/\/sainatech.be\/nl\/wp-json\/wp\/v2\/pages"}],"about":[{"href":"https:\/\/sainatech.be\/nl\/wp-json\/wp\/v2\/types\/page"}],"author":[{"embeddable":true,"href":"https:\/\/sainatech.be\/nl\/wp-json\/wp\/v2\/users\/1"}],"replies":[{"embeddable":true,"href":"https:\/\/sainatech.be\/nl\/wp-json\/wp\/v2\/comments?post=487"}],"version-history":[{"count":10,"href":"https:\/\/sainatech.be\/nl\/wp-json\/wp\/v2\/pages\/487\/revisions"}],"predecessor-version":[{"id":2519,"href":"https:\/\/sainatech.be\/nl\/wp-json\/wp\/v2\/pages\/487\/revisions\/2519"}],"up":[{"embeddable":true,"href":"https:\/\/sainatech.be\/nl\/wp-json\/wp\/v2\/pages\/385"}],"wp:attachment":[{"href":"https:\/\/sainatech.be\/nl\/wp-json\/wp\/v2\/media?parent=487"}],"wp:term":[{"taxonomy":"dipi_cpt_category","embeddable":true,"href":"https:\/\/sainatech.be\/nl\/wp-json\/wp\/v2\/dipi_cpt_category?post=487"}],"curies":[{"name":"wp","href":"https:\/\/api.w.org\/{rel}","templated":true}]}}