{"id":982,"date":"2022-08-11T10:50:25","date_gmt":"2022-08-11T08:50:25","guid":{"rendered":"http:\/\/wyljbkj.cluster030.hosting.ovh.net\/?page_id=982"},"modified":"2023-07-28T15:22:15","modified_gmt":"2023-07-28T13:22:15","slug":"compactage","status":"publish","type":"page","link":"https:\/\/sainatech.be\/nl\/essais-de-sol\/services-geotechnical\/compactage\/","title":{"rendered":"Verdichting"},"content":{"rendered":"","protected":false},"excerpt":{"rendered":"","protected":false},"author":1,"featured_media":1564,"parent":385,"menu_order":3,"comment_status":"closed","ping_status":"closed","template":"","meta":{"_acf_changed":false,"_et_pb_use_builder":"on","_et_pb_old_content":"","_et_gb_content_width":"","om_disable_all_campaigns":false,"_monsterinsights_skip_tracking":false,"_monsterinsights_sitenote_active":false,"_monsterinsights_sitenote_note":"","_monsterinsights_sitenote_category":0,"_uf_show_specific_survey":0,"_uf_disable_surveys":false,"footnotes":""},"dipi_cpt_category":[],"class_list":["post-982","page","type-page","status-publish","has-post-thumbnail","hentry"],"acf":[],"yoast_head":"<!-- This site is optimized with the Yoast SEO Premium plugin v22.9 (Yoast SEO v23.6) - https:\/\/yoast.com\/wordpress\/plugins\/seo\/ -->\n<title>Compactage - Sainatech<\/title>\n<meta name=\"description\" content=\"Sainatech d\u00e9tecte les cavit\u00e9s souterraines et assure la stabilit\u00e9 des fondations dans le sous-sol wallon \u00e0 risque karstique.\" \/>\n<meta name=\"robots\" content=\"index, follow, max-snippet:-1, max-image-preview:large, max-video-preview:-1\" \/>\n<link rel=\"canonical\" href=\"https:\/\/sainatech.be\/nl\/essais-de-sol\/services-geotechnical\/compactage\/\" \/>\n<meta property=\"og:locale\" content=\"nl_BE\" \/>\n<meta property=\"og:type\" content=\"article\" \/>\n<meta property=\"og:title\" content=\"Compactage\" \/>\n<meta property=\"og:description\" content=\"Sainatech d\u00e9tecte les cavit\u00e9s souterraines et assure la stabilit\u00e9 des fondations dans le sous-sol wallon \u00e0 risque karstique.\" \/>\n<meta property=\"og:url\" content=\"https:\/\/sainatech.be\/nl\/wp-json\/wp\/v2\/pages\/982\" \/>\n<meta property=\"og:site_name\" content=\"Sainatech\" \/>\n<meta property=\"article:modified_time\" content=\"2023-07-28T13:22:15+00:00\" \/>\n<meta property=\"og:image\" content=\"https:\/\/sainatech.be\/wp-content\/uploads\/2022\/10\/WhatsApp-Image-2022-10-16-at-10.59.39.jpeg\" \/>\n\t<meta property=\"og:image:width\" content=\"876\" \/>\n\t<meta property=\"og:image:height\" content=\"1177\" \/>\n\t<meta property=\"og:image:type\" content=\"image\/jpeg\" \/>\n<meta name=\"twitter:card\" content=\"summary_large_image\" \/>\n<script type=\"application\/ld+json\" class=\"yoast-schema-graph\">{\"@context\":\"https:\/\/schema.org\",\"@graph\":[{\"@type\":\"WebPage\",\"@id\":\"https:\/\/sainatech.be\/essais-de-sol\/services-geotechnical\/compactage\/\",\"url\":\"https:\/\/sainatech.be\/essais-de-sol\/services-geotechnical\/compactage\/\",\"name\":\"Compactage - Sainatech\",\"isPartOf\":{\"@id\":\"https:\/\/sainatech.be\/#website\"},\"primaryImageOfPage\":{\"@id\":\"https:\/\/sainatech.be\/essais-de-sol\/services-geotechnical\/compactage\/#primaryimage\"},\"image\":{\"@id\":\"https:\/\/sainatech.be\/essais-de-sol\/services-geotechnical\/compactage\/#primaryimage\"},\"thumbnailUrl\":\"https:\/\/sainatech.be\/wp-content\/uploads\/2022\/10\/WhatsApp-Image-2022-10-16-at-10.59.39.jpeg\",\"datePublished\":\"2022-08-11T08:50:25+00:00\",\"dateModified\":\"2023-07-28T13:22:15+00:00\",\"description\":\"Sainatech d\u00e9tecte les cavit\u00e9s souterraines et assure la stabilit\u00e9 des fondations dans le sous-sol wallon \u00e0 risque karstique.\",\"breadcrumb\":{\"@id\":\"https:\/\/sainatech.be\/essais-de-sol\/services-geotechnical\/compactage\/#breadcrumb\"},\"inLanguage\":\"nl-BE\",\"potentialAction\":[{\"@type\":\"ReadAction\",\"target\":[\"https:\/\/sainatech.be\/essais-de-sol\/services-geotechnical\/compactage\/\"]}]},{\"@type\":\"ImageObject\",\"inLanguage\":\"nl-BE\",\"@id\":\"https:\/\/sainatech.be\/essais-de-sol\/services-geotechnical\/compactage\/#primaryimage\",\"url\":\"https:\/\/sainatech.be\/wp-content\/uploads\/2022\/10\/WhatsApp-Image-2022-10-16-at-10.59.39.jpeg\",\"contentUrl\":\"https:\/\/sainatech.be\/wp-content\/uploads\/2022\/10\/WhatsApp-Image-2022-10-16-at-10.59.39.jpeg\",\"width\":876,\"height\":1177},{\"@type\":\"BreadcrumbList\",\"@id\":\"https:\/\/sainatech.be\/essais-de-sol\/services-geotechnical\/compactage\/#breadcrumb\",\"itemListElement\":[{\"@type\":\"ListItem\",\"position\":1,\"name\":\"Accueil\",\"item\":\"https:\/\/sainatech.be\/\"},{\"@type\":\"ListItem\",\"position\":2,\"name\":\"Vos ing\u00e9nieurs d&rsquo;\u00e9tude, essai de sol, stabilit\u00e9\",\"item\":\"https:\/\/sainatech.be\/essais-de-sol\/\"},{\"@type\":\"ListItem\",\"position\":3,\"name\":\"Services\",\"item\":\"https:\/\/sainatech.be\/essais-de-sol\/services-geotechnical\/\"},{\"@type\":\"ListItem\",\"position\":4,\"name\":\"Compactage\"}]},{\"@type\":\"WebSite\",\"@id\":\"https:\/\/sainatech.be\/#website\",\"url\":\"https:\/\/sainatech.be\/\",\"name\":\"Sainatech\",\"description\":\"Sp\u00e9cialiste en essai de sol et en stabilit\u00e9\",\"potentialAction\":[{\"@type\":\"SearchAction\",\"target\":{\"@type\":\"EntryPoint\",\"urlTemplate\":\"https:\/\/sainatech.be\/?s={search_term_string}\"},\"query-input\":{\"@type\":\"PropertyValueSpecification\",\"valueRequired\":true,\"valueName\":\"search_term_string\"}}],\"inLanguage\":\"nl-BE\"}]}<\/script>\n<!-- \/ Yoast SEO Premium plugin. -->","yoast_head_json":{"title":"Compactage - Sainatech","description":"Sainatech d\u00e9tecte les cavit\u00e9s souterraines et assure la stabilit\u00e9 des fondations dans le sous-sol wallon \u00e0 risque karstique.","robots":{"index":"index","follow":"follow","max-snippet":"max-snippet:-1","max-image-preview":"max-image-preview:large","max-video-preview":"max-video-preview:-1"},"canonical":"https:\/\/sainatech.be\/nl\/essais-de-sol\/services-geotechnical\/compactage\/","og_locale":"nl_BE","og_type":"article","og_title":"Compactage","og_description":"Sainatech d\u00e9tecte les cavit\u00e9s souterraines et assure la stabilit\u00e9 des fondations dans le sous-sol wallon \u00e0 risque karstique.","og_url":"https:\/\/sainatech.be\/nl\/wp-json\/wp\/v2\/pages\/982","og_site_name":"Sainatech","article_modified_time":"2023-07-28T13:22:15+00:00","og_image":[{"width":876,"height":1177,"url":"https:\/\/sainatech.be\/wp-content\/uploads\/2022\/10\/WhatsApp-Image-2022-10-16-at-10.59.39.jpeg","type":"image\/jpeg"}],"twitter_card":"summary_large_image","schema":{"@context":"https:\/\/schema.org","@graph":[{"@type":"WebPage","@id":"https:\/\/sainatech.be\/essais-de-sol\/services-geotechnical\/compactage\/","url":"https:\/\/sainatech.be\/essais-de-sol\/services-geotechnical\/compactage\/","name":"Compactage - Sainatech","isPartOf":{"@id":"https:\/\/sainatech.be\/#website"},"primaryImageOfPage":{"@id":"https:\/\/sainatech.be\/essais-de-sol\/services-geotechnical\/compactage\/#primaryimage"},"image":{"@id":"https:\/\/sainatech.be\/essais-de-sol\/services-geotechnical\/compactage\/#primaryimage"},"thumbnailUrl":"https:\/\/sainatech.be\/wp-content\/uploads\/2022\/10\/WhatsApp-Image-2022-10-16-at-10.59.39.jpeg","datePublished":"2022-08-11T08:50:25+00:00","dateModified":"2023-07-28T13:22:15+00:00","description":"Sainatech d\u00e9tecte les cavit\u00e9s souterraines et assure la stabilit\u00e9 des fondations dans le sous-sol wallon \u00e0 risque karstique.","breadcrumb":{"@id":"https:\/\/sainatech.be\/essais-de-sol\/services-geotechnical\/compactage\/#breadcrumb"},"inLanguage":"nl-BE","potentialAction":[{"@type":"ReadAction","target":["https:\/\/sainatech.be\/essais-de-sol\/services-geotechnical\/compactage\/"]}]},{"@type":"ImageObject","inLanguage":"nl-BE","@id":"https:\/\/sainatech.be\/essais-de-sol\/services-geotechnical\/compactage\/#primaryimage","url":"https:\/\/sainatech.be\/wp-content\/uploads\/2022\/10\/WhatsApp-Image-2022-10-16-at-10.59.39.jpeg","contentUrl":"https:\/\/sainatech.be\/wp-content\/uploads\/2022\/10\/WhatsApp-Image-2022-10-16-at-10.59.39.jpeg","width":876,"height":1177},{"@type":"BreadcrumbList","@id":"https:\/\/sainatech.be\/essais-de-sol\/services-geotechnical\/compactage\/#breadcrumb","itemListElement":[{"@type":"ListItem","position":1,"name":"Accueil","item":"https:\/\/sainatech.be\/"},{"@type":"ListItem","position":2,"name":"Vos ing\u00e9nieurs d&rsquo;\u00e9tude, essai de sol, stabilit\u00e9","item":"https:\/\/sainatech.be\/essais-de-sol\/"},{"@type":"ListItem","position":3,"name":"Services","item":"https:\/\/sainatech.be\/essais-de-sol\/services-geotechnical\/"},{"@type":"ListItem","position":4,"name":"Compactage"}]},{"@type":"WebSite","@id":"https:\/\/sainatech.be\/#website","url":"https:\/\/sainatech.be\/","name":"Sainatech","description":"Sp\u00e9cialiste en essai de sol et en stabilit\u00e9","potentialAction":[{"@type":"SearchAction","target":{"@type":"EntryPoint","urlTemplate":"https:\/\/sainatech.be\/?s={search_term_string}"},"query-input":{"@type":"PropertyValueSpecification","valueRequired":true,"valueName":"search_term_string"}}],"inLanguage":"nl-BE"}]}},"_links":{"self":[{"href":"https:\/\/sainatech.be\/nl\/wp-json\/wp\/v2\/pages\/982","targetHints":{"allow":["GET"]}}],"collection":[{"href":"https:\/\/sainatech.be\/nl\/wp-json\/wp\/v2\/pages"}],"about":[{"href":"https:\/\/sainatech.be\/nl\/wp-json\/wp\/v2\/types\/page"}],"author":[{"embeddable":true,"href":"https:\/\/sainatech.be\/nl\/wp-json\/wp\/v2\/users\/1"}],"replies":[{"embeddable":true,"href":"https:\/\/sainatech.be\/nl\/wp-json\/wp\/v2\/comments?post=982"}],"version-history":[{"count":1,"href":"https:\/\/sainatech.be\/nl\/wp-json\/wp\/v2\/pages\/982\/revisions"}],"predecessor-version":[{"id":983,"href":"https:\/\/sainatech.be\/nl\/wp-json\/wp\/v2\/pages\/982\/revisions\/983"}],"up":[{"embeddable":true,"href":"https:\/\/sainatech.be\/nl\/wp-json\/wp\/v2\/pages\/385"}],"wp:featuredmedia":[{"embeddable":true,"href":"https:\/\/sainatech.be\/nl\/wp-json\/wp\/v2\/media\/1564"}],"wp:attachment":[{"href":"https:\/\/sainatech.be\/nl\/wp-json\/wp\/v2\/media?parent=982"}],"wp:term":[{"taxonomy":"dipi_cpt_category","embeddable":true,"href":"https:\/\/sainatech.be\/nl\/wp-json\/wp\/v2\/dipi_cpt_category?post=982"}],"curies":[{"name":"wp","href":"https:\/\/api.w.org\/{rel}","templated":true}]}}